{"id":664,"date":"2022-09-08T05:18:16","date_gmt":"2022-09-08T12:18:16","guid":{"rendered":"https:\/\/marinpregnancyclinic.org\/embarazada\/"},"modified":"2022-11-08T22:13:55","modified_gmt":"2022-11-09T06:13:55","slug":"embarazada","status":"publish","type":"page","link":"https:\/\/marinpregnancyclinic.org\/es\/embarazada\/","title":{"rendered":"\u00bfEmbarazada?"},"content":{"rendered":"<p>Si has tenido recientemente relaciones sexuales sin protecci\u00f3n (o incluso con protecci\u00f3n) y est\u00e1s esperando ansiosamente que te baje la regla, es posible que est\u00e9s embarazada. Hay muchos m\u00e9todos anticonceptivos, pero ninguno es 100% efectivo. En consecuencia, siempre existe la posibilidad de un embarazo si se ha mantenido una actividad sexual.<\/p>\n<h2>S\u00edntomas de los primeros meses de embarazo<\/h2>\n<p>El retraso o la ausencia de la menstruaci\u00f3n suele ser el primer signo de embarazo, pero tambi\u00e9n hay otros s\u00edntomas. Seg\u00fan la <a href=\"https:\/\/www.mayoclinic.org\/healthy-lifestyle\/getting-pregnant\/in-depth\/symptoms-of-pregnancy\/art-20043853\" target=\"_blank\" rel=\"noopener external noreferrer\" data-wpel-link=\"external\">Cl\u00ednica Mayo<\/a>, estos son algunos de los primeros s\u00edntomas del embarazo.<\/p>\n<ul>\n<li>N\u00e1useas con o sin v\u00f3mitos<\/li>\n<li>Sensibilidad mamaria<\/li>\n<li>Orinar con frecuencia<\/li>\n<li>Sensaci\u00f3n de cansancio<\/li>\n<li>Cambios de humor<\/li>\n<\/ul>\n<p>Tambi\u00e9n hay otras razones m\u00e9dicas para algunos de estos s\u00edntomas. Por ejemplo, las n\u00e1useas y la fatiga pueden ser un signo de gripe. La necesidad frecuente de orinar puede ser un signo de una infecci\u00f3n del tracto urinario, y un desequilibrio hormonal podr\u00eda ser la raz\u00f3n de un cambio en tu ciclo mensual. El mejor punto de partida es una prueba de embarazo.<\/p>\n<h2>Pruebas de embarazo con calidad de laboratorio<\/h2>\n<p>No te sientas abrumada por un posible embarazo inesperado o no planificado. Averigua con certeza si est\u00e1s embarazada y de cu\u00e1nto tiempo est\u00e1s. Vis\u00edtenos para una cita de prueba de embarazo.<\/p>\n<p>Nuestras pruebas de embarazo est\u00e1n aprobadas por el estado (CLIA) y son efectivas hasta una semana antes de la llegada del periodo. La cita inicial para la prueba de embarazo dura entre 15 y 20 minutos. Si la prueba de embarazo es positiva, podemos concertar una cita para que te vea una enfermera y te haga una ecograf\u00eda.<\/p>\n<p>Adem\u00e1s, podemos programar un examen de seguimiento con un m\u00e9dico en nuestra cl\u00ednica.<\/p>\n<h2>Hablemos de sus opciones<\/h2>\n<p>Ahora que has verificado tu embarazo con una prueba de embarazo de calidad de laboratorio y una ecograf\u00eda, es el momento de examinar m\u00e1s detenidamente tus opciones. Puede reunirse con un miembro de nuestro equipo de atenci\u00f3n al paciente y hablar de su situaci\u00f3n. Nos preocupamos por ti y por tu futuro.<\/p>\n<p>Ofrecemos educaci\u00f3n m\u00e9dica basada en la evidencia sobre su embarazo y el aborto. Adem\u00e1s, podemos discutir la posibilidad de ayudarle a hacer un plan de adopci\u00f3n, o apoyarle en la elecci\u00f3n de ser padre. Hay muchos recursos a su disposici\u00f3n.<\/p>\n","protected":false},"excerpt":{"rendered":"<p>Si has tenido recientemente relaciones sexuales sin protecci\u00f3n (o incluso con protecci\u00f3n) y est\u00e1s esperando ansiosamente que te baje la regla, es posible que est\u00e9s embarazada. Hay muchos m\u00e9todos anticonceptivos, pero ninguno es 100% efectivo. En consecuencia, siempre existe la posibilidad de un embarazo si se ha mantenido una actividad sexual. S\u00edntomas de los primeros<\/p>\n","protected":false},"author":2,"featured_media":653,"parent":0,"menu_order":0,"comment_status":"closed","ping_status":"closed","template":"","meta":{"_acf_changed":false,"footnotes":""},"class_list":["post-664","page","type-page","status-publish","has-post-thumbnail","hentry"],"acf":[],"yoast_head":"<!-- This site is optimized with the Yoast SEO plugin v27.4 - https:\/\/yoast.com\/product\/yoast-seo-wordpress\/ -->\n<title>\u00bfEmbarazada? - Marin Pregnancy Clinic<\/title>\n<meta name=\"robots\" content=\"index, follow, max-snippet:-1, max-image-preview:large, max-video-preview:-1\" \/>\n<link rel=\"canonical\" href=\"https:\/\/marinpregnancyclinic.org\/es\/embarazada\/\" \/>\n<meta property=\"og:locale\" content=\"es_ES\" \/>\n<meta property=\"og:type\" content=\"article\" \/>\n<meta property=\"og:title\" content=\"\u00bfEmbarazada? - Marin Pregnancy Clinic\" \/>\n<meta property=\"og:description\" content=\"Si has tenido recientemente relaciones sexuales sin protecci\u00f3n (o incluso con protecci\u00f3n) y est\u00e1s esperando ansiosamente que te baje la regla, es posible que est\u00e9s embarazada. Hay muchos m\u00e9todos anticonceptivos, pero ninguno es 100% efectivo. En consecuencia, siempre existe la posibilidad de un embarazo si se ha mantenido una actividad sexual. S\u00edntomas de los primeros\" \/>\n<meta property=\"og:url\" content=\"https:\/\/marinpregnancyclinic.org\/es\/embarazada\/\" \/>\n<meta property=\"og:site_name\" content=\"Marin Pregnancy Clinic\" \/>\n<meta property=\"article:modified_time\" content=\"2022-11-09T06:13:55+00:00\" \/>\n<meta property=\"og:image\" content=\"https:\/\/marinpregnancyclinic.org\/wp-content\/uploads\/2022\/11\/Girl_inJeans_iStock-1329809653-e1667510380613.jpg\" \/>\n\t<meta property=\"og:image:width\" content=\"1920\" \/>\n\t<meta property=\"og:image:height\" content=\"998\" \/>\n\t<meta property=\"og:image:type\" content=\"image\/jpeg\" \/>\n<meta name=\"twitter:card\" content=\"summary_large_image\" \/>\n<meta name=\"twitter:label1\" content=\"Tiempo de lectura\" \/>\n\t<meta name=\"twitter:data1\" content=\"2 minutos\" \/>\n<!-- \/ Yoast SEO plugin. -->","yoast_head_json":{"title":"\u00bfEmbarazada? - Marin Pregnancy Clinic","robots":{"index":"index","follow":"follow","max-snippet":"max-snippet:-1","max-image-preview":"max-image-preview:large","max-video-preview":"max-video-preview:-1"},"canonical":"https:\/\/marinpregnancyclinic.org\/es\/embarazada\/","og_locale":"es_ES","og_type":"article","og_title":"\u00bfEmbarazada? - Marin Pregnancy Clinic","og_description":"Si has tenido recientemente relaciones sexuales sin protecci\u00f3n (o incluso con protecci\u00f3n) y est\u00e1s esperando ansiosamente que te baje la regla, es posible que est\u00e9s embarazada. Hay muchos m\u00e9todos anticonceptivos, pero ninguno es 100% efectivo. En consecuencia, siempre existe la posibilidad de un embarazo si se ha mantenido una actividad sexual. S\u00edntomas de los primeros","og_url":"https:\/\/marinpregnancyclinic.org\/es\/embarazada\/","og_site_name":"Marin Pregnancy Clinic","article_modified_time":"2022-11-09T06:13:55+00:00","og_image":[{"width":1920,"height":998,"url":"https:\/\/marinpregnancyclinic.org\/wp-content\/uploads\/2022\/11\/Girl_inJeans_iStock-1329809653-e1667510380613.jpg","type":"image\/jpeg"}],"twitter_card":"summary_large_image","twitter_misc":{"Tiempo de lectura":"2 minutos"},"schema":{"@context":"https:\/\/schema.org","@graph":[{"@type":"WebPage","@id":"https:\/\/marinpregnancyclinic.org\/es\/embarazada\/","url":"https:\/\/marinpregnancyclinic.org\/es\/embarazada\/","name":"\u00bfEmbarazada? - Marin Pregnancy Clinic","isPartOf":{"@id":"https:\/\/marinpregnancyclinic.org\/es\/#website"},"primaryImageOfPage":{"@id":"https:\/\/marinpregnancyclinic.org\/es\/embarazada\/#primaryimage"},"image":{"@id":"https:\/\/marinpregnancyclinic.org\/es\/embarazada\/#primaryimage"},"thumbnailUrl":"https:\/\/marinpregnancyclinic.org\/wp-content\/uploads\/2022\/11\/Girl_inJeans_iStock-1329809653-e1667510380613.jpg","datePublished":"2022-09-08T12:18:16+00:00","dateModified":"2022-11-09T06:13:55+00:00","breadcrumb":{"@id":"https:\/\/marinpregnancyclinic.org\/es\/embarazada\/#breadcrumb"},"inLanguage":"es","potentialAction":[{"@type":"ReadAction","target":["https:\/\/marinpregnancyclinic.org\/es\/embarazada\/"]}]},{"@type":"ImageObject","inLanguage":"es","@id":"https:\/\/marinpregnancyclinic.org\/es\/embarazada\/#primaryimage","url":"https:\/\/marinpregnancyclinic.org\/wp-content\/uploads\/2022\/11\/Girl_inJeans_iStock-1329809653-e1667510380613.jpg","contentUrl":"https:\/\/marinpregnancyclinic.org\/wp-content\/uploads\/2022\/11\/Girl_inJeans_iStock-1329809653-e1667510380613.jpg","width":1920,"height":998},{"@type":"BreadcrumbList","@id":"https:\/\/marinpregnancyclinic.org\/es\/embarazada\/#breadcrumb","itemListElement":[{"@type":"ListItem","position":1,"name":"Home","item":"https:\/\/marinpregnancyclinic.org\/es\/"},{"@type":"ListItem","position":2,"name":"\u00bfEmbarazada?"}]},{"@type":"WebSite","@id":"https:\/\/marinpregnancyclinic.org\/es\/#website","url":"https:\/\/marinpregnancyclinic.org\/es\/","name":"Marin Pregnancy Clinic","description":"","potentialAction":[{"@type":"SearchAction","target":{"@type":"EntryPoint","urlTemplate":"https:\/\/marinpregnancyclinic.org\/es\/?s={search_term_string}"},"query-input":{"@type":"PropertyValueSpecification","valueRequired":true,"valueName":"search_term_string"}}],"inLanguage":"es"}]}},"_links":{"self":[{"href":"https:\/\/marinpregnancyclinic.org\/es\/wp-json\/wp\/v2\/pages\/664","targetHints":{"allow":["GET"]}}],"collection":[{"href":"https:\/\/marinpregnancyclinic.org\/es\/wp-json\/wp\/v2\/pages"}],"about":[{"href":"https:\/\/marinpregnancyclinic.org\/es\/wp-json\/wp\/v2\/types\/page"}],"author":[{"embeddable":true,"href":"https:\/\/marinpregnancyclinic.org\/es\/wp-json\/wp\/v2\/users\/2"}],"replies":[{"embeddable":true,"href":"https:\/\/marinpregnancyclinic.org\/es\/wp-json\/wp\/v2\/comments?post=664"}],"version-history":[{"count":0,"href":"https:\/\/marinpregnancyclinic.org\/es\/wp-json\/wp\/v2\/pages\/664\/revisions"}],"wp:featuredmedia":[{"embeddable":true,"href":"https:\/\/marinpregnancyclinic.org\/es\/wp-json\/wp\/v2\/media\/653"}],"wp:attachment":[{"href":"https:\/\/marinpregnancyclinic.org\/es\/wp-json\/wp\/v2\/media?parent=664"}],"curies":[{"name":"wp","href":"https:\/\/api.w.org\/{rel}","templated":true}]}}