{"id":667,"date":"2020-06-05T07:25:10","date_gmt":"2020-06-05T14:25:10","guid":{"rendered":"https:\/\/marinpregnancyclinic.org\/servicios\/apoyo-post-aborto\/"},"modified":"2022-11-08T22:13:55","modified_gmt":"2022-11-09T06:13:55","slug":"apoyo-post-aborto","status":"publish","type":"page","link":"https:\/\/marinpregnancyclinic.org\/es\/servicios\/apoyo-post-aborto\/","title":{"rendered":"Apoyo post-aborto"},"content":{"rendered":"<p>La mayor\u00eda de las mujeres dicen que su primera respuesta despu\u00e9s de un aborto es de alivio. Pero muchas mujeres descubren en d\u00edas, meses o incluso a\u00f1os que su experiencia de aborto les causa graves efectos emocionales secundarios. Si est\u00e1s experimentando problemas emocionales o psicol\u00f3gicos debido a un aborto anterior, queremos que sepas que hay ayuda y potencial de curaci\u00f3n. P\u00f3ngase en contacto con nosotros hoy mismo.<\/p>\n<h2>\u00bfQu\u00e9 es el trauma post-aborto?<\/h2>\n<p>El estr\u00e9s post-aborto es la incapacidad de procesar el estr\u00e9s y las emociones asociadas a la decisi\u00f3n y experiencia del aborto. Estas emociones pueden surgir en cualquier momento de la vida de una persona, a veces desencadenadas por otras circunstancias dolorosas, confusas o abrumadoras.<\/p>\n<p>Esta respuesta psicol\u00f3gica se conoce como estr\u00e9s post-aborto (PAS). Entre los factores que pueden aumentar el riesgo de padecer estr\u00e9s post-aborto se encuentran la edad de la mujer, las circunstancias del aborto, la fase del embarazo en la que se produce y las creencias religiosas de la mujer.<\/p>\n<h3>S\u00edntomas del Trauma Post-Aborto<\/h3>\n<p>Puede experimentar uno o m\u00e1s de los siguientes s\u00edntomas:<\/p>\n<ul>\n<li>Culpa\/repentimiento<\/li>\n<li>Depresi\u00f3n<\/li>\n<li>Experimentar ansiedad o tensi\u00f3n<\/li>\n<li>Pesadillas<\/li>\n<li>Teme que los dem\u00e1s se enteren de su aborto<\/li>\n<li>Incapacidad de perdonarse a s\u00ed mismo<\/li>\n<li>P\u00e9rdida de inter\u00e9s por las cosas que te gustan<\/li>\n<li>Evitar las relaciones \u00edntimas<\/li>\n<li>R\u00e1fagas de llanto<\/li>\n<li>Abuso de drogas y alcohol<\/li>\n<li>Enfado\/rabia<\/li>\n<li>Mantener relaciones poco saludables<\/li>\n<li>Adormecimiento emocional<\/li>\n<li>Pensamientos suicidas<\/li>\n<\/ul>\n<h2>Esperanza y curaci\u00f3n<\/h2>\n<p>Si tiene alguno de los s\u00edntomas anteriores, puede considerar unirse a un grupo de apoyo, reunirse con un terapeuta autorizado o ponerse en contacto con nosotros hoy mismo. Estamos aqu\u00ed para proporcionar apoyo y atenci\u00f3n despu\u00e9s de su experiencia de aborto.<\/p>\n<p>Hay reuniones individuales o en grupo, dependiendo de su nivel de comodidad. Todo es confidencial y, como siempre, nuestra asistencia es gratuita. Su felicidad, salud y bienestar son importantes para nosotros.<\/p>\n<p>Dar voz a tu experiencia de aborto puede cambiar la forma de ver tu decisi\u00f3n y darte el valor para prosperar. Tus emociones forman parte de tu salud y bienestar general, y estamos aqu\u00ed para ayudarte de la forma que mejor te convenga. Ll\u00e1menos para una consulta.<\/p>\n","protected":false},"excerpt":{"rendered":"<p>El trauma post-aborto puede ser real. Los s\u00edntomas de algunas mujeres aparecen inmediatamente, mientras que otras no experimentan el trauma durante a\u00f1os. Si est\u00e1s luchando con las secuelas emocionales y psicol\u00f3gicas de una experiencia de aborto, queremos que sepas que hay esperanza y curaci\u00f3n. P\u00f3ngase en contacto con nosotros para hablar de los tratamientos disponibles.<\/p>\n","protected":false},"author":1,"featured_media":604,"parent":662,"menu_order":4,"comment_status":"closed","ping_status":"closed","template":"","meta":{"_acf_changed":false,"footnotes":""},"class_list":["post-667","page","type-page","status-publish","has-post-thumbnail","hentry"],"acf":[],"yoast_head":"<!-- This site is optimized with the Yoast SEO plugin v27.4 - https:\/\/yoast.com\/product\/yoast-seo-wordpress\/ -->\n<title>Apoyo post-aborto - Marin Pregnancy Clinic<\/title>\n<meta name=\"robots\" content=\"index, follow, max-snippet:-1, max-image-preview:large, max-video-preview:-1\" \/>\n<link rel=\"canonical\" href=\"https:\/\/marinpregnancyclinic.org\/es\/servicios\/apoyo-post-aborto\/\" \/>\n<meta property=\"og:locale\" content=\"es_ES\" \/>\n<meta property=\"og:type\" content=\"article\" \/>\n<meta property=\"og:title\" content=\"Apoyo post-aborto - Marin Pregnancy Clinic\" \/>\n<meta property=\"og:description\" content=\"El trauma post-aborto puede ser real. Los s\u00edntomas de algunas mujeres aparecen inmediatamente, mientras que otras no experimentan el trauma durante a\u00f1os. Si est\u00e1s luchando con las secuelas emocionales y psicol\u00f3gicas de una experiencia de aborto, queremos que sepas que hay esperanza y curaci\u00f3n. P\u00f3ngase en contacto con nosotros para hablar de los tratamientos disponibles.\" \/>\n<meta property=\"og:url\" content=\"https:\/\/marinpregnancyclinic.org\/es\/servicios\/apoyo-post-aborto\/\" \/>\n<meta property=\"og:site_name\" content=\"Marin Pregnancy Clinic\" \/>\n<meta property=\"article:modified_time\" content=\"2022-11-09T06:13:55+00:00\" \/>\n<meta property=\"og:image\" content=\"https:\/\/marinpregnancyclinic.org\/wp-content\/uploads\/2022\/09\/pexels-andrea-piacquadio-3872246.jpg\" \/>\n\t<meta property=\"og:image:width\" content=\"1920\" \/>\n\t<meta property=\"og:image:height\" content=\"1280\" \/>\n\t<meta property=\"og:image:type\" content=\"image\/jpeg\" \/>\n<meta name=\"twitter:card\" content=\"summary_large_image\" \/>\n<meta name=\"twitter:label1\" content=\"Tiempo de lectura\" \/>\n\t<meta name=\"twitter:data1\" content=\"2 minutos\" \/>\n<!-- \/ Yoast SEO plugin. -->","yoast_head_json":{"title":"Apoyo post-aborto - Marin Pregnancy Clinic","robots":{"index":"index","follow":"follow","max-snippet":"max-snippet:-1","max-image-preview":"max-image-preview:large","max-video-preview":"max-video-preview:-1"},"canonical":"https:\/\/marinpregnancyclinic.org\/es\/servicios\/apoyo-post-aborto\/","og_locale":"es_ES","og_type":"article","og_title":"Apoyo post-aborto - Marin Pregnancy Clinic","og_description":"El trauma post-aborto puede ser real. Los s\u00edntomas de algunas mujeres aparecen inmediatamente, mientras que otras no experimentan el trauma durante a\u00f1os. Si est\u00e1s luchando con las secuelas emocionales y psicol\u00f3gicas de una experiencia de aborto, queremos que sepas que hay esperanza y curaci\u00f3n. P\u00f3ngase en contacto con nosotros para hablar de los tratamientos disponibles.","og_url":"https:\/\/marinpregnancyclinic.org\/es\/servicios\/apoyo-post-aborto\/","og_site_name":"Marin Pregnancy Clinic","article_modified_time":"2022-11-09T06:13:55+00:00","og_image":[{"width":1920,"height":1280,"url":"https:\/\/marinpregnancyclinic.org\/wp-content\/uploads\/2022\/09\/pexels-andrea-piacquadio-3872246.jpg","type":"image\/jpeg"}],"twitter_card":"summary_large_image","twitter_misc":{"Tiempo de lectura":"2 minutos"},"schema":{"@context":"https:\/\/schema.org","@graph":[{"@type":"WebPage","@id":"https:\/\/marinpregnancyclinic.org\/es\/servicios\/apoyo-post-aborto\/","url":"https:\/\/marinpregnancyclinic.org\/es\/servicios\/apoyo-post-aborto\/","name":"Apoyo post-aborto - Marin Pregnancy Clinic","isPartOf":{"@id":"https:\/\/marinpregnancyclinic.org\/es\/#website"},"primaryImageOfPage":{"@id":"https:\/\/marinpregnancyclinic.org\/es\/servicios\/apoyo-post-aborto\/#primaryimage"},"image":{"@id":"https:\/\/marinpregnancyclinic.org\/es\/servicios\/apoyo-post-aborto\/#primaryimage"},"thumbnailUrl":"https:\/\/marinpregnancyclinic.org\/wp-content\/uploads\/2022\/09\/pexels-andrea-piacquadio-3872246.jpg","datePublished":"2020-06-05T14:25:10+00:00","dateModified":"2022-11-09T06:13:55+00:00","breadcrumb":{"@id":"https:\/\/marinpregnancyclinic.org\/es\/servicios\/apoyo-post-aborto\/#breadcrumb"},"inLanguage":"es","potentialAction":[{"@type":"ReadAction","target":["https:\/\/marinpregnancyclinic.org\/es\/servicios\/apoyo-post-aborto\/"]}]},{"@type":"ImageObject","inLanguage":"es","@id":"https:\/\/marinpregnancyclinic.org\/es\/servicios\/apoyo-post-aborto\/#primaryimage","url":"https:\/\/marinpregnancyclinic.org\/wp-content\/uploads\/2022\/09\/pexels-andrea-piacquadio-3872246.jpg","contentUrl":"https:\/\/marinpregnancyclinic.org\/wp-content\/uploads\/2022\/09\/pexels-andrea-piacquadio-3872246.jpg","width":1920,"height":1280},{"@type":"BreadcrumbList","@id":"https:\/\/marinpregnancyclinic.org\/es\/servicios\/apoyo-post-aborto\/#breadcrumb","itemListElement":[{"@type":"ListItem","position":1,"name":"Home","item":"https:\/\/marinpregnancyclinic.org\/es\/"},{"@type":"ListItem","position":2,"name":"Servicios","item":"https:\/\/marinpregnancyclinic.org\/es\/servicios\/"},{"@type":"ListItem","position":3,"name":"Apoyo post-aborto"}]},{"@type":"WebSite","@id":"https:\/\/marinpregnancyclinic.org\/es\/#website","url":"https:\/\/marinpregnancyclinic.org\/es\/","name":"Marin Pregnancy Clinic","description":"","potentialAction":[{"@type":"SearchAction","target":{"@type":"EntryPoint","urlTemplate":"https:\/\/marinpregnancyclinic.org\/es\/?s={search_term_string}"},"query-input":{"@type":"PropertyValueSpecification","valueRequired":true,"valueName":"search_term_string"}}],"inLanguage":"es"}]}},"_links":{"self":[{"href":"https:\/\/marinpregnancyclinic.org\/es\/wp-json\/wp\/v2\/pages\/667","targetHints":{"allow":["GET"]}}],"collection":[{"href":"https:\/\/marinpregnancyclinic.org\/es\/wp-json\/wp\/v2\/pages"}],"about":[{"href":"https:\/\/marinpregnancyclinic.org\/es\/wp-json\/wp\/v2\/types\/page"}],"author":[{"embeddable":true,"href":"https:\/\/marinpregnancyclinic.org\/es\/wp-json\/wp\/v2\/users\/1"}],"replies":[{"embeddable":true,"href":"https:\/\/marinpregnancyclinic.org\/es\/wp-json\/wp\/v2\/comments?post=667"}],"version-history":[{"count":0,"href":"https:\/\/marinpregnancyclinic.org\/es\/wp-json\/wp\/v2\/pages\/667\/revisions"}],"up":[{"embeddable":true,"href":"https:\/\/marinpregnancyclinic.org\/es\/wp-json\/wp\/v2\/pages\/662"}],"wp:featuredmedia":[{"embeddable":true,"href":"https:\/\/marinpregnancyclinic.org\/es\/wp-json\/wp\/v2\/media\/604"}],"wp:attachment":[{"href":"https:\/\/marinpregnancyclinic.org\/es\/wp-json\/wp\/v2\/media?parent=667"}],"curies":[{"name":"wp","href":"https:\/\/api.w.org\/{rel}","templated":true}]}}