{"id":671,"date":"2020-02-19T13:38:17","date_gmt":"2020-02-19T21:38:17","guid":{"rendered":"https:\/\/marinpregnancyclinic.org\/contacte-con\/"},"modified":"2022-11-10T02:43:05","modified_gmt":"2022-11-10T10:43:05","slug":"contacte-con","status":"publish","type":"page","link":"https:\/\/marinpregnancyclinic.org\/es\/contacte-con\/","title":{"rendered":"Contacte con"},"content":{"rendered":"\r\n<h2 class=\"wp-block-heading\">ofrecer atenci\u00f3n a la mujer en su totalidad<\/h2>\r\n<p>Debido a que usted y su salud son importantes para nosotros, brindamos excelentes servicios de embarazo y atenci\u00f3n m\u00e9dica. Reciba atenci\u00f3n prenatal, pruebas y tratamiento de ETS, informaci\u00f3n sobre abortos, vacunas contra la gripe, pruebas de tuberculosis, ex\u00e1menes p\u00e9lvicos y m\u00e1s.<\/p>\r\n<p>Estamos aqu\u00ed para ti.<\/p>\r\n","protected":false},"excerpt":{"rendered":"<p>ofrecer atenci\u00f3n a la mujer en su totalidad Debido a que usted y su salud son importantes para nosotros, brindamos excelentes servicios de embarazo y atenci\u00f3n m\u00e9dica. Reciba atenci\u00f3n prenatal, pruebas y tratamiento de ETS, informaci\u00f3n sobre abortos, vacunas contra la gripe, pruebas de tuberculosis, ex\u00e1menes p\u00e9lvicos y m\u00e1s. Estamos aqu\u00ed para ti.<\/p>\n","protected":false},"author":1,"featured_media":619,"parent":0,"menu_order":0,"comment_status":"closed","ping_status":"closed","template":"views\/template-contact.blade.php","meta":{"_acf_changed":false,"footnotes":""},"class_list":["post-671","page","type-page","status-publish","has-post-thumbnail","hentry"],"acf":[],"yoast_head":"<!-- This site is optimized with the Yoast SEO plugin v27.4 - https:\/\/yoast.com\/product\/yoast-seo-wordpress\/ -->\n<title>Contacte con - Marin Pregnancy Clinic<\/title>\n<meta name=\"robots\" content=\"index, follow, max-snippet:-1, max-image-preview:large, max-video-preview:-1\" \/>\n<link rel=\"canonical\" href=\"https:\/\/marinpregnancyclinic.org\/es\/contacte-con\/\" \/>\n<meta property=\"og:locale\" content=\"es_ES\" \/>\n<meta property=\"og:type\" content=\"article\" \/>\n<meta property=\"og:title\" content=\"Contacte con - Marin Pregnancy Clinic\" \/>\n<meta property=\"og:description\" content=\"ofrecer atenci\u00f3n a la mujer en su totalidad Debido a que usted y su salud son importantes para nosotros, brindamos excelentes servicios de embarazo y atenci\u00f3n m\u00e9dica. Reciba atenci\u00f3n prenatal, pruebas y tratamiento de ETS, informaci\u00f3n sobre abortos, vacunas contra la gripe, pruebas de tuberculosis, ex\u00e1menes p\u00e9lvicos y m\u00e1s. Estamos aqu\u00ed para ti.\" \/>\n<meta property=\"og:url\" content=\"https:\/\/marinpregnancyclinic.org\/es\/contacte-con\/\" \/>\n<meta property=\"og:site_name\" content=\"Marin Pregnancy Clinic\" \/>\n<meta property=\"article:modified_time\" content=\"2022-11-10T10:43:05+00:00\" \/>\n<meta property=\"og:image\" content=\"https:\/\/marinpregnancyclinic.org\/wp-content\/uploads\/2022\/10\/shutterstock_1757131478.jpg\" \/>\n\t<meta property=\"og:image:width\" content=\"1920\" \/>\n\t<meta property=\"og:image:height\" content=\"1032\" \/>\n\t<meta property=\"og:image:type\" content=\"image\/jpeg\" \/>\n<meta name=\"twitter:card\" content=\"summary_large_image\" \/>\n<meta name=\"twitter:label1\" content=\"Tiempo de lectura\" \/>\n\t<meta name=\"twitter:data1\" content=\"1 minuto\" \/>\n<!-- \/ Yoast SEO plugin. -->","yoast_head_json":{"title":"Contacte con - Marin Pregnancy Clinic","robots":{"index":"index","follow":"follow","max-snippet":"max-snippet:-1","max-image-preview":"max-image-preview:large","max-video-preview":"max-video-preview:-1"},"canonical":"https:\/\/marinpregnancyclinic.org\/es\/contacte-con\/","og_locale":"es_ES","og_type":"article","og_title":"Contacte con - Marin Pregnancy Clinic","og_description":"ofrecer atenci\u00f3n a la mujer en su totalidad Debido a que usted y su salud son importantes para nosotros, brindamos excelentes servicios de embarazo y atenci\u00f3n m\u00e9dica. Reciba atenci\u00f3n prenatal, pruebas y tratamiento de ETS, informaci\u00f3n sobre abortos, vacunas contra la gripe, pruebas de tuberculosis, ex\u00e1menes p\u00e9lvicos y m\u00e1s. Estamos aqu\u00ed para ti.","og_url":"https:\/\/marinpregnancyclinic.org\/es\/contacte-con\/","og_site_name":"Marin Pregnancy Clinic","article_modified_time":"2022-11-10T10:43:05+00:00","og_image":[{"width":1920,"height":1032,"url":"https:\/\/marinpregnancyclinic.org\/wp-content\/uploads\/2022\/10\/shutterstock_1757131478.jpg","type":"image\/jpeg"}],"twitter_card":"summary_large_image","twitter_misc":{"Tiempo de lectura":"1 minuto"},"schema":{"@context":"https:\/\/schema.org","@graph":[{"@type":"WebPage","@id":"https:\/\/marinpregnancyclinic.org\/es\/contacte-con\/","url":"https:\/\/marinpregnancyclinic.org\/es\/contacte-con\/","name":"Contacte con - Marin Pregnancy Clinic","isPartOf":{"@id":"https:\/\/marinpregnancyclinic.org\/es\/#website"},"primaryImageOfPage":{"@id":"https:\/\/marinpregnancyclinic.org\/es\/contacte-con\/#primaryimage"},"image":{"@id":"https:\/\/marinpregnancyclinic.org\/es\/contacte-con\/#primaryimage"},"thumbnailUrl":"https:\/\/marinpregnancyclinic.org\/wp-content\/uploads\/2022\/10\/shutterstock_1757131478.jpg","datePublished":"2020-02-19T21:38:17+00:00","dateModified":"2022-11-10T10:43:05+00:00","breadcrumb":{"@id":"https:\/\/marinpregnancyclinic.org\/es\/contacte-con\/#breadcrumb"},"inLanguage":"es","potentialAction":[{"@type":"ReadAction","target":["https:\/\/marinpregnancyclinic.org\/es\/contacte-con\/"]}]},{"@type":"ImageObject","inLanguage":"es","@id":"https:\/\/marinpregnancyclinic.org\/es\/contacte-con\/#primaryimage","url":"https:\/\/marinpregnancyclinic.org\/wp-content\/uploads\/2022\/10\/shutterstock_1757131478.jpg","contentUrl":"https:\/\/marinpregnancyclinic.org\/wp-content\/uploads\/2022\/10\/shutterstock_1757131478.jpg","width":1920,"height":1032},{"@type":"BreadcrumbList","@id":"https:\/\/marinpregnancyclinic.org\/es\/contacte-con\/#breadcrumb","itemListElement":[{"@type":"ListItem","position":1,"name":"Home","item":"https:\/\/marinpregnancyclinic.org\/es\/"},{"@type":"ListItem","position":2,"name":"Contacte con"}]},{"@type":"WebSite","@id":"https:\/\/marinpregnancyclinic.org\/es\/#website","url":"https:\/\/marinpregnancyclinic.org\/es\/","name":"Marin Pregnancy Clinic","description":"","potentialAction":[{"@type":"SearchAction","target":{"@type":"EntryPoint","urlTemplate":"https:\/\/marinpregnancyclinic.org\/es\/?s={search_term_string}"},"query-input":{"@type":"PropertyValueSpecification","valueRequired":true,"valueName":"search_term_string"}}],"inLanguage":"es"}]}},"_links":{"self":[{"href":"https:\/\/marinpregnancyclinic.org\/es\/wp-json\/wp\/v2\/pages\/671","targetHints":{"allow":["GET"]}}],"collection":[{"href":"https:\/\/marinpregnancyclinic.org\/es\/wp-json\/wp\/v2\/pages"}],"about":[{"href":"https:\/\/marinpregnancyclinic.org\/es\/wp-json\/wp\/v2\/types\/page"}],"author":[{"embeddable":true,"href":"https:\/\/marinpregnancyclinic.org\/es\/wp-json\/wp\/v2\/users\/1"}],"replies":[{"embeddable":true,"href":"https:\/\/marinpregnancyclinic.org\/es\/wp-json\/wp\/v2\/comments?post=671"}],"version-history":[{"count":0,"href":"https:\/\/marinpregnancyclinic.org\/es\/wp-json\/wp\/v2\/pages\/671\/revisions"}],"wp:featuredmedia":[{"embeddable":true,"href":"https:\/\/marinpregnancyclinic.org\/es\/wp-json\/wp\/v2\/media\/619"}],"wp:attachment":[{"href":"https:\/\/marinpregnancyclinic.org\/es\/wp-json\/wp\/v2\/media?parent=671"}],"curies":[{"name":"wp","href":"https:\/\/api.w.org\/{rel}","templated":true}]}}