{"id":674,"date":"2020-06-05T07:23:49","date_gmt":"2020-06-05T14:23:49","guid":{"rendered":"https:\/\/marinpregnancyclinic.org\/servicios\/ultrasonidos\/"},"modified":"2025-08-07T04:25:30","modified_gmt":"2025-08-07T11:25:30","slug":"ultrasonidos","status":"publish","type":"page","link":"https:\/\/marinpregnancyclinic.org\/es\/servicios\/ultrasonidos\/","title":{"rendered":"Ultrasonidos"},"content":{"rendered":"<p>Si la <a href=\"https:\/\/marinpregnancyclinic.org\/es\/servicios\/pruebas-de-embarazo\/\" target=\"_blank\" rel=\"noopener\" data-wpel-link=\"internal\">prueba de embarazo<\/a> es positiva, el siguiente paso es hacerse una ecograf\u00eda. Ofrecemos la confirmaci\u00f3n del embarazo mediante ecograf\u00eda obst\u00e9trica sin coste alguno.<\/p>\n<h2>\u00bfQu\u00e9 es una ecograf\u00eda?<\/h2>\n<p>La ecograf\u00eda es un m\u00e9todo de imagen que utiliza ondas sonoras para crear im\u00e1genes en tiempo real desde el interior del cuerpo. Nuestra experimentada ecografista puede comentar con usted los resultados de la ecograf\u00eda.<\/p>\n<h2>\u00bfPor qu\u00e9 necesito una ecograf\u00eda?<\/h2>\n<p>En Marin Pregnancy Clinic, una ecograf\u00eda puede proporcionar la informaci\u00f3n necesaria para confirmar que un embarazo est\u00e1 progresando como se esperaba. Un ultrasonido muestra:<\/p>\n<ul>\n<li>La viabilidad del embarazo basada en un latido detectable<\/li>\n<li>El grado de avance de su embarazo (la edad gestacional)<\/li>\n<li>Si el embarazo est\u00e1 en el lugar correcto. Un embarazo ect\u00f3pico es cuando el \u00f3vulo fecundado se ha implantado fuera del \u00fatero, y esto podr\u00eda ser peligroso para tu salud<\/li>\n<\/ul>\n<h2>Los abortos espont\u00e1neos son posibles<\/h2>\n<p>Seg\u00fan la <a href=\"https:\/\/www.mayoclinic.org\/diseases-conditions\/pregnancy-loss-miscarriage\/symptoms-causes\/syc-20354298\" target=\"_blank\" rel=\"noopener external noreferrer\" data-wpel-link=\"external\">Cl\u00ednica Mayo<\/a>, hasta el 20% de los embarazos conocidos terminan en un aborto natural. El porcentaje podr\u00eda ser mayor porque muchas mujeres abortan antes de darse cuenta de que est\u00e1n embarazadas.<\/p>\n<p>Es posible obtener un resultado positivo en una prueba de embarazo y no estar ya embarazada debido a un aborto reciente. Una prueba de embarazo puede seguir detectando las hormonas del embarazo en el cuerpo de la mujer.<\/p>\n<h2>\u00bfPor qu\u00e9 es importante saber el estado de mi embarazo?<\/h2>\n<p>Si est\u00e1s considerando la posibilidad de <a href=\"https:\/\/marinpregnancyclinic.org\/es\/opciones\/aborto\/\" target=\"_blank\" rel=\"noopener\" data-wpel-link=\"internal\">abortar<\/a>, el tipo espec\u00edfico de procedimiento de aborto se recomienda en funci\u00f3n de tu estado de salud. El m\u00e9todo de la p\u00edldora abortiva, tambi\u00e9n conocido como aborto m\u00e9dico, est\u00e1 permitido hasta los 70 d\u00edas (10 semanas) de gestaci\u00f3n.<\/p>\n<p>Despu\u00e9s de 70 d\u00edas, el proveedor de abortos puede recomendar un aborto quir\u00fargico.<\/p>\n<h2>Programe una cita sin coste alguno<\/h2>\n<p>En Marin Pregnancy Clinic, recibir\u00e1 la informaci\u00f3n objetiva que necesita sobre el embarazo, la atenci\u00f3n prenatal, la salud sexual, el aborto y otros temas de salud. Programe una cita para reunirse con un miembro de nuestro equipo m\u00e9dico. Esta cita es gratuita y no hay obligaci\u00f3n de continuar con su atenci\u00f3n prenatal en nuestra cl\u00ednica. Nos preocupamos por su salud y sus necesidades individuales.<\/p>\n","protected":false},"excerpt":{"rendered":"<p>Una ecograf\u00eda es valiosa independientemente de cu\u00e1les sean tus intenciones para tu embarazo inesperado o no planificado. Una ecograf\u00eda puede datar el embarazo, indicar si es viable (progresa) y mostrar la localizaci\u00f3n del mismo. Tambi\u00e9n puede informarte si has tenido un aborto espont\u00e1neo. Una ecograf\u00eda puede proporcionarle la informaci\u00f3n que necesita para seguir adelante.<\/p>\n","protected":false},"author":1,"featured_media":636,"parent":662,"menu_order":2,"comment_status":"closed","ping_status":"closed","template":"","meta":{"_acf_changed":false,"footnotes":""},"class_list":["post-674","page","type-page","status-publish","has-post-thumbnail","hentry"],"acf":[],"yoast_head":"<!-- This site is optimized with the Yoast SEO plugin v27.4 - https:\/\/yoast.com\/product\/yoast-seo-wordpress\/ -->\n<title>Ultrasonidos - Marin Pregnancy Clinic<\/title>\n<meta name=\"robots\" content=\"index, follow, max-snippet:-1, max-image-preview:large, max-video-preview:-1\" \/>\n<link rel=\"canonical\" href=\"https:\/\/marinpregnancyclinic.org\/es\/servicios\/ultrasonidos\/\" \/>\n<meta property=\"og:locale\" content=\"es_ES\" \/>\n<meta property=\"og:type\" content=\"article\" \/>\n<meta property=\"og:title\" content=\"Ultrasonidos - Marin Pregnancy Clinic\" \/>\n<meta property=\"og:description\" content=\"Una ecograf\u00eda es valiosa independientemente de cu\u00e1les sean tus intenciones para tu embarazo inesperado o no planificado. Una ecograf\u00eda puede datar el embarazo, indicar si es viable (progresa) y mostrar la localizaci\u00f3n del mismo. Tambi\u00e9n puede informarte si has tenido un aborto espont\u00e1neo. Una ecograf\u00eda puede proporcionarle la informaci\u00f3n que necesita para seguir adelante.\" \/>\n<meta property=\"og:url\" content=\"https:\/\/marinpregnancyclinic.org\/es\/servicios\/ultrasonidos\/\" \/>\n<meta property=\"og:site_name\" content=\"Marin Pregnancy Clinic\" \/>\n<meta property=\"article:modified_time\" content=\"2025-08-07T11:25:30+00:00\" \/>\n<meta property=\"og:image\" content=\"https:\/\/marinpregnancyclinic.org\/wp-content\/uploads\/2022\/10\/shutterstock_1415428904.jpg\" \/>\n\t<meta property=\"og:image:width\" content=\"1920\" \/>\n\t<meta property=\"og:image:height\" content=\"726\" \/>\n\t<meta property=\"og:image:type\" content=\"image\/jpeg\" \/>\n<meta name=\"twitter:card\" content=\"summary_large_image\" \/>\n<meta name=\"twitter:label1\" content=\"Tiempo de lectura\" \/>\n\t<meta name=\"twitter:data1\" content=\"2 minutos\" \/>\n<!-- \/ Yoast SEO plugin. -->","yoast_head_json":{"title":"Ultrasonidos - Marin Pregnancy Clinic","robots":{"index":"index","follow":"follow","max-snippet":"max-snippet:-1","max-image-preview":"max-image-preview:large","max-video-preview":"max-video-preview:-1"},"canonical":"https:\/\/marinpregnancyclinic.org\/es\/servicios\/ultrasonidos\/","og_locale":"es_ES","og_type":"article","og_title":"Ultrasonidos - Marin Pregnancy Clinic","og_description":"Una ecograf\u00eda es valiosa independientemente de cu\u00e1les sean tus intenciones para tu embarazo inesperado o no planificado. Una ecograf\u00eda puede datar el embarazo, indicar si es viable (progresa) y mostrar la localizaci\u00f3n del mismo. Tambi\u00e9n puede informarte si has tenido un aborto espont\u00e1neo. Una ecograf\u00eda puede proporcionarle la informaci\u00f3n que necesita para seguir adelante.","og_url":"https:\/\/marinpregnancyclinic.org\/es\/servicios\/ultrasonidos\/","og_site_name":"Marin Pregnancy Clinic","article_modified_time":"2025-08-07T11:25:30+00:00","og_image":[{"width":1920,"height":726,"url":"https:\/\/marinpregnancyclinic.org\/wp-content\/uploads\/2022\/10\/shutterstock_1415428904.jpg","type":"image\/jpeg"}],"twitter_card":"summary_large_image","twitter_misc":{"Tiempo de lectura":"2 minutos"},"schema":{"@context":"https:\/\/schema.org","@graph":[{"@type":"WebPage","@id":"https:\/\/marinpregnancyclinic.org\/es\/servicios\/ultrasonidos\/","url":"https:\/\/marinpregnancyclinic.org\/es\/servicios\/ultrasonidos\/","name":"Ultrasonidos - Marin Pregnancy Clinic","isPartOf":{"@id":"https:\/\/marinpregnancyclinic.org\/es\/#website"},"primaryImageOfPage":{"@id":"https:\/\/marinpregnancyclinic.org\/es\/servicios\/ultrasonidos\/#primaryimage"},"image":{"@id":"https:\/\/marinpregnancyclinic.org\/es\/servicios\/ultrasonidos\/#primaryimage"},"thumbnailUrl":"https:\/\/marinpregnancyclinic.org\/wp-content\/uploads\/2022\/10\/shutterstock_1415428904.jpg","datePublished":"2020-06-05T14:23:49+00:00","dateModified":"2025-08-07T11:25:30+00:00","breadcrumb":{"@id":"https:\/\/marinpregnancyclinic.org\/es\/servicios\/ultrasonidos\/#breadcrumb"},"inLanguage":"es","potentialAction":[{"@type":"ReadAction","target":["https:\/\/marinpregnancyclinic.org\/es\/servicios\/ultrasonidos\/"]}]},{"@type":"ImageObject","inLanguage":"es","@id":"https:\/\/marinpregnancyclinic.org\/es\/servicios\/ultrasonidos\/#primaryimage","url":"https:\/\/marinpregnancyclinic.org\/wp-content\/uploads\/2022\/10\/shutterstock_1415428904.jpg","contentUrl":"https:\/\/marinpregnancyclinic.org\/wp-content\/uploads\/2022\/10\/shutterstock_1415428904.jpg","width":1920,"height":726},{"@type":"BreadcrumbList","@id":"https:\/\/marinpregnancyclinic.org\/es\/servicios\/ultrasonidos\/#breadcrumb","itemListElement":[{"@type":"ListItem","position":1,"name":"Home","item":"https:\/\/marinpregnancyclinic.org\/es\/"},{"@type":"ListItem","position":2,"name":"Servicios","item":"https:\/\/marinpregnancyclinic.org\/es\/servicios\/"},{"@type":"ListItem","position":3,"name":"Ultrasonidos"}]},{"@type":"WebSite","@id":"https:\/\/marinpregnancyclinic.org\/es\/#website","url":"https:\/\/marinpregnancyclinic.org\/es\/","name":"Marin Pregnancy Clinic","description":"","potentialAction":[{"@type":"SearchAction","target":{"@type":"EntryPoint","urlTemplate":"https:\/\/marinpregnancyclinic.org\/es\/?s={search_term_string}"},"query-input":{"@type":"PropertyValueSpecification","valueRequired":true,"valueName":"search_term_string"}}],"inLanguage":"es"}]}},"_links":{"self":[{"href":"https:\/\/marinpregnancyclinic.org\/es\/wp-json\/wp\/v2\/pages\/674","targetHints":{"allow":["GET"]}}],"collection":[{"href":"https:\/\/marinpregnancyclinic.org\/es\/wp-json\/wp\/v2\/pages"}],"about":[{"href":"https:\/\/marinpregnancyclinic.org\/es\/wp-json\/wp\/v2\/types\/page"}],"author":[{"embeddable":true,"href":"https:\/\/marinpregnancyclinic.org\/es\/wp-json\/wp\/v2\/users\/1"}],"replies":[{"embeddable":true,"href":"https:\/\/marinpregnancyclinic.org\/es\/wp-json\/wp\/v2\/comments?post=674"}],"version-history":[{"count":0,"href":"https:\/\/marinpregnancyclinic.org\/es\/wp-json\/wp\/v2\/pages\/674\/revisions"}],"up":[{"embeddable":true,"href":"https:\/\/marinpregnancyclinic.org\/es\/wp-json\/wp\/v2\/pages\/662"}],"wp:featuredmedia":[{"embeddable":true,"href":"https:\/\/marinpregnancyclinic.org\/es\/wp-json\/wp\/v2\/media\/636"}],"wp:attachment":[{"href":"https:\/\/marinpregnancyclinic.org\/es\/wp-json\/wp\/v2\/media?parent=674"}],"curies":[{"name":"wp","href":"https:\/\/api.w.org\/{rel}","templated":true}]}}