{"id":676,"date":"2020-06-05T07:23:27","date_gmt":"2020-06-05T14:23:27","guid":{"rendered":"https:\/\/marinpregnancyclinic.org\/servicios\/pruebas-de-embarazo\/"},"modified":"2024-09-15T14:07:45","modified_gmt":"2024-09-15T21:07:45","slug":"pruebas-de-embarazo","status":"publish","type":"page","link":"https:\/\/marinpregnancyclinic.org\/es\/servicios\/pruebas-de-embarazo\/","title":{"rendered":"Pruebas de embarazo"},"content":{"rendered":"&#13;\n<div class=\"\" data-block=\"true\" data-editor=\"ftibb\" data-offset-key=\"bvmvn-0-0\">&#13;\n<div class=\"public-DraftStyleDefault-block public-DraftStyleDefault-ltr\" data-offset-key=\"bvmvn-0-0\"><span data-offset-key=\"bvmvn-0-0\">Your period is late, and you&#8217;re not feeling so great. Do you think you&#8217;re pregnant? Now&#8217;s the time to find out. Come to Marin Pregnancy Clinic for a lab-quality urine pregnancy testing appointment. We use state-approved (CLIA &#8211; Clinical Laboratory Improvement Amendments) and highly sensitive tests.<\/span><\/div>&#13;\n<\/div>&#13;\n<div data-offset-key=\"bvmvn-0-0\">\u00a0<\/div>&#13;\n<h2 data-offset-key=\"bvmvn-0-0\">lab-quality Pregnancy Tests<\/h2>&#13;\n<div class=\"\" data-block=\"true\" data-editor=\"ftibb\" data-offset-key=\"c5q5q-0-0\">&#13;\n<div class=\"public-DraftStyleDefault-block public-DraftStyleDefault-ltr\" data-offset-key=\"c5q5q-0-0\"><span data-offset-key=\"c5q5q-0-0\">Pregnancy tests detect a pregnancy hormone called human chorionic gonadotropin (hCG) in your urine. This hormone is only found in urine if a woman is pregnant or recently miscarried.\u00a0<\/span><\/div>&#13;\n<div class=\"public-DraftStyleDefault-block public-DraftStyleDefault-ltr\" data-offset-key=\"c5q5q-0-0\"><span data-offset-key=\"c5q5q-0-0\">\u00a0<\/span><\/div>&#13;\n<\/div>&#13;\n<div class=\"\" data-block=\"true\" data-editor=\"ftibb\" data-offset-key=\"23qto-0-0\">&#13;\n<div class=\"public-DraftStyleDefault-block public-DraftStyleDefault-ltr\" data-offset-key=\"23qto-0-0\">Schedule an appointment to take a pregnancy test and meet with a nurse to discuss your health history. The test only takes about 15 to 20 minutes, and you&#8217;ll have the results immediately.<\/div>&#13;\n<\/div>&#13;\n<div data-offset-key=\"23qto-0-0\">\u00a0<\/div>&#13;\n<div data-offset-key=\"23qto-0-0\">Text us at <a href=\"tel:4158920558\" data-wpel-link=\"internal\">415-892-0558<\/a> or call <a href=\"tel:4158920558\" data-wpel-link=\"internal\">415-892-0558<\/a> to schedule an appointment.\u00a0<\/div>&#13;\n<div data-offset-key=\"23qto-0-0\">\u00a0<\/div>&#13;\n<h2 data-offset-key=\"23qto-0-0\">Can I Take A Home Pregnancy Test?<\/h2>&#13;\n<p>Las pruebas de embarazo caseras son fiables, pero hay que elegir la prueba adecuada para realizarla en un momento determinado. Algunas pruebas de embarazo caseras son m\u00e1s sensibles que otras, por lo que es esencial seleccionar la prueba correcta.  <\/p>&#13;\n<p>Si ya te has hecho una prueba de embarazo casera, puedes hacer un seguimiento con una de nuestras pruebas de calidad de laboratorio. Nuestro personal le ayudar\u00e1 a realizar la prueba para que obtenga los resultados m\u00e1s precisos.  <\/p>&#13;\n<h2>What If The Test Is Positive?<\/h2>&#13;\n<p>Descubrir un embarazo inesperado puede ser abrumador y a veces aterrador. Si recibe un resultado positivo de una de nuestras pruebas de embarazo, podemos concertar una cita con una enfermera. A continuaci\u00f3n, le citaremos para una ecograf\u00eda de seguimiento.<\/p>&#13;\n<p>Una prueba de embarazo positiva indica la posibilidad de embarazo. Necesitas una ecograf\u00eda para confirmar si tu embarazo es viable (crece con un latido detectable). S\u00f3lo una ecograf\u00eda revela el grado de avance del embarazo, si es viable y si est\u00e1 situado en el lugar correcto del \u00fatero.<\/p>&#13;\n<p>Nuestro personal m\u00e9dico profesional puede informarle y responder a sus preguntas sobre el embarazo, el aborto, las infecciones de transmisi\u00f3n sexual y otras cuestiones de salud relacionadas.  <\/p>&#13;\n","protected":false},"excerpt":{"rendered":"<p>Una prueba de embarazo es uno de los primeros pasos para determinar si est\u00e1s embarazada. Ofrecemos citas para pruebas de orina con calidad de laboratorio. Nuestras pruebas est\u00e1n aprobadas por el estado (CLIA) y son efectivas hasta una semana antes de la fecha de vencimiento del periodo. Incluso si ya te has hecho una prueba casera, sigue con una prueba de embarazo nuestra.<\/p>\n","protected":false},"author":1,"featured_media":616,"parent":662,"menu_order":1,"comment_status":"closed","ping_status":"closed","template":"","meta":{"_acf_changed":false,"footnotes":""},"class_list":["post-676","page","type-page","status-publish","has-post-thumbnail","hentry"],"acf":[],"yoast_head":"<!-- This site is optimized with the Yoast SEO plugin v27.4 - https:\/\/yoast.com\/product\/yoast-seo-wordpress\/ -->\n<title>Pruebas de embarazo - Marin Pregnancy Clinic<\/title>\n<meta name=\"robots\" content=\"index, follow, max-snippet:-1, max-image-preview:large, max-video-preview:-1\" \/>\n<link rel=\"canonical\" href=\"https:\/\/marinpregnancyclinic.org\/es\/servicios\/pruebas-de-embarazo\/\" \/>\n<meta property=\"og:locale\" content=\"es_ES\" \/>\n<meta property=\"og:type\" content=\"article\" \/>\n<meta property=\"og:title\" content=\"Pruebas de embarazo - Marin Pregnancy Clinic\" \/>\n<meta property=\"og:description\" content=\"Una prueba de embarazo es uno de los primeros pasos para determinar si est\u00e1s embarazada. Ofrecemos citas para pruebas de orina con calidad de laboratorio. Nuestras pruebas est\u00e1n aprobadas por el estado (CLIA) y son efectivas hasta una semana antes de la fecha de vencimiento del periodo. Incluso si ya te has hecho una prueba casera, sigue con una prueba de embarazo nuestra.\" \/>\n<meta property=\"og:url\" content=\"https:\/\/marinpregnancyclinic.org\/es\/servicios\/pruebas-de-embarazo\/\" \/>\n<meta property=\"og:site_name\" content=\"Marin Pregnancy Clinic\" \/>\n<meta property=\"article:modified_time\" content=\"2024-09-15T21:07:45+00:00\" \/>\n<meta property=\"og:image\" content=\"https:\/\/marinpregnancyclinic.org\/wp-content\/uploads\/2022\/09\/shutterstock_2141219363-cropped-e1664394403757.jpg\" \/>\n\t<meta property=\"og:image:width\" content=\"1920\" \/>\n\t<meta property=\"og:image:height\" content=\"1180\" \/>\n\t<meta property=\"og:image:type\" content=\"image\/jpeg\" \/>\n<meta name=\"twitter:card\" content=\"summary_large_image\" \/>\n<meta name=\"twitter:label1\" content=\"Tiempo de lectura\" \/>\n\t<meta name=\"twitter:data1\" content=\"2 minutos\" \/>\n<!-- \/ Yoast SEO plugin. -->","yoast_head_json":{"title":"Pruebas de embarazo - Marin Pregnancy Clinic","robots":{"index":"index","follow":"follow","max-snippet":"max-snippet:-1","max-image-preview":"max-image-preview:large","max-video-preview":"max-video-preview:-1"},"canonical":"https:\/\/marinpregnancyclinic.org\/es\/servicios\/pruebas-de-embarazo\/","og_locale":"es_ES","og_type":"article","og_title":"Pruebas de embarazo - Marin Pregnancy Clinic","og_description":"Una prueba de embarazo es uno de los primeros pasos para determinar si est\u00e1s embarazada. Ofrecemos citas para pruebas de orina con calidad de laboratorio. Nuestras pruebas est\u00e1n aprobadas por el estado (CLIA) y son efectivas hasta una semana antes de la fecha de vencimiento del periodo. Incluso si ya te has hecho una prueba casera, sigue con una prueba de embarazo nuestra.","og_url":"https:\/\/marinpregnancyclinic.org\/es\/servicios\/pruebas-de-embarazo\/","og_site_name":"Marin Pregnancy Clinic","article_modified_time":"2024-09-15T21:07:45+00:00","og_image":[{"width":1920,"height":1180,"url":"https:\/\/marinpregnancyclinic.org\/wp-content\/uploads\/2022\/09\/shutterstock_2141219363-cropped-e1664394403757.jpg","type":"image\/jpeg"}],"twitter_card":"summary_large_image","twitter_misc":{"Tiempo de lectura":"2 minutos"},"schema":{"@context":"https:\/\/schema.org","@graph":[{"@type":"WebPage","@id":"https:\/\/marinpregnancyclinic.org\/es\/servicios\/pruebas-de-embarazo\/","url":"https:\/\/marinpregnancyclinic.org\/es\/servicios\/pruebas-de-embarazo\/","name":"Pruebas de embarazo - Marin Pregnancy Clinic","isPartOf":{"@id":"https:\/\/marinpregnancyclinic.org\/es\/#website"},"primaryImageOfPage":{"@id":"https:\/\/marinpregnancyclinic.org\/es\/servicios\/pruebas-de-embarazo\/#primaryimage"},"image":{"@id":"https:\/\/marinpregnancyclinic.org\/es\/servicios\/pruebas-de-embarazo\/#primaryimage"},"thumbnailUrl":"https:\/\/marinpregnancyclinic.org\/wp-content\/uploads\/2022\/09\/shutterstock_2141219363-cropped-e1664394403757.jpg","datePublished":"2020-06-05T14:23:27+00:00","dateModified":"2024-09-15T21:07:45+00:00","breadcrumb":{"@id":"https:\/\/marinpregnancyclinic.org\/es\/servicios\/pruebas-de-embarazo\/#breadcrumb"},"inLanguage":"es","potentialAction":[{"@type":"ReadAction","target":["https:\/\/marinpregnancyclinic.org\/es\/servicios\/pruebas-de-embarazo\/"]}]},{"@type":"ImageObject","inLanguage":"es","@id":"https:\/\/marinpregnancyclinic.org\/es\/servicios\/pruebas-de-embarazo\/#primaryimage","url":"https:\/\/marinpregnancyclinic.org\/wp-content\/uploads\/2022\/09\/shutterstock_2141219363-cropped-e1664394403757.jpg","contentUrl":"https:\/\/marinpregnancyclinic.org\/wp-content\/uploads\/2022\/09\/shutterstock_2141219363-cropped-e1664394403757.jpg","width":1920,"height":1180},{"@type":"BreadcrumbList","@id":"https:\/\/marinpregnancyclinic.org\/es\/servicios\/pruebas-de-embarazo\/#breadcrumb","itemListElement":[{"@type":"ListItem","position":1,"name":"Home","item":"https:\/\/marinpregnancyclinic.org\/es\/"},{"@type":"ListItem","position":2,"name":"Servicios","item":"https:\/\/marinpregnancyclinic.org\/es\/servicios\/"},{"@type":"ListItem","position":3,"name":"Pruebas de embarazo"}]},{"@type":"WebSite","@id":"https:\/\/marinpregnancyclinic.org\/es\/#website","url":"https:\/\/marinpregnancyclinic.org\/es\/","name":"Marin Pregnancy Clinic","description":"","potentialAction":[{"@type":"SearchAction","target":{"@type":"EntryPoint","urlTemplate":"https:\/\/marinpregnancyclinic.org\/es\/?s={search_term_string}"},"query-input":{"@type":"PropertyValueSpecification","valueRequired":true,"valueName":"search_term_string"}}],"inLanguage":"es"}]}},"_links":{"self":[{"href":"https:\/\/marinpregnancyclinic.org\/es\/wp-json\/wp\/v2\/pages\/676","targetHints":{"allow":["GET"]}}],"collection":[{"href":"https:\/\/marinpregnancyclinic.org\/es\/wp-json\/wp\/v2\/pages"}],"about":[{"href":"https:\/\/marinpregnancyclinic.org\/es\/wp-json\/wp\/v2\/types\/page"}],"author":[{"embeddable":true,"href":"https:\/\/marinpregnancyclinic.org\/es\/wp-json\/wp\/v2\/users\/1"}],"replies":[{"embeddable":true,"href":"https:\/\/marinpregnancyclinic.org\/es\/wp-json\/wp\/v2\/comments?post=676"}],"version-history":[{"count":0,"href":"https:\/\/marinpregnancyclinic.org\/es\/wp-json\/wp\/v2\/pages\/676\/revisions"}],"up":[{"embeddable":true,"href":"https:\/\/marinpregnancyclinic.org\/es\/wp-json\/wp\/v2\/pages\/662"}],"wp:featuredmedia":[{"embeddable":true,"href":"https:\/\/marinpregnancyclinic.org\/es\/wp-json\/wp\/v2\/media\/616"}],"wp:attachment":[{"href":"https:\/\/marinpregnancyclinic.org\/es\/wp-json\/wp\/v2\/media?parent=676"}],"curies":[{"name":"wp","href":"https:\/\/api.w.org\/{rel}","templated":true}]}}