{"id":677,"date":"2022-10-06T21:04:28","date_gmt":"2022-10-07T04:04:28","guid":{"rendered":"https:\/\/marinpregnancyclinic.org\/acerca-de\/"},"modified":"2026-04-14T13:24:23","modified_gmt":"2026-04-14T20:24:23","slug":"acerca-de","status":"publish","type":"page","link":"https:\/\/marinpregnancyclinic.org\/es\/acerca-de\/","title":{"rendered":"Acerca de"},"content":{"rendered":"<p>Marin Pregnancy Clinic es una cl\u00ednica prenatal con licencia estatal situada en Novato, California. Contamos con m\u00e9dicos y enfermeras profesionales con licencia estatal.<\/p>\n<p>Ofrecemos los siguientes servicios:<\/p>\n<ul>\n<li>Pruebas de embarazo<\/li>\n<li>Atenci\u00f3n prenatal hasta la semana 28 de embarazo<\/li>\n<li>Ecograf\u00edas para nuestras pacientes establecidas<\/li>\n<li>Pruebas gen\u00e9ticas<\/li>\n<li>Pruebas y tratamiento de ETS\/ITS para pacientes<\/li>\n<li>Referencias de adopci\u00f3n<\/li>\n<li>Atenci\u00f3n postaborto<\/li>\n<li>Ropa infantil y de maternidad nueva o poco usada<\/li>\n<\/ul>\n<p>Un embarazo no planificado puede ser confuso y a menudo emotivo para usted y su pareja. Lo entendemos. No proporcionamos ni remitimos a la opci\u00f3n del aborto, pero ofrecemos soluciones pr\u00e1cticas y una excelente atenci\u00f3n prenatal hasta la semana 28 de embarazo. Al final del segundo trimestre, te remitimos a un m\u00e9dico, comadrona, centro de maternidad o cl\u00ednica locales que te atender\u00e1n durante el \u00faltimo trimestre.  Nuestro programa de recomendaci\u00f3n puede ser un proceso perfecto.<\/p>\n<p>Aunque no cobramos por nuestros servicios, los laboratorios e instalaciones que contratamos no prestan sus servicios gratuitamente.  <strong>Si no tiene seguro, a\u00fan podemos ayudarle.<\/strong>  Si usted tiene derecho a Medi-Cal, podemos inscribirlo en el programa de Elegibilidad Presunta de Medi-Cal en su primera cita con la enfermera.<\/p>\n<p>&nbsp;<\/p>\n","protected":false},"excerpt":{"rendered":"<p>Marin Pregnancy Clinic es una cl\u00ednica prenatal con licencia estatal situada en Novato, California. Contamos con m\u00e9dicos y enfermeras profesionales con licencia estatal. Ofrecemos los siguientes servicios: Pruebas de embarazo Atenci\u00f3n prenatal hasta la semana 28 de embarazo Ecograf\u00edas para nuestras pacientes establecidas Pruebas gen\u00e9ticas Pruebas y tratamiento de ETS\/ITS para pacientes Referencias de adopci\u00f3n<\/p>\n","protected":false},"author":1,"featured_media":610,"parent":0,"menu_order":0,"comment_status":"closed","ping_status":"closed","template":"","meta":{"_acf_changed":false,"footnotes":""},"class_list":["post-677","page","type-page","status-publish","has-post-thumbnail","hentry"],"acf":[],"yoast_head":"<!-- This site is optimized with the Yoast SEO plugin v27.4 - https:\/\/yoast.com\/product\/yoast-seo-wordpress\/ -->\n<title>Acerca de - Marin Pregnancy Clinic<\/title>\n<meta name=\"robots\" content=\"index, follow, max-snippet:-1, max-image-preview:large, max-video-preview:-1\" \/>\n<link rel=\"canonical\" href=\"https:\/\/marinpregnancyclinic.org\/es\/acerca-de\/\" \/>\n<meta property=\"og:locale\" content=\"es_ES\" \/>\n<meta property=\"og:type\" content=\"article\" \/>\n<meta property=\"og:title\" content=\"Acerca de - Marin Pregnancy Clinic\" \/>\n<meta property=\"og:description\" content=\"Marin Pregnancy Clinic es una cl\u00ednica prenatal con licencia estatal situada en Novato, California. Contamos con m\u00e9dicos y enfermeras profesionales con licencia estatal. Ofrecemos los siguientes servicios: Pruebas de embarazo Atenci\u00f3n prenatal hasta la semana 28 de embarazo Ecograf\u00edas para nuestras pacientes establecidas Pruebas gen\u00e9ticas Pruebas y tratamiento de ETS\/ITS para pacientes Referencias de adopci\u00f3n\" \/>\n<meta property=\"og:url\" content=\"https:\/\/marinpregnancyclinic.org\/es\/acerca-de\/\" \/>\n<meta property=\"og:site_name\" content=\"Marin Pregnancy Clinic\" \/>\n<meta property=\"article:modified_time\" content=\"2026-04-14T20:24:23+00:00\" \/>\n<meta property=\"og:image\" content=\"https:\/\/marinpregnancyclinic.org\/wp-content\/uploads\/2020\/06\/shutterstock_1505922494.jpg\" \/>\n\t<meta property=\"og:image:width\" content=\"1920\" \/>\n\t<meta property=\"og:image:height\" content=\"1044\" \/>\n\t<meta property=\"og:image:type\" content=\"image\/jpeg\" \/>\n<meta name=\"twitter:card\" content=\"summary_large_image\" \/>\n<meta name=\"twitter:label1\" content=\"Tiempo de lectura\" \/>\n\t<meta name=\"twitter:data1\" content=\"1 minuto\" \/>\n<!-- \/ Yoast SEO plugin. -->","yoast_head_json":{"title":"Acerca de - Marin Pregnancy Clinic","robots":{"index":"index","follow":"follow","max-snippet":"max-snippet:-1","max-image-preview":"max-image-preview:large","max-video-preview":"max-video-preview:-1"},"canonical":"https:\/\/marinpregnancyclinic.org\/es\/acerca-de\/","og_locale":"es_ES","og_type":"article","og_title":"Acerca de - Marin Pregnancy Clinic","og_description":"Marin Pregnancy Clinic es una cl\u00ednica prenatal con licencia estatal situada en Novato, California. Contamos con m\u00e9dicos y enfermeras profesionales con licencia estatal. Ofrecemos los siguientes servicios: Pruebas de embarazo Atenci\u00f3n prenatal hasta la semana 28 de embarazo Ecograf\u00edas para nuestras pacientes establecidas Pruebas gen\u00e9ticas Pruebas y tratamiento de ETS\/ITS para pacientes Referencias de adopci\u00f3n","og_url":"https:\/\/marinpregnancyclinic.org\/es\/acerca-de\/","og_site_name":"Marin Pregnancy Clinic","article_modified_time":"2026-04-14T20:24:23+00:00","og_image":[{"width":1920,"height":1044,"url":"https:\/\/marinpregnancyclinic.org\/wp-content\/uploads\/2020\/06\/shutterstock_1505922494.jpg","type":"image\/jpeg"}],"twitter_card":"summary_large_image","twitter_misc":{"Tiempo de lectura":"1 minuto"},"schema":{"@context":"https:\/\/schema.org","@graph":[{"@type":"WebPage","@id":"https:\/\/marinpregnancyclinic.org\/es\/acerca-de\/","url":"https:\/\/marinpregnancyclinic.org\/es\/acerca-de\/","name":"Acerca de - Marin Pregnancy Clinic","isPartOf":{"@id":"https:\/\/marinpregnancyclinic.org\/es\/#website"},"primaryImageOfPage":{"@id":"https:\/\/marinpregnancyclinic.org\/es\/acerca-de\/#primaryimage"},"image":{"@id":"https:\/\/marinpregnancyclinic.org\/es\/acerca-de\/#primaryimage"},"thumbnailUrl":"https:\/\/marinpregnancyclinic.org\/wp-content\/uploads\/2020\/06\/shutterstock_1505922494.jpg","datePublished":"2022-10-07T04:04:28+00:00","dateModified":"2026-04-14T20:24:23+00:00","breadcrumb":{"@id":"https:\/\/marinpregnancyclinic.org\/es\/acerca-de\/#breadcrumb"},"inLanguage":"es","potentialAction":[{"@type":"ReadAction","target":["https:\/\/marinpregnancyclinic.org\/es\/acerca-de\/"]}]},{"@type":"ImageObject","inLanguage":"es","@id":"https:\/\/marinpregnancyclinic.org\/es\/acerca-de\/#primaryimage","url":"https:\/\/marinpregnancyclinic.org\/wp-content\/uploads\/2020\/06\/shutterstock_1505922494.jpg","contentUrl":"https:\/\/marinpregnancyclinic.org\/wp-content\/uploads\/2020\/06\/shutterstock_1505922494.jpg","width":1920,"height":1044},{"@type":"BreadcrumbList","@id":"https:\/\/marinpregnancyclinic.org\/es\/acerca-de\/#breadcrumb","itemListElement":[{"@type":"ListItem","position":1,"name":"Home","item":"https:\/\/marinpregnancyclinic.org\/es\/"},{"@type":"ListItem","position":2,"name":"Acerca de"}]},{"@type":"WebSite","@id":"https:\/\/marinpregnancyclinic.org\/es\/#website","url":"https:\/\/marinpregnancyclinic.org\/es\/","name":"Marin Pregnancy Clinic","description":"","potentialAction":[{"@type":"SearchAction","target":{"@type":"EntryPoint","urlTemplate":"https:\/\/marinpregnancyclinic.org\/es\/?s={search_term_string}"},"query-input":{"@type":"PropertyValueSpecification","valueRequired":true,"valueName":"search_term_string"}}],"inLanguage":"es"}]}},"_links":{"self":[{"href":"https:\/\/marinpregnancyclinic.org\/es\/wp-json\/wp\/v2\/pages\/677","targetHints":{"allow":["GET"]}}],"collection":[{"href":"https:\/\/marinpregnancyclinic.org\/es\/wp-json\/wp\/v2\/pages"}],"about":[{"href":"https:\/\/marinpregnancyclinic.org\/es\/wp-json\/wp\/v2\/types\/page"}],"author":[{"embeddable":true,"href":"https:\/\/marinpregnancyclinic.org\/es\/wp-json\/wp\/v2\/users\/1"}],"replies":[{"embeddable":true,"href":"https:\/\/marinpregnancyclinic.org\/es\/wp-json\/wp\/v2\/comments?post=677"}],"version-history":[{"count":2,"href":"https:\/\/marinpregnancyclinic.org\/es\/wp-json\/wp\/v2\/pages\/677\/revisions"}],"predecessor-version":[{"id":1180,"href":"https:\/\/marinpregnancyclinic.org\/es\/wp-json\/wp\/v2\/pages\/677\/revisions\/1180"}],"wp:featuredmedia":[{"embeddable":true,"href":"https:\/\/marinpregnancyclinic.org\/es\/wp-json\/wp\/v2\/media\/610"}],"wp:attachment":[{"href":"https:\/\/marinpregnancyclinic.org\/es\/wp-json\/wp\/v2\/media?parent=677"}],"curies":[{"name":"wp","href":"https:\/\/api.w.org\/{rel}","templated":true}]}}