{"id":679,"date":"2020-06-05T07:24:34","date_gmt":"2020-06-05T14:24:34","guid":{"rendered":"https:\/\/marinpregnancyclinic.org\/servicios\/atencion-prenatal\/"},"modified":"2022-11-08T22:13:55","modified_gmt":"2022-11-09T06:13:55","slug":"atencion-prenatal","status":"publish","type":"page","link":"https:\/\/marinpregnancyclinic.org\/es\/servicios\/atencion-prenatal\/","title":{"rendered":"Atenci\u00f3n prenatal"},"content":{"rendered":"<p>Nuestra cl\u00ednica ofrece citas m\u00e9dicas y ecograf\u00edas sin coste alguno. Aunque no cobramos por nuestros servicios, los laboratorios e instalaciones que contratamos no prestan sus servicios gratuitamente. Si no tiene seguro, a\u00fan podemos ayudarle. Si usted tiene derecho a Medi-Cal, podemos inscribirlo en el programa de Elegibilidad Presunta de Medi-Cal en su primera cita con la enfermera.<\/p>\n<h2>\u00bfQu\u00e9 es la atenci\u00f3n prenatal?<\/h2>\n<p>Seg\u00fan los Institutos Nacionales de la Salud<a href=\"https:\/\/www.nichd.nih.gov\/health\/topics\/pregnancy\/conditioninfo\/prenatal-care\" target=\"_blank\" rel=\"noopener external noreferrer\" data-wpel-link=\"external\">(NIH)<\/a>, recibir una atenci\u00f3n prenatal temprana y regular mejora las posibilidades de tener un embarazo sano. En la Cl\u00ednica del Embarazo de Mar\u00edn, queremos asegurarnos de que usted y el feto en desarrollo est\u00e9n sanos y fuertes, por lo que ofrecemos visitas cl\u00ednicas mensuales sin cargo. Atendemos a las pacientes hasta las 28 semanas de embarazo y luego las remitimos a un m\u00e9dico, comadrona, centro de partos o cl\u00ednica local que las atender\u00e1 durante el \u00faltimo trimestre.<\/p>\n<p>Durante las visitas mensuales al embarazo, puedes aprender a controlar los dolores y molestias del embarazo, hacerte las pruebas necesarias, conocer los signos de advertencia y preguntar cualquier duda que tengas. Cada cita puede durar entre 30 y 45 minutos, para que pueda recibir la atenci\u00f3n individualizada que necesita.<\/p>\n<h2>Su primera visita prenatal<\/h2>\n<p>La primera visita suele ser la m\u00e1s larga porque nuestro examen f\u00edsico es exhaustivo. Nuestro m\u00e9dico le har\u00e1 preguntas sobre su historial m\u00e9dico, el de su pareja y el de su familia. La enfermera le medir\u00e1 la altura, el peso, la presi\u00f3n arterial, la respiraci\u00f3n y el pulso. Tambi\u00e9n puede hablar de la necesidad de vacunarse contra la gripe.<\/p>\n<h3>Su examen ginecol\u00f3gico incluye:<\/h3>\n<ul>\n<li>Un examen de mama<\/li>\n<li>Examen p\u00e9lvico<\/li>\n<li>Pruebas de ETS\/ITS<\/li>\n<\/ul>\n<h3>Otras pruebas que puede recibir:<\/h3>\n<ul>\n<li>Cribado de la anemia<\/li>\n<li>Tipo de sangre<\/li>\n<li>Pruebas de determinadas enfermedades hereditarias<\/li>\n<li>Control de drogas<\/li>\n<li>Pruebas de hepatitis, VIH, tuberculosis, diabetes, tiroides y otras enfermedades o infecciones<\/li>\n<li>Programa de cribado prenatal de CA (pruebas gen\u00e9ticas)<\/li>\n<\/ul>\n<p>El m\u00e9dico puede aprovechar esta oportunidad para hablar de su estilo de vida y sus h\u00e1bitos y sugerirle cambios que puedan favorecer una salud \u00f3ptima durante el embarazo. Una de las cosas m\u00e1s importantes que puede hacer una mujer es tomar una vitamina prenatal diaria con \u00e1cido f\u00f3lico para prevenir potencialmente graves defectos de nacimiento.<\/p>\n<h2>Entender el desarrollo del feto<\/h2>\n<p><strong>D\u00eda 1:<\/strong> Cuando se produce la concepci\u00f3n (fecundaci\u00f3n), ya se han determinado las caracter\u00edsticas del embri\u00f3n, como el sexo, el pelo y el color de los ojos. Es un embri\u00f3n hasta las 9 semanas, despu\u00e9s se llama feto.<\/p>\n<p><strong>9 semanas:<\/strong> En esta etapa, el coraz\u00f3n del feto ya late, desde 18 d\u00edas despu\u00e9s de la concepci\u00f3n, y se han desarrollado los dedos de las manos y los pies.<\/p>\n<p><strong>10 semanas:<\/strong> El feto tiene hipo y reacciona a los ruidos fuertes. Sus brazos y piernas se mueven. En las enc\u00edas hay 20 brotes dentales diminutos. Los p\u00e1rpados se desarrollan y comienzan a cerrarse.<\/p>\n<p><strong>12 semanas:<\/strong> Los \u00f3rganos del feto se han desarrollado por completo. A partir de ese momento, el feto crece y gana peso para prepararse para el nacimiento.<\/p>\n<p><strong>18-20 semanas:<\/strong> Se puede detectar el sexo mediante una ecograf\u00eda.<\/p>\n<p><strong>22 semanas:<\/strong> En esta etapa, las pesta\u00f1as del beb\u00e9 son visibles y los pulmones se est\u00e1n desarrollando.<\/p>\n<p><strong>28 semanas:<\/strong> Miden alrededor de 11 pulgadas y pesan alrededor de 2,5 libras. Con el apoyo de los cuidados intensivos, un beb\u00e9 nacido en esta etapa es capaz de respirar aire y el desarrollo del cerebro puede coordinar la respiraci\u00f3n r\u00edtmica.<\/p>\n","protected":false},"excerpt":{"rendered":"<p>Lo mejor es comenzar los cuidados del embarazo tan pronto como sepas que est\u00e1s embarazada. Obtenga pruebas de embarazo de calidad de laboratorio con nosotros para confirmar su embarazo temprano y obtener la mejor atenci\u00f3n prenatal posible. Nos preocupamos por su salud y por la salud de su embarazo. Nuestra atenci\u00f3n prenatal est\u00e1 disponible para usted hasta la semana 28, y le remitiremos y ayudaremos en la transici\u00f3n a un ginec\u00f3logo\/obstetra que le atender\u00e1 hasta el final de su embarazo.  <\/p>\n","protected":false},"author":1,"featured_media":644,"parent":662,"menu_order":3,"comment_status":"closed","ping_status":"closed","template":"","meta":{"_acf_changed":false,"footnotes":""},"class_list":["post-679","page","type-page","status-publish","has-post-thumbnail","hentry"],"acf":[],"yoast_head":"<!-- This site is optimized with the Yoast SEO plugin v27.3 - https:\/\/yoast.com\/product\/yoast-seo-wordpress\/ -->\n<title>Atenci\u00f3n prenatal - Marin Pregnancy Clinic<\/title>\n<meta name=\"robots\" content=\"index, follow, max-snippet:-1, max-image-preview:large, max-video-preview:-1\" \/>\n<link rel=\"canonical\" href=\"https:\/\/marinpregnancyclinic.org\/es\/servicios\/atencion-prenatal\/\" \/>\n<meta property=\"og:locale\" content=\"es_ES\" \/>\n<meta property=\"og:type\" content=\"article\" \/>\n<meta property=\"og:title\" content=\"Atenci\u00f3n prenatal - Marin Pregnancy Clinic\" \/>\n<meta property=\"og:description\" content=\"Lo mejor es comenzar los cuidados del embarazo tan pronto como sepas que est\u00e1s embarazada. Obtenga pruebas de embarazo de calidad de laboratorio con nosotros para confirmar su embarazo temprano y obtener la mejor atenci\u00f3n prenatal posible. Nos preocupamos por su salud y por la salud de su embarazo. Nuestra atenci\u00f3n prenatal est\u00e1 disponible para usted hasta la semana 28, y le remitiremos y ayudaremos en la transici\u00f3n a un ginec\u00f3logo\/obstetra que le atender\u00e1 hasta el final de su embarazo.\" \/>\n<meta property=\"og:url\" content=\"https:\/\/marinpregnancyclinic.org\/es\/servicios\/atencion-prenatal\/\" \/>\n<meta property=\"og:site_name\" content=\"Marin Pregnancy Clinic\" \/>\n<meta property=\"article:modified_time\" content=\"2022-11-09T06:13:55+00:00\" \/>\n<meta property=\"og:image\" content=\"https:\/\/marinpregnancyclinic.org\/wp-content\/uploads\/2022\/10\/pexels-andrea-piacquadio-3785419-scaled.jpg\" \/>\n\t<meta property=\"og:image:width\" content=\"2560\" \/>\n\t<meta property=\"og:image:height\" content=\"1707\" \/>\n\t<meta property=\"og:image:type\" content=\"image\/jpeg\" \/>\n<meta name=\"twitter:card\" content=\"summary_large_image\" \/>\n<meta name=\"twitter:label1\" content=\"Tiempo de lectura\" \/>\n\t<meta name=\"twitter:data1\" content=\"3 minutos\" \/>\n<!-- \/ Yoast SEO plugin. -->","yoast_head_json":{"title":"Atenci\u00f3n prenatal - Marin Pregnancy Clinic","robots":{"index":"index","follow":"follow","max-snippet":"max-snippet:-1","max-image-preview":"max-image-preview:large","max-video-preview":"max-video-preview:-1"},"canonical":"https:\/\/marinpregnancyclinic.org\/es\/servicios\/atencion-prenatal\/","og_locale":"es_ES","og_type":"article","og_title":"Atenci\u00f3n prenatal - Marin Pregnancy Clinic","og_description":"Lo mejor es comenzar los cuidados del embarazo tan pronto como sepas que est\u00e1s embarazada. Obtenga pruebas de embarazo de calidad de laboratorio con nosotros para confirmar su embarazo temprano y obtener la mejor atenci\u00f3n prenatal posible. Nos preocupamos por su salud y por la salud de su embarazo. Nuestra atenci\u00f3n prenatal est\u00e1 disponible para usted hasta la semana 28, y le remitiremos y ayudaremos en la transici\u00f3n a un ginec\u00f3logo\/obstetra que le atender\u00e1 hasta el final de su embarazo.","og_url":"https:\/\/marinpregnancyclinic.org\/es\/servicios\/atencion-prenatal\/","og_site_name":"Marin Pregnancy Clinic","article_modified_time":"2022-11-09T06:13:55+00:00","og_image":[{"width":2560,"height":1707,"url":"https:\/\/marinpregnancyclinic.org\/wp-content\/uploads\/2022\/10\/pexels-andrea-piacquadio-3785419-scaled.jpg","type":"image\/jpeg"}],"twitter_card":"summary_large_image","twitter_misc":{"Tiempo de lectura":"3 minutos"},"schema":{"@context":"https:\/\/schema.org","@graph":[{"@type":"WebPage","@id":"https:\/\/marinpregnancyclinic.org\/es\/servicios\/atencion-prenatal\/","url":"https:\/\/marinpregnancyclinic.org\/es\/servicios\/atencion-prenatal\/","name":"Atenci\u00f3n prenatal - Marin Pregnancy Clinic","isPartOf":{"@id":"https:\/\/marinpregnancyclinic.org\/es\/#website"},"primaryImageOfPage":{"@id":"https:\/\/marinpregnancyclinic.org\/es\/servicios\/atencion-prenatal\/#primaryimage"},"image":{"@id":"https:\/\/marinpregnancyclinic.org\/es\/servicios\/atencion-prenatal\/#primaryimage"},"thumbnailUrl":"https:\/\/marinpregnancyclinic.org\/wp-content\/uploads\/2022\/10\/pexels-andrea-piacquadio-3785419-scaled.jpg","datePublished":"2020-06-05T14:24:34+00:00","dateModified":"2022-11-09T06:13:55+00:00","breadcrumb":{"@id":"https:\/\/marinpregnancyclinic.org\/es\/servicios\/atencion-prenatal\/#breadcrumb"},"inLanguage":"es","potentialAction":[{"@type":"ReadAction","target":["https:\/\/marinpregnancyclinic.org\/es\/servicios\/atencion-prenatal\/"]}]},{"@type":"ImageObject","inLanguage":"es","@id":"https:\/\/marinpregnancyclinic.org\/es\/servicios\/atencion-prenatal\/#primaryimage","url":"https:\/\/marinpregnancyclinic.org\/wp-content\/uploads\/2022\/10\/pexels-andrea-piacquadio-3785419-scaled.jpg","contentUrl":"https:\/\/marinpregnancyclinic.org\/wp-content\/uploads\/2022\/10\/pexels-andrea-piacquadio-3785419-scaled.jpg","width":2560,"height":1707},{"@type":"BreadcrumbList","@id":"https:\/\/marinpregnancyclinic.org\/es\/servicios\/atencion-prenatal\/#breadcrumb","itemListElement":[{"@type":"ListItem","position":1,"name":"Home","item":"https:\/\/marinpregnancyclinic.org\/es\/"},{"@type":"ListItem","position":2,"name":"Servicios","item":"https:\/\/marinpregnancyclinic.org\/es\/servicios\/"},{"@type":"ListItem","position":3,"name":"Atenci\u00f3n prenatal"}]},{"@type":"WebSite","@id":"https:\/\/marinpregnancyclinic.org\/es\/#website","url":"https:\/\/marinpregnancyclinic.org\/es\/","name":"Marin Pregnancy Clinic","description":"","potentialAction":[{"@type":"SearchAction","target":{"@type":"EntryPoint","urlTemplate":"https:\/\/marinpregnancyclinic.org\/es\/?s={search_term_string}"},"query-input":{"@type":"PropertyValueSpecification","valueRequired":true,"valueName":"search_term_string"}}],"inLanguage":"es"}]}},"_links":{"self":[{"href":"https:\/\/marinpregnancyclinic.org\/es\/wp-json\/wp\/v2\/pages\/679","targetHints":{"allow":["GET"]}}],"collection":[{"href":"https:\/\/marinpregnancyclinic.org\/es\/wp-json\/wp\/v2\/pages"}],"about":[{"href":"https:\/\/marinpregnancyclinic.org\/es\/wp-json\/wp\/v2\/types\/page"}],"author":[{"embeddable":true,"href":"https:\/\/marinpregnancyclinic.org\/es\/wp-json\/wp\/v2\/users\/1"}],"replies":[{"embeddable":true,"href":"https:\/\/marinpregnancyclinic.org\/es\/wp-json\/wp\/v2\/comments?post=679"}],"version-history":[{"count":0,"href":"https:\/\/marinpregnancyclinic.org\/es\/wp-json\/wp\/v2\/pages\/679\/revisions"}],"up":[{"embeddable":true,"href":"https:\/\/marinpregnancyclinic.org\/es\/wp-json\/wp\/v2\/pages\/662"}],"wp:featuredmedia":[{"embeddable":true,"href":"https:\/\/marinpregnancyclinic.org\/es\/wp-json\/wp\/v2\/media\/644"}],"wp:attachment":[{"href":"https:\/\/marinpregnancyclinic.org\/es\/wp-json\/wp\/v2\/media?parent=679"}],"curies":[{"name":"wp","href":"https:\/\/api.w.org\/{rel}","templated":true}]}}