{"id":691,"date":"2020-02-19T13:37:41","date_gmt":"2020-02-19T21:37:41","guid":{"rendered":"https:\/\/marinpregnancyclinic.org\/faq\/"},"modified":"2022-11-10T03:25:30","modified_gmt":"2022-11-10T11:25:30","slug":"pmf","status":"publish","type":"page","link":"https:\/\/marinpregnancyclinic.org\/es\/pmf\/","title":{"rendered":"PMF"},"content":{"rendered":"<h3>\u00bfC\u00f3mo funciona una prueba de embarazo?<\/h3>\n<p><span data-offset-key=\"c5q5q-0-0\">Las pruebas de embarazo detectan una hormona llamada gonadotropina cori\u00f3nica humana (hCG) en la orina. Esta hormona s\u00f3lo se encuentra en la orina si la mujer est\u00e1 embarazada o ha abortado recientemente. <\/span><\/p>\n<h3>\u00bfTiene su cl\u00ednica una licencia m\u00e9dica?<\/h3>\n<p>Marin Pregnancy Clinic es una cl\u00ednica prenatal con licencia estatal situada en Novato, California. Contamos con m\u00e9dicos y enfermeras profesionales con licencia estatal.<\/p>\n<h3>\u00bfQu\u00e9 puedo esperar como paciente?<\/h3>\n<p>Ofrecemos los siguientes servicios:<\/p>\n<ul>\n<li>Pruebas de embarazo<\/li>\n<li>Atenci\u00f3n prenatal hasta la semana 28 de embarazo<\/li>\n<li>Ecograf\u00edas para nuestros pacientes<\/li>\n<li>Programa de cribado prenatal de CA (pruebas gen\u00e9ticas)<\/li>\n<li>Pruebas y tratamiento de ETS\/ITS para pacientes<\/li>\n<li>Referencias de adopci\u00f3n<\/li>\n<li>Atenci\u00f3n postaborto<\/li>\n<li><span data-slate-fragment=\"JTVCJTdCJTIydHlwZSUyMiUzQSUyMnBhcmFncmFwaCUyMiUyQyUyMmNoaWxkcmVuJTIyJTNBJTVCJTdCJTIydGV4dCUyMiUzQSUyMnNwYW5pc2glMjBzcGVha2luZyUyMG51cnNlcyUyMGFuZCUyMGRvY3RvcnMlMjIlN0QlNUQlN0QlNUQ=\">Enfermeras y m\u00e9dicos de habla hispana<\/span><\/li>\n<\/ul>\n<h3>\u00bfNecesitar\u00e9 un seguro?<\/h3>\n<p>Aunque no cobramos por nuestros servicios, los laboratorios e instalaciones que contratamos no prestan sus servicios gratuitamente. Si no tiene seguro, a\u00fan podemos ayudarle.<\/p>\n<h3>\u00bfPor qu\u00e9 necesito una ecograf\u00eda?<\/h3>\n<p>Un ultrasonido muestra:<\/p>\n<ul>\n<li>La viabilidad del embarazo basada en un latido detectable<\/li>\n<li>El grado de avance de su embarazo (la edad gestacional)<\/li>\n<li>El lugar exacto del embarazo. Un embarazo ect\u00f3pico es cuando el \u00f3vulo fecundado se ha implantado fuera del \u00fatero, lo que podr\u00eda ser peligroso para tu salud.<\/li>\n<\/ul>\n<h3>\u00bfQu\u00e9 pasa si tengo una ETS\/ITS?<\/h3>\n<p><span data-offset-key=\"4e0us-0-0\">Las mujeres deben hacerse peri\u00f3dicamente pruebas de ETS e ITS. Las mujeres embarazadas deben dar prioridad a las pruebas de detecci\u00f3n de ETS y a su posible tratamiento, tanto si planean continuar con su embarazo como si van a abortar, ya que la ETS podr\u00eda causar infertilidad en el futuro o una infecci\u00f3n grave.<\/span><\/p>\n","protected":false},"excerpt":{"rendered":"<p>\u00bfC\u00f3mo funciona una prueba de embarazo? Las pruebas de embarazo detectan una hormona llamada gonadotropina cori\u00f3nica humana (hCG) en la orina. Esta hormona s\u00f3lo se encuentra en la orina si la mujer est\u00e1 embarazada o ha abortado recientemente. \u00bfTiene su cl\u00ednica una licencia m\u00e9dica? Marin Pregnancy Clinic es una cl\u00ednica prenatal con licencia estatal situada<\/p>\n","protected":false},"author":1,"featured_media":642,"parent":0,"menu_order":0,"comment_status":"closed","ping_status":"closed","template":"","meta":{"_acf_changed":false,"footnotes":""},"class_list":["post-691","page","type-page","status-publish","has-post-thumbnail","hentry"],"acf":[],"yoast_head":"<!-- This site is optimized with the Yoast SEO plugin v27.5 - https:\/\/yoast.com\/product\/yoast-seo-wordpress\/ -->\n<title>PMF - Marin Pregnancy Clinic<\/title>\n<meta name=\"robots\" content=\"index, follow, max-snippet:-1, max-image-preview:large, max-video-preview:-1\" \/>\n<link rel=\"canonical\" href=\"https:\/\/marinpregnancyclinic.org\/es\/pmf\/\" \/>\n<meta property=\"og:locale\" content=\"es_ES\" \/>\n<meta property=\"og:type\" content=\"article\" \/>\n<meta property=\"og:title\" content=\"PMF - Marin Pregnancy Clinic\" \/>\n<meta property=\"og:description\" content=\"\u00bfC\u00f3mo funciona una prueba de embarazo? Las pruebas de embarazo detectan una hormona llamada gonadotropina cori\u00f3nica humana (hCG) en la orina. Esta hormona s\u00f3lo se encuentra en la orina si la mujer est\u00e1 embarazada o ha abortado recientemente. \u00bfTiene su cl\u00ednica una licencia m\u00e9dica? Marin Pregnancy Clinic es una cl\u00ednica prenatal con licencia estatal situada\" \/>\n<meta property=\"og:url\" content=\"https:\/\/marinpregnancyclinic.org\/es\/pmf\/\" \/>\n<meta property=\"og:site_name\" content=\"Marin Pregnancy Clinic\" \/>\n<meta property=\"article:modified_time\" content=\"2022-11-10T11:25:30+00:00\" \/>\n<meta property=\"og:image\" content=\"https:\/\/marinpregnancyclinic.org\/wp-content\/uploads\/2022\/10\/pexels-chermiti-mohamed-3089884-scaled.jpg\" \/>\n\t<meta property=\"og:image:width\" content=\"2560\" \/>\n\t<meta property=\"og:image:height\" content=\"1702\" \/>\n\t<meta property=\"og:image:type\" content=\"image\/jpeg\" \/>\n<meta name=\"twitter:card\" content=\"summary_large_image\" \/>\n<meta name=\"twitter:label1\" content=\"Tiempo de lectura\" \/>\n\t<meta name=\"twitter:data1\" content=\"2 minutos\" \/>\n<!-- \/ Yoast SEO plugin. -->","yoast_head_json":{"title":"PMF - Marin Pregnancy Clinic","robots":{"index":"index","follow":"follow","max-snippet":"max-snippet:-1","max-image-preview":"max-image-preview:large","max-video-preview":"max-video-preview:-1"},"canonical":"https:\/\/marinpregnancyclinic.org\/es\/pmf\/","og_locale":"es_ES","og_type":"article","og_title":"PMF - Marin Pregnancy Clinic","og_description":"\u00bfC\u00f3mo funciona una prueba de embarazo? Las pruebas de embarazo detectan una hormona llamada gonadotropina cori\u00f3nica humana (hCG) en la orina. Esta hormona s\u00f3lo se encuentra en la orina si la mujer est\u00e1 embarazada o ha abortado recientemente. \u00bfTiene su cl\u00ednica una licencia m\u00e9dica? Marin Pregnancy Clinic es una cl\u00ednica prenatal con licencia estatal situada","og_url":"https:\/\/marinpregnancyclinic.org\/es\/pmf\/","og_site_name":"Marin Pregnancy Clinic","article_modified_time":"2022-11-10T11:25:30+00:00","og_image":[{"width":2560,"height":1702,"url":"https:\/\/marinpregnancyclinic.org\/wp-content\/uploads\/2022\/10\/pexels-chermiti-mohamed-3089884-scaled.jpg","type":"image\/jpeg"}],"twitter_card":"summary_large_image","twitter_misc":{"Tiempo de lectura":"2 minutos"},"schema":{"@context":"https:\/\/schema.org","@graph":[{"@type":"WebPage","@id":"https:\/\/marinpregnancyclinic.org\/es\/pmf\/","url":"https:\/\/marinpregnancyclinic.org\/es\/pmf\/","name":"PMF - Marin Pregnancy Clinic","isPartOf":{"@id":"https:\/\/marinpregnancyclinic.org\/es\/#website"},"primaryImageOfPage":{"@id":"https:\/\/marinpregnancyclinic.org\/es\/pmf\/#primaryimage"},"image":{"@id":"https:\/\/marinpregnancyclinic.org\/es\/pmf\/#primaryimage"},"thumbnailUrl":"https:\/\/marinpregnancyclinic.org\/wp-content\/uploads\/2022\/10\/pexels-chermiti-mohamed-3089884-scaled.jpg","datePublished":"2020-02-19T21:37:41+00:00","dateModified":"2022-11-10T11:25:30+00:00","breadcrumb":{"@id":"https:\/\/marinpregnancyclinic.org\/es\/pmf\/#breadcrumb"},"inLanguage":"es","potentialAction":[{"@type":"ReadAction","target":["https:\/\/marinpregnancyclinic.org\/es\/pmf\/"]}]},{"@type":"ImageObject","inLanguage":"es","@id":"https:\/\/marinpregnancyclinic.org\/es\/pmf\/#primaryimage","url":"https:\/\/marinpregnancyclinic.org\/wp-content\/uploads\/2022\/10\/pexels-chermiti-mohamed-3089884-scaled.jpg","contentUrl":"https:\/\/marinpregnancyclinic.org\/wp-content\/uploads\/2022\/10\/pexels-chermiti-mohamed-3089884-scaled.jpg","width":2560,"height":1702},{"@type":"BreadcrumbList","@id":"https:\/\/marinpregnancyclinic.org\/es\/pmf\/#breadcrumb","itemListElement":[{"@type":"ListItem","position":1,"name":"Home","item":"https:\/\/marinpregnancyclinic.org\/es\/"},{"@type":"ListItem","position":2,"name":"PMF"}]},{"@type":"WebSite","@id":"https:\/\/marinpregnancyclinic.org\/es\/#website","url":"https:\/\/marinpregnancyclinic.org\/es\/","name":"Marin Pregnancy Clinic","description":"","potentialAction":[{"@type":"SearchAction","target":{"@type":"EntryPoint","urlTemplate":"https:\/\/marinpregnancyclinic.org\/es\/?s={search_term_string}"},"query-input":{"@type":"PropertyValueSpecification","valueRequired":true,"valueName":"search_term_string"}}],"inLanguage":"es"}]}},"_links":{"self":[{"href":"https:\/\/marinpregnancyclinic.org\/es\/wp-json\/wp\/v2\/pages\/691","targetHints":{"allow":["GET"]}}],"collection":[{"href":"https:\/\/marinpregnancyclinic.org\/es\/wp-json\/wp\/v2\/pages"}],"about":[{"href":"https:\/\/marinpregnancyclinic.org\/es\/wp-json\/wp\/v2\/types\/page"}],"author":[{"embeddable":true,"href":"https:\/\/marinpregnancyclinic.org\/es\/wp-json\/wp\/v2\/users\/1"}],"replies":[{"embeddable":true,"href":"https:\/\/marinpregnancyclinic.org\/es\/wp-json\/wp\/v2\/comments?post=691"}],"version-history":[{"count":0,"href":"https:\/\/marinpregnancyclinic.org\/es\/wp-json\/wp\/v2\/pages\/691\/revisions"}],"wp:featuredmedia":[{"embeddable":true,"href":"https:\/\/marinpregnancyclinic.org\/es\/wp-json\/wp\/v2\/media\/642"}],"wp:attachment":[{"href":"https:\/\/marinpregnancyclinic.org\/es\/wp-json\/wp\/v2\/media?parent=691"}],"curies":[{"name":"wp","href":"https:\/\/api.w.org\/{rel}","templated":true}]}}