{"id":697,"date":"2020-02-19T13:37:59","date_gmt":"2020-02-19T21:37:59","guid":{"rendered":"https:\/\/marinpregnancyclinic.org\/para-hombres\/"},"modified":"2025-11-25T13:29:07","modified_gmt":"2025-11-25T21:29:07","slug":"para-hombres","status":"publish","type":"page","link":"https:\/\/marinpregnancyclinic.org\/es\/para-hombres\/","title":{"rendered":"Para hombres"},"content":{"rendered":"<h2>&#8220;Creo que estoy embarazada&#8221;.<\/h2>\n<p>\u00bfSu pareja acaba de anunciar que cree que est\u00e1 embarazada? Esas cuatro palabras pueden poner tu mundo patas arriba en un instante. Estamos aqu\u00ed para ayudarte si te sientes presionada por un embarazo no planificado de tu pareja. Despu\u00e9s de todo, los hombres tambi\u00e9n necesitan apoyo.<\/p>\n<p>En primer lugar, an\u00edmala a concertar una cita para ambos en la Cl\u00ednica del Embarazo de Mar\u00edn. Comienza con las <a href=\"https:\/\/marinpregnancyclinic.org\/es\/servicios\/pruebas-de-embarazo\/\" target=\"_blank\" rel=\"noopener\" data-wpel-link=\"internal\">pruebas de embarazo<\/a>, la toma de contacto con la enfermera y una <a href=\"https:\/\/marinpregnancyclinic.org\/es\/servicios\/ultrasonidos\/\" target=\"_blank\" rel=\"noopener\" data-wpel-link=\"internal\">ecograf\u00eda. <\/a>Estas pruebas son gratuitas. Podemos confirmar si est\u00e1 embarazada o no.<\/p>\n<h3>Lo que hay que hacer<\/h3>\n<ol>\n<li>Escucha. La situaci\u00f3n involucra a algo m\u00e1s que a ti.<\/li>\n<li>Mant\u00e9n la calma. Su pareja necesita su apoyo ahora m\u00e1s que nunca.<\/li>\n<li>Habla de ello. Hablad entre vosotros y preparaos para hablar con los padres y otras personas cercanas. Ocultar la noticia a las personas que pueden ayudarte de verdad s\u00f3lo aumenta el estr\u00e9s.<\/li>\n<li>Re\u00fane los hechos. Inf\u00f3rmate y busca un consejo sabio para tomar la mejor decisi\u00f3n.<\/li>\n<li>Expr\u00e9sate con sinceridad. Es normal tener sentimientos encontrados. Aseg\u00farese de que su pareja sepa que no est\u00e1 sola.<\/li>\n<\/ol>\n<h3>Lo que no hay que hacer<\/h3>\n<ol>\n<li>No te des por vencido. Cuanto m\u00e1s huyas de esto, m\u00e1s dif\u00edcil ser\u00e1 pensar y actuar con claridad.<\/li>\n<li>No la presiones. Presionarla s\u00f3lo la alejar\u00e1, posiblemente en una situaci\u00f3n de arrepentimiento. Ambos deben trabajar en equipo.<\/li>\n<li>No lo olvides. Tienes un papel muy activo en esta situaci\u00f3n. Escuche las aportaciones y exprese sus ideas.<\/li>\n<\/ol>\n<p>Los dos pueden superar esto. Tu pareja te necesita ahora m\u00e1s que nunca. Puedes proporcionarle el apoyo que necesita, emocional y f\u00edsicamente. Tambi\u00e9n podemos ofrecerle el apoyo que necesita.<\/p>\n<p>Hable hoy mismo con nuestras enfermeras en un entorno seguro y sin prejuicios. Nuestro apoyo es gratuito y totalmente confidencial.<\/p>\n<h2>\u00bfSu pareja eligi\u00f3 el aborto?<\/h2>\n<p>El estr\u00e9s post-aborto es la incapacidad de procesar el estr\u00e9s y las emociones asociadas a la decisi\u00f3n de abortar de su pareja. La tristeza y el estr\u00e9s pueden ser reacciones inmediatas o retardadas que pueden aparecer en cualquier momento de la vida de una persona. Cuando reaparece, puede ser confuso, doloroso y abrumador.<\/p>\n<p>Algunos hombres experimentan fuertes emociones negativas despu\u00e9s del aborto. Esta respuesta psicol\u00f3gica se conoce como estr\u00e9s post-aborto (PAS). Los hombres luchan contra el hecho de que a menudo se les niega el derecho a participar en las decisiones sobre el aborto.<\/p>\n<p>Esta impotencia pasa factura no s\u00f3lo a la imagen masculina de s\u00ed mismo, sino que puede acarrear un conflicto de roles, un sentimiento de culpa excesivo, depresi\u00f3n y, a veces, el fin de la relaci\u00f3n con su pareja.<\/p>\n<p>Hay ayuda disponible si est\u00e1s experimentando un trauma post-aborto. Puedes hablar con un terapeuta, ponerte en contacto con un Grupo de Apoyo Post-Aborto, o contactar con Marin Pregnancy Clinic.<\/p>\n","protected":false},"excerpt":{"rendered":"<p>&#8220;Creo que estoy embarazada&#8221;. \u00bfSu pareja acaba de anunciar que cree que est\u00e1 embarazada? Esas cuatro palabras pueden poner tu mundo patas arriba en un instante. Estamos aqu\u00ed para ayudarte si te sientes presionada por un embarazo no planificado de tu pareja. Despu\u00e9s de todo, los hombres tambi\u00e9n necesitan apoyo. En primer lugar, an\u00edmala a<\/p>\n","protected":false},"author":1,"featured_media":589,"parent":0,"menu_order":0,"comment_status":"closed","ping_status":"closed","template":"","meta":{"_acf_changed":false,"footnotes":""},"class_list":["post-697","page","type-page","status-publish","has-post-thumbnail","hentry"],"acf":[],"yoast_head":"<!-- This site is optimized with the Yoast SEO plugin v27.4 - https:\/\/yoast.com\/product\/yoast-seo-wordpress\/ -->\n<title>Para hombres - Marin Pregnancy Clinic<\/title>\n<meta name=\"robots\" content=\"index, follow, max-snippet:-1, max-image-preview:large, max-video-preview:-1\" \/>\n<link rel=\"canonical\" href=\"https:\/\/marinpregnancyclinic.org\/es\/para-hombres\/\" \/>\n<meta property=\"og:locale\" content=\"es_ES\" \/>\n<meta property=\"og:type\" content=\"article\" \/>\n<meta property=\"og:title\" content=\"Para hombres - Marin Pregnancy Clinic\" \/>\n<meta property=\"og:description\" content=\"&#8220;Creo que estoy embarazada&#8221;. \u00bfSu pareja acaba de anunciar que cree que est\u00e1 embarazada? Esas cuatro palabras pueden poner tu mundo patas arriba en un instante. Estamos aqu\u00ed para ayudarte si te sientes presionada por un embarazo no planificado de tu pareja. Despu\u00e9s de todo, los hombres tambi\u00e9n necesitan apoyo. En primer lugar, an\u00edmala a\" \/>\n<meta property=\"og:url\" content=\"https:\/\/marinpregnancyclinic.org\/es\/para-hombres\/\" \/>\n<meta property=\"og:site_name\" content=\"Marin Pregnancy Clinic\" \/>\n<meta property=\"article:modified_time\" content=\"2025-11-25T21:29:07+00:00\" \/>\n<meta property=\"og:image\" content=\"https:\/\/marinpregnancyclinic.org\/wp-content\/uploads\/2020\/02\/s-a-r-a-h-s-h-a-r-p-973486-unsplash-scaled-1-e1629708989898.jpg\" \/>\n\t<meta property=\"og:image:width\" content=\"602\" \/>\n\t<meta property=\"og:image:height\" content=\"400\" \/>\n\t<meta property=\"og:image:type\" content=\"image\/jpeg\" \/>\n<meta name=\"twitter:card\" content=\"summary_large_image\" \/>\n<meta name=\"twitter:label1\" content=\"Tiempo de lectura\" \/>\n\t<meta name=\"twitter:data1\" content=\"2 minutos\" \/>\n<!-- \/ Yoast SEO plugin. -->","yoast_head_json":{"title":"Para hombres - Marin Pregnancy Clinic","robots":{"index":"index","follow":"follow","max-snippet":"max-snippet:-1","max-image-preview":"max-image-preview:large","max-video-preview":"max-video-preview:-1"},"canonical":"https:\/\/marinpregnancyclinic.org\/es\/para-hombres\/","og_locale":"es_ES","og_type":"article","og_title":"Para hombres - Marin Pregnancy Clinic","og_description":"&#8220;Creo que estoy embarazada&#8221;. \u00bfSu pareja acaba de anunciar que cree que est\u00e1 embarazada? Esas cuatro palabras pueden poner tu mundo patas arriba en un instante. Estamos aqu\u00ed para ayudarte si te sientes presionada por un embarazo no planificado de tu pareja. Despu\u00e9s de todo, los hombres tambi\u00e9n necesitan apoyo. En primer lugar, an\u00edmala a","og_url":"https:\/\/marinpregnancyclinic.org\/es\/para-hombres\/","og_site_name":"Marin Pregnancy Clinic","article_modified_time":"2025-11-25T21:29:07+00:00","og_image":[{"width":602,"height":400,"url":"https:\/\/marinpregnancyclinic.org\/wp-content\/uploads\/2020\/02\/s-a-r-a-h-s-h-a-r-p-973486-unsplash-scaled-1-e1629708989898.jpg","type":"image\/jpeg"}],"twitter_card":"summary_large_image","twitter_misc":{"Tiempo de lectura":"2 minutos"},"schema":{"@context":"https:\/\/schema.org","@graph":[{"@type":"WebPage","@id":"https:\/\/marinpregnancyclinic.org\/es\/para-hombres\/","url":"https:\/\/marinpregnancyclinic.org\/es\/para-hombres\/","name":"Para hombres - Marin Pregnancy Clinic","isPartOf":{"@id":"https:\/\/marinpregnancyclinic.org\/es\/#website"},"primaryImageOfPage":{"@id":"https:\/\/marinpregnancyclinic.org\/es\/para-hombres\/#primaryimage"},"image":{"@id":"https:\/\/marinpregnancyclinic.org\/es\/para-hombres\/#primaryimage"},"thumbnailUrl":"https:\/\/marinpregnancyclinic.org\/wp-content\/uploads\/2020\/02\/s-a-r-a-h-s-h-a-r-p-973486-unsplash-scaled-1-e1764106248341.jpg","datePublished":"2020-02-19T21:37:59+00:00","dateModified":"2025-11-25T21:29:07+00:00","breadcrumb":{"@id":"https:\/\/marinpregnancyclinic.org\/es\/para-hombres\/#breadcrumb"},"inLanguage":"es","potentialAction":[{"@type":"ReadAction","target":["https:\/\/marinpregnancyclinic.org\/es\/para-hombres\/"]}]},{"@type":"ImageObject","inLanguage":"es","@id":"https:\/\/marinpregnancyclinic.org\/es\/para-hombres\/#primaryimage","url":"https:\/\/marinpregnancyclinic.org\/wp-content\/uploads\/2020\/02\/s-a-r-a-h-s-h-a-r-p-973486-unsplash-scaled-1-e1764106248341.jpg","contentUrl":"https:\/\/marinpregnancyclinic.org\/wp-content\/uploads\/2020\/02\/s-a-r-a-h-s-h-a-r-p-973486-unsplash-scaled-1-e1764106248341.jpg","width":602,"height":400},{"@type":"BreadcrumbList","@id":"https:\/\/marinpregnancyclinic.org\/es\/para-hombres\/#breadcrumb","itemListElement":[{"@type":"ListItem","position":1,"name":"Home","item":"https:\/\/marinpregnancyclinic.org\/es\/"},{"@type":"ListItem","position":2,"name":"Para hombres"}]},{"@type":"WebSite","@id":"https:\/\/marinpregnancyclinic.org\/es\/#website","url":"https:\/\/marinpregnancyclinic.org\/es\/","name":"Marin Pregnancy Clinic","description":"","potentialAction":[{"@type":"SearchAction","target":{"@type":"EntryPoint","urlTemplate":"https:\/\/marinpregnancyclinic.org\/es\/?s={search_term_string}"},"query-input":{"@type":"PropertyValueSpecification","valueRequired":true,"valueName":"search_term_string"}}],"inLanguage":"es"}]}},"_links":{"self":[{"href":"https:\/\/marinpregnancyclinic.org\/es\/wp-json\/wp\/v2\/pages\/697","targetHints":{"allow":["GET"]}}],"collection":[{"href":"https:\/\/marinpregnancyclinic.org\/es\/wp-json\/wp\/v2\/pages"}],"about":[{"href":"https:\/\/marinpregnancyclinic.org\/es\/wp-json\/wp\/v2\/types\/page"}],"author":[{"embeddable":true,"href":"https:\/\/marinpregnancyclinic.org\/es\/wp-json\/wp\/v2\/users\/1"}],"replies":[{"embeddable":true,"href":"https:\/\/marinpregnancyclinic.org\/es\/wp-json\/wp\/v2\/comments?post=697"}],"version-history":[{"count":2,"href":"https:\/\/marinpregnancyclinic.org\/es\/wp-json\/wp\/v2\/pages\/697\/revisions"}],"predecessor-version":[{"id":1147,"href":"https:\/\/marinpregnancyclinic.org\/es\/wp-json\/wp\/v2\/pages\/697\/revisions\/1147"}],"wp:featuredmedia":[{"embeddable":true,"href":"https:\/\/marinpregnancyclinic.org\/es\/wp-json\/wp\/v2\/media\/589"}],"wp:attachment":[{"href":"https:\/\/marinpregnancyclinic.org\/es\/wp-json\/wp\/v2\/media?parent=697"}],"curies":[{"name":"wp","href":"https:\/\/api.w.org\/{rel}","templated":true}]}}