{"id":699,"date":"2022-10-06T21:17:30","date_gmt":"2022-10-07T04:17:30","guid":{"rendered":"https:\/\/marinpregnancyclinic.org\/testimonios\/"},"modified":"2022-11-08T22:13:55","modified_gmt":"2022-11-09T06:13:55","slug":"testimonios","status":"publish","type":"page","link":"https:\/\/marinpregnancyclinic.org\/es\/testimonios\/","title":{"rendered":"Testimonios"},"content":{"rendered":"<p><strong>&#8220;Todo lo que la cl\u00ednica proporcion\u00f3 fue perfecto, el personal muy amable y comprensivo tambi\u00e9n. Recomiendo encarecidamente la cl\u00ednica. Gracias&#8221;, RT<\/strong><\/p>\n<p><strong>&#8220;\u00a1Ustedes son incre\u00edbles! Gracias por todo&#8221; RN<\/strong><\/p>\n<p><strong>&#8220;Todo esfa muy bien encuanto al proceso y ayuda a mi bebe&#8221; GR<\/strong><\/p>\n<p><strong>&#8220;Me encanta todo lo relacionado con la cl\u00ednica. Estuve aqu\u00ed en mis dos embarazos y todo fue genial. Gracias. YD<\/strong><\/p>\n<p>&#8220;<strong>Muchas gracias por el maravilloso apoyo y la atenci\u00f3n que nos brindaron durante nuestra estancia en Novato. Sois unos voluntarios incre\u00edbles y me sent\u00ed muy c\u00f3moda con todo el personal. Me siento muy bendecida por haberos encontrado, y ojal\u00e1 hubiera m\u00e1s cl\u00ednicas como \u00e9sta en todo el pa\u00eds. Apreciamos mucho todo lo que hacen por la comunidad&#8221;. RA<\/strong><\/p>\n<p><strong>&#8220;\u00a1S\u00f3lo tengo cumplidos que hacer! \u00a1El personal es INCRE\u00cdBLE! La cl\u00ednica me hizo sentir c\u00f3modo y confiado. Estoy triste por tener que decir adi\u00f3s&#8221;. LL<\/strong><\/p>\n<p><strong>&#8220;Quiero compartir lo conmovida que estoy por los servicios que ofrecen a las mam\u00e1s y a la comunidad. \u00a1Ustedes son una bendici\u00f3n en la Tierra! Gracias&#8221; El nombre se mantiene en privado<\/strong><\/p>\n<p><strong>&#8221; Muchas gracias por haberme visitado. Siento no haber vuelto a su cl\u00ednica; la situaci\u00f3n en la que viv\u00eda era realmente insalubre, as\u00ed que volv\u00ed a casa, a Oreg\u00f3n, con mi familia. Tuve un ni\u00f1o hace dos semanas despu\u00e9s de una ces\u00e1rea de emergencia. Es un campe\u00f3n de la lactancia&#8221;. KC<\/strong><\/p>\n<p><strong>&#8220;\u00a1La mejor experiencia de la historia!&#8221; AM<\/strong><\/p>\n<p><strong>&#8220;Esta fue mi segunda vez aqu\u00ed para la atenci\u00f3n obst\u00e9trica; \u00a1nos encanta!&#8221; EP<\/strong><\/p>\n<p><strong>&#8220;Todo fue incre\u00edble. Apreci\u00e9 especialmente los recordatorios de citas por texto&#8221;. JP<\/strong><\/p>\n<p><strong>&#8220;Voy a echar de menos a todos. Sois geniales&#8221;. El nombre se mantiene en privado<\/strong><\/p>\n<p><strong>&#8220;\u00a1Sigue estando aqu\u00ed para los dem\u00e1s! El nombre se mantiene en privado<\/strong><\/p>\n<p><strong>&#8220;Me gusta mucho el servicio son personas muy atentas y dedicadas y me siento que soy muy importante para ellas con todas sus atenciones. Gracias&#8221;. (traducci\u00f3n: Me gusta mucho el servicio son personas muy atentas y dedicadas y me siento que soy muy importante para ellas con todas sus atenciones. Gracias). Nombre mantenido en privado<\/strong><\/p>\n<p><strong>&#8220;La Cl\u00ednica del Embarazo de Mar\u00edn ha sido una bendici\u00f3n durante todo mi embarazo. Me sent\u00ed reconfortada desde el momento en que entr\u00e9 por sus acomodadas puertas. En mis momentos de miedo, excitaci\u00f3n, nerviosismo, ansiedad y felicidad, mis citas en este centro fueron siempre algo que esperaba con ansias. Los miembros del personal son realmente dulces y es obvio que no s\u00f3lo saben lo que est\u00e1n haciendo, sino que tambi\u00e9n aman su trabajo. Son muy organizados y hacen que todo sea muy f\u00e1cil para ti. Te dan todo el tiempo y los recursos que pueden, ya que est\u00e1n impulsados por donaciones y voluntarios. Estoy deseando volver a visitarlos con mi hijo&#8221;. MA<\/strong><\/p>\n<p><strong>&#8220;Ha sido una experiencia maravillosa venir aqu\u00ed y siempre me he sentido bienvenido&#8221;. CA<\/strong><\/p>\n<p><strong>&#8220;Todos han sido respetuosos y amables. Me daba verg\u00fcenza pedir ayuda y he comprobado que nadie me ha maltratado ni me ha hecho sentir inc\u00f3moda. Muchas gracias&#8221;. El nombre se mantiene en privado<\/strong><\/p>\n<p><strong>&#8220;Para mi todo esta perfecto, tienen el personal muy amable y estuve muy contenta y satisfecha con el servicio que me dieron.&#8221; JM<\/strong><\/p>\n<p><strong>&#8220;La CL\u00cdNICA DE EMBARAZO DE MAR\u00cdN fue incre\u00edble. Gracias a todos los que se ofrecieron como voluntarios para hacerla posible. Gracias&#8221;. El nombre se mantiene en privado<\/strong><\/p>\n<p><strong>&#8220;La atenci\u00f3n fue muy buena y todos muy serviciales&#8221;. E.M.<\/strong><\/p>\n<p><strong>&#8220;\u00a1Me encanta esta cl\u00ednica y todo su personal!&#8221; M.P.<\/strong><\/p>\n<p><strong>&#8220;La CL\u00cdNICA DE EMBARAZO DE MAR\u00cdN fue una experiencia maravillosa&#8221;. J.P.<\/strong><\/p>\n<p><strong>&#8220;La CL\u00cdNICA DE EMBARAZO MAR\u00cdN ha sido tan servicial, con cortes\u00eda y respeto. Estoy muy contenta de hacer mi prenatal en la cl\u00ednica&#8221;. El nombre se mantiene en privado<\/strong><\/p>\n<p><strong>&#8220;\u00a1\u00a1Sois todos incre\u00edbles!! \u00a1Hicieron esta experiencia mucho m\u00e1s f\u00e1cil para m\u00ed! Es perfecto!!&#8221; C.M.<\/strong><\/p>\n<p><strong>&#8220;Fue una gran experiencia ser tratado en la cl\u00ednica. Aprecio mucho esta cl\u00ednica. &#8221; S.Y.<\/strong><\/p>\n<p><strong>&#8220;Todo en la cl\u00ednica fue excelente. Que Dios os bendiga siempre. Gracias por todo&#8221;. A.D.<\/strong><\/p>\n<p><strong>&#8220;Seg\u00fan mi experiencia con la cl\u00ednica, me atendieron muy bien&#8221;. M.R.<\/strong><\/p>\n<p><strong>&#8220;La CL\u00cdNICA DE EMBARAZO MAR\u00cdN ha sido una ayuda tremenda para m\u00ed y realmente siento que dan una atenci\u00f3n excelente&#8221;.<br \/>\nEl nombre se mantiene en privado<\/strong><\/p>\n<p><strong>&#8220;\u00a1Todos hicieron un trabajo incre\u00edble! Muy amables y profesionales. Gracias&#8221;. S.G.<\/strong><\/p>\n<p><strong>&#8220;Todos aqu\u00ed en la cl\u00ednica fueron fabulosos. Me hicieron sentir extremadamente c\u00f3modo y bien atendido&#8221;. J.G.<\/strong><\/p>\n","protected":false},"excerpt":{"rendered":"<p>&#8220;Todo lo que la cl\u00ednica proporcion\u00f3 fue perfecto, el personal muy amable y comprensivo tambi\u00e9n. Recomiendo encarecidamente la cl\u00ednica. Gracias&#8221;, RT &#8220;\u00a1Ustedes son incre\u00edbles! Gracias por todo&#8221; RN &#8220;Todo esfa muy bien encuanto al proceso y ayuda a mi bebe&#8221; GR &#8220;Me encanta todo lo relacionado con la cl\u00ednica. Estuve aqu\u00ed en mis dos embarazos<\/p>\n","protected":false},"author":1,"featured_media":0,"parent":0,"menu_order":0,"comment_status":"closed","ping_status":"closed","template":"","meta":{"_acf_changed":false,"footnotes":""},"class_list":["post-699","page","type-page","status-publish","hentry"],"acf":[],"yoast_head":"<!-- This site is optimized with the Yoast SEO plugin v27.5 - https:\/\/yoast.com\/product\/yoast-seo-wordpress\/ -->\n<title>Testimonios - Marin Pregnancy Clinic<\/title>\n<meta name=\"robots\" content=\"index, follow, max-snippet:-1, max-image-preview:large, max-video-preview:-1\" \/>\n<link rel=\"canonical\" href=\"https:\/\/marinpregnancyclinic.org\/es\/testimonios\/\" \/>\n<meta property=\"og:locale\" content=\"es_ES\" \/>\n<meta property=\"og:type\" content=\"article\" \/>\n<meta property=\"og:title\" content=\"Testimonios - Marin Pregnancy Clinic\" \/>\n<meta property=\"og:description\" content=\"&#8220;Todo lo que la cl\u00ednica proporcion\u00f3 fue perfecto, el personal muy amable y comprensivo tambi\u00e9n. Recomiendo encarecidamente la cl\u00ednica. Gracias&#8221;, RT &#8220;\u00a1Ustedes son incre\u00edbles! Gracias por todo&#8221; RN &#8220;Todo esfa muy bien encuanto al proceso y ayuda a mi bebe&#8221; GR &#8220;Me encanta todo lo relacionado con la cl\u00ednica. Estuve aqu\u00ed en mis dos embarazos\" \/>\n<meta property=\"og:url\" content=\"https:\/\/marinpregnancyclinic.org\/es\/testimonios\/\" \/>\n<meta property=\"og:site_name\" content=\"Marin Pregnancy Clinic\" \/>\n<meta property=\"article:modified_time\" content=\"2022-11-09T06:13:55+00:00\" \/>\n<meta name=\"twitter:card\" content=\"summary_large_image\" \/>\n<meta name=\"twitter:label1\" content=\"Tiempo de lectura\" \/>\n\t<meta name=\"twitter:data1\" content=\"4 minutos\" \/>\n<!-- \/ Yoast SEO plugin. -->","yoast_head_json":{"title":"Testimonios - Marin Pregnancy Clinic","robots":{"index":"index","follow":"follow","max-snippet":"max-snippet:-1","max-image-preview":"max-image-preview:large","max-video-preview":"max-video-preview:-1"},"canonical":"https:\/\/marinpregnancyclinic.org\/es\/testimonios\/","og_locale":"es_ES","og_type":"article","og_title":"Testimonios - Marin Pregnancy Clinic","og_description":"&#8220;Todo lo que la cl\u00ednica proporcion\u00f3 fue perfecto, el personal muy amable y comprensivo tambi\u00e9n. Recomiendo encarecidamente la cl\u00ednica. Gracias&#8221;, RT &#8220;\u00a1Ustedes son incre\u00edbles! Gracias por todo&#8221; RN &#8220;Todo esfa muy bien encuanto al proceso y ayuda a mi bebe&#8221; GR &#8220;Me encanta todo lo relacionado con la cl\u00ednica. Estuve aqu\u00ed en mis dos embarazos","og_url":"https:\/\/marinpregnancyclinic.org\/es\/testimonios\/","og_site_name":"Marin Pregnancy Clinic","article_modified_time":"2022-11-09T06:13:55+00:00","twitter_card":"summary_large_image","twitter_misc":{"Tiempo de lectura":"4 minutos"},"schema":{"@context":"https:\/\/schema.org","@graph":[{"@type":"WebPage","@id":"https:\/\/marinpregnancyclinic.org\/es\/testimonios\/","url":"https:\/\/marinpregnancyclinic.org\/es\/testimonios\/","name":"Testimonios - Marin Pregnancy Clinic","isPartOf":{"@id":"https:\/\/marinpregnancyclinic.org\/es\/#website"},"datePublished":"2022-10-07T04:17:30+00:00","dateModified":"2022-11-09T06:13:55+00:00","breadcrumb":{"@id":"https:\/\/marinpregnancyclinic.org\/es\/testimonios\/#breadcrumb"},"inLanguage":"es","potentialAction":[{"@type":"ReadAction","target":["https:\/\/marinpregnancyclinic.org\/es\/testimonios\/"]}]},{"@type":"BreadcrumbList","@id":"https:\/\/marinpregnancyclinic.org\/es\/testimonios\/#breadcrumb","itemListElement":[{"@type":"ListItem","position":1,"name":"Home","item":"https:\/\/marinpregnancyclinic.org\/es\/"},{"@type":"ListItem","position":2,"name":"Testimonios"}]},{"@type":"WebSite","@id":"https:\/\/marinpregnancyclinic.org\/es\/#website","url":"https:\/\/marinpregnancyclinic.org\/es\/","name":"Marin Pregnancy Clinic","description":"","potentialAction":[{"@type":"SearchAction","target":{"@type":"EntryPoint","urlTemplate":"https:\/\/marinpregnancyclinic.org\/es\/?s={search_term_string}"},"query-input":{"@type":"PropertyValueSpecification","valueRequired":true,"valueName":"search_term_string"}}],"inLanguage":"es"}]}},"_links":{"self":[{"href":"https:\/\/marinpregnancyclinic.org\/es\/wp-json\/wp\/v2\/pages\/699","targetHints":{"allow":["GET"]}}],"collection":[{"href":"https:\/\/marinpregnancyclinic.org\/es\/wp-json\/wp\/v2\/pages"}],"about":[{"href":"https:\/\/marinpregnancyclinic.org\/es\/wp-json\/wp\/v2\/types\/page"}],"author":[{"embeddable":true,"href":"https:\/\/marinpregnancyclinic.org\/es\/wp-json\/wp\/v2\/users\/1"}],"replies":[{"embeddable":true,"href":"https:\/\/marinpregnancyclinic.org\/es\/wp-json\/wp\/v2\/comments?post=699"}],"version-history":[{"count":0,"href":"https:\/\/marinpregnancyclinic.org\/es\/wp-json\/wp\/v2\/pages\/699\/revisions"}],"wp:attachment":[{"href":"https:\/\/marinpregnancyclinic.org\/es\/wp-json\/wp\/v2\/media?parent=699"}],"curies":[{"name":"wp","href":"https:\/\/api.w.org\/{rel}","templated":true}]}}