{"id":875,"date":"2020-02-19T13:38:17","date_gmt":"2020-02-19T21:38:17","guid":{"rendered":"https:\/\/marinpregnancyclinic.org\/contacto\/"},"modified":"2022-11-10T04:02:16","modified_gmt":"2022-11-10T12:02:16","slug":"contacto","status":"publish","type":"page","link":"https:\/\/marinpregnancyclinic.org\/pt-br\/contacto\/","title":{"rendered":"Contacto"},"content":{"rendered":"\r\n<h2 class=\"wp-block-heading\">oferecendo cuidados a toda a mulher<\/h2>\r\n<p>Porque voc\u00ea e sua sa\u00fade s\u00e3o importantes para n\u00f3s, oferecemos excelentes servi\u00e7os de gravidez e sa\u00fade. Receba atendimento pr\u00e9-natal, teste e tratamento de DST, informa\u00e7\u00f5es sobre aborto, vacinas contra a gripe, teste de tuberculose, exames p\u00e9lvicos e muito mais.<\/p>\r\n<p>Estamos aqui por voc\u00ea.<\/p>\r\n","protected":false},"excerpt":{"rendered":"<p>oferecendo cuidados a toda a mulher Porque voc\u00ea e sua sa\u00fade s\u00e3o importantes para n\u00f3s, oferecemos excelentes servi\u00e7os de gravidez e sa\u00fade. Receba atendimento pr\u00e9-natal, teste e tratamento de DST, informa\u00e7\u00f5es sobre aborto, vacinas contra a gripe, teste de tuberculose, exames p\u00e9lvicos e muito mais. Estamos aqui por voc\u00ea.<\/p>\n","protected":false},"author":1,"featured_media":829,"parent":0,"menu_order":0,"comment_status":"closed","ping_status":"closed","template":"views\/template-contact.blade.php","meta":{"_acf_changed":false,"footnotes":""},"class_list":["post-875","page","type-page","status-publish","has-post-thumbnail","hentry"],"acf":[],"yoast_head":"<!-- This site is optimized with the Yoast SEO plugin v27.4 - https:\/\/yoast.com\/product\/yoast-seo-wordpress\/ -->\n<title>Contacto - Marin Pregnancy Clinic<\/title>\n<meta name=\"robots\" content=\"index, follow, max-snippet:-1, max-image-preview:large, max-video-preview:-1\" \/>\n<link rel=\"canonical\" href=\"https:\/\/marinpregnancyclinic.org\/pt-br\/contacto\/\" \/>\n<meta property=\"og:locale\" content=\"pt_BR\" \/>\n<meta property=\"og:type\" content=\"article\" \/>\n<meta property=\"og:title\" content=\"Contacto - Marin Pregnancy Clinic\" \/>\n<meta property=\"og:description\" content=\"oferecendo cuidados a toda a mulher Porque voc\u00ea e sua sa\u00fade s\u00e3o importantes para n\u00f3s, oferecemos excelentes servi\u00e7os de gravidez e sa\u00fade. Receba atendimento pr\u00e9-natal, teste e tratamento de DST, informa\u00e7\u00f5es sobre aborto, vacinas contra a gripe, teste de tuberculose, exames p\u00e9lvicos e muito mais. Estamos aqui por voc\u00ea.\" \/>\n<meta property=\"og:url\" content=\"https:\/\/marinpregnancyclinic.org\/pt-br\/contacto\/\" \/>\n<meta property=\"og:site_name\" content=\"Marin Pregnancy Clinic\" \/>\n<meta property=\"article:modified_time\" content=\"2022-11-10T12:02:16+00:00\" \/>\n<meta property=\"og:image\" content=\"https:\/\/marinpregnancyclinic.org\/wp-content\/uploads\/2022\/10\/shutterstock_1757131478.jpg\" \/>\n\t<meta property=\"og:image:width\" content=\"1920\" \/>\n\t<meta property=\"og:image:height\" content=\"1032\" \/>\n\t<meta property=\"og:image:type\" content=\"image\/jpeg\" \/>\n<meta name=\"twitter:card\" content=\"summary_large_image\" \/>\n<meta name=\"twitter:label1\" content=\"Est. tempo de leitura\" \/>\n\t<meta name=\"twitter:data1\" content=\"1 minuto\" \/>\n<!-- \/ Yoast SEO plugin. -->","yoast_head_json":{"title":"Contacto - Marin Pregnancy Clinic","robots":{"index":"index","follow":"follow","max-snippet":"max-snippet:-1","max-image-preview":"max-image-preview:large","max-video-preview":"max-video-preview:-1"},"canonical":"https:\/\/marinpregnancyclinic.org\/pt-br\/contacto\/","og_locale":"pt_BR","og_type":"article","og_title":"Contacto - Marin Pregnancy Clinic","og_description":"oferecendo cuidados a toda a mulher Porque voc\u00ea e sua sa\u00fade s\u00e3o importantes para n\u00f3s, oferecemos excelentes servi\u00e7os de gravidez e sa\u00fade. Receba atendimento pr\u00e9-natal, teste e tratamento de DST, informa\u00e7\u00f5es sobre aborto, vacinas contra a gripe, teste de tuberculose, exames p\u00e9lvicos e muito mais. Estamos aqui por voc\u00ea.","og_url":"https:\/\/marinpregnancyclinic.org\/pt-br\/contacto\/","og_site_name":"Marin Pregnancy Clinic","article_modified_time":"2022-11-10T12:02:16+00:00","og_image":[{"width":1920,"height":1032,"url":"https:\/\/marinpregnancyclinic.org\/wp-content\/uploads\/2022\/10\/shutterstock_1757131478.jpg","type":"image\/jpeg"}],"twitter_card":"summary_large_image","twitter_misc":{"Est. tempo de leitura":"1 minuto"},"schema":{"@context":"https:\/\/schema.org","@graph":[{"@type":"WebPage","@id":"https:\/\/marinpregnancyclinic.org\/pt-br\/contacto\/","url":"https:\/\/marinpregnancyclinic.org\/pt-br\/contacto\/","name":"Contacto - Marin Pregnancy Clinic","isPartOf":{"@id":"https:\/\/marinpregnancyclinic.org\/pt-br\/#website"},"primaryImageOfPage":{"@id":"https:\/\/marinpregnancyclinic.org\/pt-br\/contacto\/#primaryimage"},"image":{"@id":"https:\/\/marinpregnancyclinic.org\/pt-br\/contacto\/#primaryimage"},"thumbnailUrl":"https:\/\/marinpregnancyclinic.org\/wp-content\/uploads\/2022\/10\/shutterstock_1757131478.jpg","datePublished":"2020-02-19T21:38:17+00:00","dateModified":"2022-11-10T12:02:16+00:00","breadcrumb":{"@id":"https:\/\/marinpregnancyclinic.org\/pt-br\/contacto\/#breadcrumb"},"inLanguage":"pt-BR","potentialAction":[{"@type":"ReadAction","target":["https:\/\/marinpregnancyclinic.org\/pt-br\/contacto\/"]}]},{"@type":"ImageObject","inLanguage":"pt-BR","@id":"https:\/\/marinpregnancyclinic.org\/pt-br\/contacto\/#primaryimage","url":"https:\/\/marinpregnancyclinic.org\/wp-content\/uploads\/2022\/10\/shutterstock_1757131478.jpg","contentUrl":"https:\/\/marinpregnancyclinic.org\/wp-content\/uploads\/2022\/10\/shutterstock_1757131478.jpg","width":1920,"height":1032},{"@type":"BreadcrumbList","@id":"https:\/\/marinpregnancyclinic.org\/pt-br\/contacto\/#breadcrumb","itemListElement":[{"@type":"ListItem","position":1,"name":"Home","item":"https:\/\/marinpregnancyclinic.org\/pt-br\/"},{"@type":"ListItem","position":2,"name":"Contacto"}]},{"@type":"WebSite","@id":"https:\/\/marinpregnancyclinic.org\/pt-br\/#website","url":"https:\/\/marinpregnancyclinic.org\/pt-br\/","name":"Marin Pregnancy Clinic","description":"","potentialAction":[{"@type":"SearchAction","target":{"@type":"EntryPoint","urlTemplate":"https:\/\/marinpregnancyclinic.org\/pt-br\/?s={search_term_string}"},"query-input":{"@type":"PropertyValueSpecification","valueRequired":true,"valueName":"search_term_string"}}],"inLanguage":"pt-BR"}]}},"_links":{"self":[{"href":"https:\/\/marinpregnancyclinic.org\/pt-br\/wp-json\/wp\/v2\/pages\/875","targetHints":{"allow":["GET"]}}],"collection":[{"href":"https:\/\/marinpregnancyclinic.org\/pt-br\/wp-json\/wp\/v2\/pages"}],"about":[{"href":"https:\/\/marinpregnancyclinic.org\/pt-br\/wp-json\/wp\/v2\/types\/page"}],"author":[{"embeddable":true,"href":"https:\/\/marinpregnancyclinic.org\/pt-br\/wp-json\/wp\/v2\/users\/1"}],"replies":[{"embeddable":true,"href":"https:\/\/marinpregnancyclinic.org\/pt-br\/wp-json\/wp\/v2\/comments?post=875"}],"version-history":[{"count":0,"href":"https:\/\/marinpregnancyclinic.org\/pt-br\/wp-json\/wp\/v2\/pages\/875\/revisions"}],"wp:featuredmedia":[{"embeddable":true,"href":"https:\/\/marinpregnancyclinic.org\/pt-br\/wp-json\/wp\/v2\/media\/829"}],"wp:attachment":[{"href":"https:\/\/marinpregnancyclinic.org\/pt-br\/wp-json\/wp\/v2\/media?parent=875"}],"curies":[{"name":"wp","href":"https:\/\/api.w.org\/{rel}","templated":true}]}}