{"id":881,"date":"2022-10-06T21:04:28","date_gmt":"2022-10-07T04:04:28","guid":{"rendered":"https:\/\/marinpregnancyclinic.org\/sobre\/"},"modified":"2025-11-25T12:37:31","modified_gmt":"2025-11-25T20:37:31","slug":"sobre","status":"publish","type":"page","link":"https:\/\/marinpregnancyclinic.org\/pt-br\/sobre\/","title":{"rendered":"Sobre"},"content":{"rendered":"<p>A Cl\u00ednica de Gravidez Marin \u00e9 uma cl\u00ednica pr\u00e9-natal licenciada pelo Estado, localizada em Novato, Calif\u00f3rnia. Temos m\u00e9dicos e enfermeiros profissionais, licenciados pelo Estado, no nosso pessoal.<\/p>\n<p>Oferecemos os seguintes servi\u00e7os:<\/p>\n<ul>\n<li>Testes de gravidez<\/li>\n<li>Cuidados pr\u00e9-natais at\u00e9 \u00e0 28\u00aa semana de gravidez<\/li>\n<li>Ultra-sons para os nossos pacientes<\/li>\n<li>Programa de rastreio pr\u00e9-natal CA (testes gen\u00e9ticos)<\/li>\n<li>Testes e tratamento de DST\/DST para doentes<\/li>\n<li>Refer\u00eancias de adop\u00e7\u00e3o<\/li>\n<li>Cuidados p\u00f3s-aborto<\/li>\n<li>Roupa de beb\u00e9 e de maternidade nova ou suavemente utilizada<\/li>\n<\/ul>\n<p>Uma gravidez n\u00e3o planeada pode ser confusa e muitas vezes emocional para si e para o seu parceiro. Compreendemos isto. N\u00e3o oferecemos nem encaminhamos voc\u00ea para a op\u00e7\u00e3o de aborto, mas oferecemos solu\u00e7\u00f5es pr\u00e1ticas e excelente atendimento pr\u00e9-natal at\u00e9 a 28\u00aa semana de gravidez. No final do segundo trimestre, encaminhamos voc\u00ea a um m\u00e9dico, parteira, centro de parto ou cl\u00ednica local que cuidar\u00e1 de voc\u00ea durante o \u00faltimo trimestre.  O nosso programa de encaminhamento pode ser um processo cont\u00ednuo.<\/p>\n<p>Embora n\u00e3o cobramos pelos nossos servi\u00e7os, os laborat\u00f3rios e instala\u00e7\u00f5es com os quais celebramos contratos n\u00e3o prestam os seus servi\u00e7os gratuitamente.  <strong>Se n\u00e3o tiver seguro, podemos ainda assim ajud\u00e1-lo.<\/strong>  Se for financeiramente eleg\u00edvel para o Medi-Cal, podemos inscrev\u00ea-lo para o programa Medi-Cal de Elegibilidade Presuntiva na sua primeira consulta de enfermeira.<\/p>\n<p>&nbsp;<\/p>\n","protected":false},"excerpt":{"rendered":"<p>A Cl\u00ednica de Gravidez Marin \u00e9 uma cl\u00ednica pr\u00e9-natal licenciada pelo Estado, localizada em Novato, Calif\u00f3rnia. Temos m\u00e9dicos e enfermeiros profissionais, licenciados pelo Estado, no nosso pessoal. Oferecemos os seguintes servi\u00e7os: Testes de gravidez Cuidados pr\u00e9-natais at\u00e9 \u00e0 28\u00aa semana de gravidez Ultra-sons para os nossos pacientes Programa de rastreio pr\u00e9-natal CA (testes gen\u00e9ticos) Testes<\/p>\n","protected":false},"author":1,"featured_media":820,"parent":0,"menu_order":0,"comment_status":"closed","ping_status":"closed","template":"","meta":{"_acf_changed":false,"footnotes":""},"class_list":["post-881","page","type-page","status-publish","has-post-thumbnail","hentry"],"acf":[],"yoast_head":"<!-- This site is optimized with the Yoast SEO plugin v27.3 - https:\/\/yoast.com\/product\/yoast-seo-wordpress\/ -->\n<title>Sobre - Marin Pregnancy Clinic<\/title>\n<meta name=\"robots\" content=\"index, follow, max-snippet:-1, max-image-preview:large, max-video-preview:-1\" \/>\n<link rel=\"canonical\" href=\"https:\/\/marinpregnancyclinic.org\/pt-br\/sobre\/\" \/>\n<meta property=\"og:locale\" content=\"pt_BR\" \/>\n<meta property=\"og:type\" content=\"article\" \/>\n<meta property=\"og:title\" content=\"Sobre - Marin Pregnancy Clinic\" \/>\n<meta property=\"og:description\" content=\"A Cl\u00ednica de Gravidez Marin \u00e9 uma cl\u00ednica pr\u00e9-natal licenciada pelo Estado, localizada em Novato, Calif\u00f3rnia. Temos m\u00e9dicos e enfermeiros profissionais, licenciados pelo Estado, no nosso pessoal. Oferecemos os seguintes servi\u00e7os: Testes de gravidez Cuidados pr\u00e9-natais at\u00e9 \u00e0 28\u00aa semana de gravidez Ultra-sons para os nossos pacientes Programa de rastreio pr\u00e9-natal CA (testes gen\u00e9ticos) Testes\" \/>\n<meta property=\"og:url\" content=\"https:\/\/marinpregnancyclinic.org\/pt-br\/sobre\/\" \/>\n<meta property=\"og:site_name\" content=\"Marin Pregnancy Clinic\" \/>\n<meta property=\"article:modified_time\" content=\"2025-11-25T20:37:31+00:00\" \/>\n<meta property=\"og:image\" content=\"https:\/\/marinpregnancyclinic.org\/wp-content\/uploads\/2020\/06\/shutterstock_1505922494.jpg\" \/>\n\t<meta property=\"og:image:width\" content=\"1920\" \/>\n\t<meta property=\"og:image:height\" content=\"1044\" \/>\n\t<meta property=\"og:image:type\" content=\"image\/jpeg\" \/>\n<meta name=\"twitter:card\" content=\"summary_large_image\" \/>\n<meta name=\"twitter:label1\" content=\"Est. tempo de leitura\" \/>\n\t<meta name=\"twitter:data1\" content=\"1 minuto\" \/>\n<!-- \/ Yoast SEO plugin. -->","yoast_head_json":{"title":"Sobre - Marin Pregnancy Clinic","robots":{"index":"index","follow":"follow","max-snippet":"max-snippet:-1","max-image-preview":"max-image-preview:large","max-video-preview":"max-video-preview:-1"},"canonical":"https:\/\/marinpregnancyclinic.org\/pt-br\/sobre\/","og_locale":"pt_BR","og_type":"article","og_title":"Sobre - Marin Pregnancy Clinic","og_description":"A Cl\u00ednica de Gravidez Marin \u00e9 uma cl\u00ednica pr\u00e9-natal licenciada pelo Estado, localizada em Novato, Calif\u00f3rnia. Temos m\u00e9dicos e enfermeiros profissionais, licenciados pelo Estado, no nosso pessoal. Oferecemos os seguintes servi\u00e7os: Testes de gravidez Cuidados pr\u00e9-natais at\u00e9 \u00e0 28\u00aa semana de gravidez Ultra-sons para os nossos pacientes Programa de rastreio pr\u00e9-natal CA (testes gen\u00e9ticos) Testes","og_url":"https:\/\/marinpregnancyclinic.org\/pt-br\/sobre\/","og_site_name":"Marin Pregnancy Clinic","article_modified_time":"2025-11-25T20:37:31+00:00","og_image":[{"width":1920,"height":1044,"url":"https:\/\/marinpregnancyclinic.org\/wp-content\/uploads\/2020\/06\/shutterstock_1505922494.jpg","type":"image\/jpeg"}],"twitter_card":"summary_large_image","twitter_misc":{"Est. tempo de leitura":"1 minuto"},"schema":{"@context":"https:\/\/schema.org","@graph":[{"@type":"WebPage","@id":"https:\/\/marinpregnancyclinic.org\/pt-br\/sobre\/","url":"https:\/\/marinpregnancyclinic.org\/pt-br\/sobre\/","name":"Sobre - Marin Pregnancy Clinic","isPartOf":{"@id":"https:\/\/marinpregnancyclinic.org\/pt-br\/#website"},"primaryImageOfPage":{"@id":"https:\/\/marinpregnancyclinic.org\/pt-br\/sobre\/#primaryimage"},"image":{"@id":"https:\/\/marinpregnancyclinic.org\/pt-br\/sobre\/#primaryimage"},"thumbnailUrl":"https:\/\/marinpregnancyclinic.org\/wp-content\/uploads\/2020\/06\/shutterstock_1505922494.jpg","datePublished":"2022-10-07T04:04:28+00:00","dateModified":"2025-11-25T20:37:31+00:00","breadcrumb":{"@id":"https:\/\/marinpregnancyclinic.org\/pt-br\/sobre\/#breadcrumb"},"inLanguage":"pt-BR","potentialAction":[{"@type":"ReadAction","target":["https:\/\/marinpregnancyclinic.org\/pt-br\/sobre\/"]}]},{"@type":"ImageObject","inLanguage":"pt-BR","@id":"https:\/\/marinpregnancyclinic.org\/pt-br\/sobre\/#primaryimage","url":"https:\/\/marinpregnancyclinic.org\/wp-content\/uploads\/2020\/06\/shutterstock_1505922494.jpg","contentUrl":"https:\/\/marinpregnancyclinic.org\/wp-content\/uploads\/2020\/06\/shutterstock_1505922494.jpg","width":1920,"height":1044},{"@type":"BreadcrumbList","@id":"https:\/\/marinpregnancyclinic.org\/pt-br\/sobre\/#breadcrumb","itemListElement":[{"@type":"ListItem","position":1,"name":"Home","item":"https:\/\/marinpregnancyclinic.org\/pt-br\/"},{"@type":"ListItem","position":2,"name":"Sobre"}]},{"@type":"WebSite","@id":"https:\/\/marinpregnancyclinic.org\/pt-br\/#website","url":"https:\/\/marinpregnancyclinic.org\/pt-br\/","name":"Marin Pregnancy Clinic","description":"","potentialAction":[{"@type":"SearchAction","target":{"@type":"EntryPoint","urlTemplate":"https:\/\/marinpregnancyclinic.org\/pt-br\/?s={search_term_string}"},"query-input":{"@type":"PropertyValueSpecification","valueRequired":true,"valueName":"search_term_string"}}],"inLanguage":"pt-BR"}]}},"_links":{"self":[{"href":"https:\/\/marinpregnancyclinic.org\/pt-br\/wp-json\/wp\/v2\/pages\/881","targetHints":{"allow":["GET"]}}],"collection":[{"href":"https:\/\/marinpregnancyclinic.org\/pt-br\/wp-json\/wp\/v2\/pages"}],"about":[{"href":"https:\/\/marinpregnancyclinic.org\/pt-br\/wp-json\/wp\/v2\/types\/page"}],"author":[{"embeddable":true,"href":"https:\/\/marinpregnancyclinic.org\/pt-br\/wp-json\/wp\/v2\/users\/1"}],"replies":[{"embeddable":true,"href":"https:\/\/marinpregnancyclinic.org\/pt-br\/wp-json\/wp\/v2\/comments?post=881"}],"version-history":[{"count":1,"href":"https:\/\/marinpregnancyclinic.org\/pt-br\/wp-json\/wp\/v2\/pages\/881\/revisions"}],"predecessor-version":[{"id":1137,"href":"https:\/\/marinpregnancyclinic.org\/pt-br\/wp-json\/wp\/v2\/pages\/881\/revisions\/1137"}],"wp:featuredmedia":[{"embeddable":true,"href":"https:\/\/marinpregnancyclinic.org\/pt-br\/wp-json\/wp\/v2\/media\/820"}],"wp:attachment":[{"href":"https:\/\/marinpregnancyclinic.org\/pt-br\/wp-json\/wp\/v2\/media?parent=881"}],"curies":[{"name":"wp","href":"https:\/\/api.w.org\/{rel}","templated":true}]}}