{"id":882,"date":"2022-09-08T05:18:16","date_gmt":"2022-09-08T12:18:16","guid":{"rendered":"https:\/\/marinpregnancyclinic.org\/gravida\/"},"modified":"2022-11-10T02:05:51","modified_gmt":"2022-11-10T10:05:51","slug":"gravida","status":"publish","type":"page","link":"https:\/\/marinpregnancyclinic.org\/pt-br\/gravida\/","title":{"rendered":"Gr\u00e1vida?"},"content":{"rendered":"<p>Se teve recentemente sexo desprotegido (ou talvez mesmo protegido) e est\u00e1 ansiosamente \u00e0 espera que o seu per\u00edodo comece, pode estar gr\u00e1vida. Existem muitos m\u00e9todos contraceptivos, mas nenhum \u00e9 100% eficaz. Como resultado, h\u00e1 sempre uma hip\u00f3tese de gravidez se tiver sido sexualmente activa.<\/p>\n<h2>Sintomas de Gravidez Precoce<\/h2>\n<p>Um per\u00edodo tardio ou perdido \u00e9 geralmente o primeiro sinal de gravidez, mas tamb\u00e9m existem outros sintomas. De acordo com a <a href=\"https:\/\/www.mayoclinic.org\/healthy-lifestyle\/getting-pregnant\/in-depth\/symptoms-of-pregnancy\/art-20043853\" target=\"_blank\" rel=\"noopener external noreferrer\" data-wpel-link=\"external\">Cl\u00ednica Mayo<\/a>, estes s\u00e3o alguns dos primeiros sintomas de gravidez.<\/p>\n<ul>\n<li>N\u00e1useas com ou sem v\u00f3mitos<\/li>\n<li>Ternura do peito<\/li>\n<li>Urina\u00e7\u00e3o frequente<\/li>\n<li>Sentir-se cansado<\/li>\n<li>Mudan\u00e7as de humor<\/li>\n<\/ul>\n<p>Existem tamb\u00e9m outras raz\u00f5es m\u00e9dicas para alguns destes sintomas. Por exemplo, n\u00e1useas e fadiga podem ser um sinal de gripe. A necessidade frequente de urinar pode ser um sinal de uma infec\u00e7\u00e3o do tracto urin\u00e1rio, e um desequil\u00edbrio hormonal pode ser a raz\u00e3o para uma mudan\u00e7a no seu ciclo mensal. O melhor lugar para come\u00e7ar \u00e9 com um teste de gravidez.<\/p>\n<h2>Teste de Gravidez de Qualidade de Laborat\u00f3rio<\/h2>\n<p>N\u00e3o se deixe dominar por uma poss\u00edvel gravidez inesperada ou n\u00e3o planeada. Descubra com certeza se est\u00e1 gr\u00e1vida e aproximadamente a que dist\u00e2ncia se encontra. Visite-nos para uma consulta de teste de gravidez.<\/p>\n<p>Os nossos testes de gravidez s\u00e3o aprovados pelo Estado (CLIA) e s\u00e3o eficazes at\u00e9 uma semana antes do seu per\u00edodo menstrual. A sua consulta inicial para um teste de gravidez demorar\u00e1 cerca de 15 a 20 minutos. Se o seu teste de gravidez for positivo, podemos marcar-lhe uma consulta com uma enfermeira e fazer uma ecografia.<\/p>\n<p>Al\u00e9m disso, podemos agendar um exame de acompanhamento com um m\u00e9dico na nossa cl\u00ednica.<\/p>\n<h2>Vamos falar sobre as suas op\u00e7\u00f5es<\/h2>\n<p>Agora que j\u00e1 verificou a sua gravidez com um teste de gravidez de qualidade laboratorial e ultra-som, est\u00e1 na altura de analisar mais de perto as suas op\u00e7\u00f5es. Pode encontrar-se com um membro da nossa equipa de assist\u00eancia a doentes e falar sobre a sua situa\u00e7\u00e3o. N\u00f3s preocupamo-nos consigo e com o seu futuro.<\/p>\n<p>Oferecemos educa\u00e7\u00e3o m\u00e9dica baseada em provas sobre a sua gravidez e aborto. Al\u00e9m disso, podemos discutir a possibilidade de o ajudar a fazer um plano de adop\u00e7\u00e3o, ou de o apoiar na escolha dos pais. H\u00e1 muitos recursos \u00e0 sua disposi\u00e7\u00e3o.<\/p>\n","protected":false},"excerpt":{"rendered":"<p>Se teve recentemente sexo desprotegido (ou talvez mesmo protegido) e est\u00e1 ansiosamente \u00e0 espera que o seu per\u00edodo comece, pode estar gr\u00e1vida. Existem muitos m\u00e9todos contraceptivos, mas nenhum \u00e9 100% eficaz. Como resultado, h\u00e1 sempre uma hip\u00f3tese de gravidez se tiver sido sexualmente activa. Sintomas de Gravidez Precoce Um per\u00edodo tardio ou perdido \u00e9 geralmente<\/p>\n","protected":false},"author":2,"featured_media":863,"parent":0,"menu_order":0,"comment_status":"closed","ping_status":"closed","template":"","meta":{"_acf_changed":false,"footnotes":""},"class_list":["post-882","page","type-page","status-publish","has-post-thumbnail","hentry"],"acf":[],"yoast_head":"<!-- This site is optimized with the Yoast SEO plugin v27.4 - https:\/\/yoast.com\/product\/yoast-seo-wordpress\/ -->\n<title>Gr\u00e1vida? - Marin Pregnancy Clinic<\/title>\n<meta name=\"robots\" content=\"index, follow, max-snippet:-1, max-image-preview:large, max-video-preview:-1\" \/>\n<link rel=\"canonical\" href=\"https:\/\/marinpregnancyclinic.org\/pt-br\/gravida\/\" \/>\n<meta property=\"og:locale\" content=\"pt_BR\" \/>\n<meta property=\"og:type\" content=\"article\" \/>\n<meta property=\"og:title\" content=\"Gr\u00e1vida? - Marin Pregnancy Clinic\" \/>\n<meta property=\"og:description\" content=\"Se teve recentemente sexo desprotegido (ou talvez mesmo protegido) e est\u00e1 ansiosamente \u00e0 espera que o seu per\u00edodo comece, pode estar gr\u00e1vida. Existem muitos m\u00e9todos contraceptivos, mas nenhum \u00e9 100% eficaz. Como resultado, h\u00e1 sempre uma hip\u00f3tese de gravidez se tiver sido sexualmente activa. Sintomas de Gravidez Precoce Um per\u00edodo tardio ou perdido \u00e9 geralmente\" \/>\n<meta property=\"og:url\" content=\"https:\/\/marinpregnancyclinic.org\/pt-br\/gravida\/\" \/>\n<meta property=\"og:site_name\" content=\"Marin Pregnancy Clinic\" \/>\n<meta property=\"article:modified_time\" content=\"2022-11-10T10:05:51+00:00\" \/>\n<meta property=\"og:image\" content=\"https:\/\/marinpregnancyclinic.org\/wp-content\/uploads\/2022\/11\/Girl_inJeans_iStock-1329809653-e1667510380613.jpg\" \/>\n\t<meta property=\"og:image:width\" content=\"1920\" \/>\n\t<meta property=\"og:image:height\" content=\"998\" \/>\n\t<meta property=\"og:image:type\" content=\"image\/jpeg\" \/>\n<meta name=\"twitter:card\" content=\"summary_large_image\" \/>\n<meta name=\"twitter:label1\" content=\"Est. tempo de leitura\" \/>\n\t<meta name=\"twitter:data1\" content=\"2 minutos\" \/>\n<!-- \/ Yoast SEO plugin. -->","yoast_head_json":{"title":"Gr\u00e1vida? - Marin Pregnancy Clinic","robots":{"index":"index","follow":"follow","max-snippet":"max-snippet:-1","max-image-preview":"max-image-preview:large","max-video-preview":"max-video-preview:-1"},"canonical":"https:\/\/marinpregnancyclinic.org\/pt-br\/gravida\/","og_locale":"pt_BR","og_type":"article","og_title":"Gr\u00e1vida? - Marin Pregnancy Clinic","og_description":"Se teve recentemente sexo desprotegido (ou talvez mesmo protegido) e est\u00e1 ansiosamente \u00e0 espera que o seu per\u00edodo comece, pode estar gr\u00e1vida. Existem muitos m\u00e9todos contraceptivos, mas nenhum \u00e9 100% eficaz. Como resultado, h\u00e1 sempre uma hip\u00f3tese de gravidez se tiver sido sexualmente activa. Sintomas de Gravidez Precoce Um per\u00edodo tardio ou perdido \u00e9 geralmente","og_url":"https:\/\/marinpregnancyclinic.org\/pt-br\/gravida\/","og_site_name":"Marin Pregnancy Clinic","article_modified_time":"2022-11-10T10:05:51+00:00","og_image":[{"width":1920,"height":998,"url":"https:\/\/marinpregnancyclinic.org\/wp-content\/uploads\/2022\/11\/Girl_inJeans_iStock-1329809653-e1667510380613.jpg","type":"image\/jpeg"}],"twitter_card":"summary_large_image","twitter_misc":{"Est. tempo de leitura":"2 minutos"},"schema":{"@context":"https:\/\/schema.org","@graph":[{"@type":"WebPage","@id":"https:\/\/marinpregnancyclinic.org\/pt-br\/gravida\/","url":"https:\/\/marinpregnancyclinic.org\/pt-br\/gravida\/","name":"Gr\u00e1vida? - Marin Pregnancy Clinic","isPartOf":{"@id":"https:\/\/marinpregnancyclinic.org\/pt-br\/#website"},"primaryImageOfPage":{"@id":"https:\/\/marinpregnancyclinic.org\/pt-br\/gravida\/#primaryimage"},"image":{"@id":"https:\/\/marinpregnancyclinic.org\/pt-br\/gravida\/#primaryimage"},"thumbnailUrl":"https:\/\/marinpregnancyclinic.org\/wp-content\/uploads\/2022\/11\/Girl_inJeans_iStock-1329809653-e1667510380613.jpg","datePublished":"2022-09-08T12:18:16+00:00","dateModified":"2022-11-10T10:05:51+00:00","breadcrumb":{"@id":"https:\/\/marinpregnancyclinic.org\/pt-br\/gravida\/#breadcrumb"},"inLanguage":"pt-BR","potentialAction":[{"@type":"ReadAction","target":["https:\/\/marinpregnancyclinic.org\/pt-br\/gravida\/"]}]},{"@type":"ImageObject","inLanguage":"pt-BR","@id":"https:\/\/marinpregnancyclinic.org\/pt-br\/gravida\/#primaryimage","url":"https:\/\/marinpregnancyclinic.org\/wp-content\/uploads\/2022\/11\/Girl_inJeans_iStock-1329809653-e1667510380613.jpg","contentUrl":"https:\/\/marinpregnancyclinic.org\/wp-content\/uploads\/2022\/11\/Girl_inJeans_iStock-1329809653-e1667510380613.jpg","width":1920,"height":998},{"@type":"BreadcrumbList","@id":"https:\/\/marinpregnancyclinic.org\/pt-br\/gravida\/#breadcrumb","itemListElement":[{"@type":"ListItem","position":1,"name":"Home","item":"https:\/\/marinpregnancyclinic.org\/pt-br\/"},{"@type":"ListItem","position":2,"name":"Gr\u00e1vida?"}]},{"@type":"WebSite","@id":"https:\/\/marinpregnancyclinic.org\/pt-br\/#website","url":"https:\/\/marinpregnancyclinic.org\/pt-br\/","name":"Marin Pregnancy Clinic","description":"","potentialAction":[{"@type":"SearchAction","target":{"@type":"EntryPoint","urlTemplate":"https:\/\/marinpregnancyclinic.org\/pt-br\/?s={search_term_string}"},"query-input":{"@type":"PropertyValueSpecification","valueRequired":true,"valueName":"search_term_string"}}],"inLanguage":"pt-BR"}]}},"_links":{"self":[{"href":"https:\/\/marinpregnancyclinic.org\/pt-br\/wp-json\/wp\/v2\/pages\/882","targetHints":{"allow":["GET"]}}],"collection":[{"href":"https:\/\/marinpregnancyclinic.org\/pt-br\/wp-json\/wp\/v2\/pages"}],"about":[{"href":"https:\/\/marinpregnancyclinic.org\/pt-br\/wp-json\/wp\/v2\/types\/page"}],"author":[{"embeddable":true,"href":"https:\/\/marinpregnancyclinic.org\/pt-br\/wp-json\/wp\/v2\/users\/2"}],"replies":[{"embeddable":true,"href":"https:\/\/marinpregnancyclinic.org\/pt-br\/wp-json\/wp\/v2\/comments?post=882"}],"version-history":[{"count":0,"href":"https:\/\/marinpregnancyclinic.org\/pt-br\/wp-json\/wp\/v2\/pages\/882\/revisions"}],"wp:featuredmedia":[{"embeddable":true,"href":"https:\/\/marinpregnancyclinic.org\/pt-br\/wp-json\/wp\/v2\/media\/863"}],"wp:attachment":[{"href":"https:\/\/marinpregnancyclinic.org\/pt-br\/wp-json\/wp\/v2\/media?parent=882"}],"curies":[{"name":"wp","href":"https:\/\/api.w.org\/{rel}","templated":true}]}}