{"id":884,"date":"2020-06-05T07:23:27","date_gmt":"2020-06-05T14:23:27","guid":{"rendered":"https:\/\/marinpregnancyclinic.org\/servicos\/teste-de-gravidez\/"},"modified":"2024-09-15T14:07:45","modified_gmt":"2024-09-15T21:07:45","slug":"teste-de-gravidez","status":"publish","type":"page","link":"https:\/\/marinpregnancyclinic.org\/pt-br\/servicos\/teste-de-gravidez\/","title":{"rendered":"Teste de Gravidez"},"content":{"rendered":"&#13;\n<div class=\"\" data-block=\"true\" data-editor=\"ftibb\" data-offset-key=\"bvmvn-0-0\">&#13;\n<div class=\"public-DraftStyleDefault-block public-DraftStyleDefault-ltr\" data-offset-key=\"bvmvn-0-0\"><span data-offset-key=\"bvmvn-0-0\">Your period is late, and you&#8217;re not feeling so great. Do you think you&#8217;re pregnant? Now&#8217;s the time to find out. Come to Marin Pregnancy Clinic for a lab-quality urine pregnancy testing appointment. We use state-approved (CLIA &#8211; Clinical Laboratory Improvement Amendments) and highly sensitive tests.<\/span><\/div>&#13;\n<\/div>&#13;\n<div data-offset-key=\"bvmvn-0-0\">\u00a0<\/div>&#13;\n<h2 data-offset-key=\"bvmvn-0-0\">lab-quality Pregnancy Tests<\/h2>&#13;\n<div class=\"\" data-block=\"true\" data-editor=\"ftibb\" data-offset-key=\"c5q5q-0-0\">&#13;\n<div class=\"public-DraftStyleDefault-block public-DraftStyleDefault-ltr\" data-offset-key=\"c5q5q-0-0\"><span data-offset-key=\"c5q5q-0-0\">Pregnancy tests detect a pregnancy hormone called human chorionic gonadotropin (hCG) in your urine. This hormone is only found in urine if a woman is pregnant or recently miscarried.\u00a0<\/span><\/div>&#13;\n<div class=\"public-DraftStyleDefault-block public-DraftStyleDefault-ltr\" data-offset-key=\"c5q5q-0-0\"><span data-offset-key=\"c5q5q-0-0\">\u00a0<\/span><\/div>&#13;\n<\/div>&#13;\n<div class=\"\" data-block=\"true\" data-editor=\"ftibb\" data-offset-key=\"23qto-0-0\">&#13;\n<div class=\"public-DraftStyleDefault-block public-DraftStyleDefault-ltr\" data-offset-key=\"23qto-0-0\">Schedule an appointment to take a pregnancy test and meet with a nurse to discuss your health history. The test only takes about 15 to 20 minutes, and you&#8217;ll have the results immediately.<\/div>&#13;\n<\/div>&#13;\n<div data-offset-key=\"23qto-0-0\">\u00a0<\/div>&#13;\n<div data-offset-key=\"23qto-0-0\">Text us at <a href=\"tel:4158920558\" data-wpel-link=\"internal\">415-892-0558<\/a> or call <a href=\"tel:4158920558\" data-wpel-link=\"internal\">415-892-0558<\/a> to schedule an appointment.\u00a0<\/div>&#13;\n<div data-offset-key=\"23qto-0-0\">\u00a0<\/div>&#13;\n<h2 data-offset-key=\"23qto-0-0\">Can I Take A Home Pregnancy Test?<\/h2>&#13;\n<p>Os testes de gravidez em casa s\u00e3o fi\u00e1veis, mas \u00e9 necess\u00e1rio escolher o teste adequado a fazer num determinado momento. Alguns testes de gravidez em casa s\u00e3o mais sens\u00edveis do que outros, pelo que a selec\u00e7\u00e3o do teste correcto \u00e9 essencial.  <\/p>&#13;\n<p>Se j\u00e1 fez um teste de gravidez em casa, pode acompanhar com um dos nossos testes de qualidade de laborat\u00f3rio. O nosso pessoal ir\u00e1 ajud\u00e1-lo a realizar o teste para garantir que obtenha os resultados mais exactos.  <\/p>&#13;\n<h2>What If The Test Is Positive?<\/h2>&#13;\n<p>Descobrir uma gravidez inesperada pode ser avassalador e por vezes assustador. Se receber um resultado positivo de um dos nossos testes de gravidez, podemos marcar uma consulta com uma enfermeira. Agendar-lhe-emos ent\u00e3o uma ecografia de seguimento.<\/p>&#13;\n<p>Um teste de gravidez positivo indica a possibilidade de gravidez. \u00c9 necess\u00e1rio uma ecografia para confirmar se a sua gravidez \u00e9 vi\u00e1vel (crescer com um batimento card\u00edaco detect\u00e1vel). Apenas uma ecografia revela at\u00e9 que ponto a sua gravidez est\u00e1, se for vi\u00e1vel, e localizada no local correcto no seu \u00fatero.<\/p>&#13;\n<p>O nosso pessoal m\u00e9dico profissional pode educ\u00e1-lo e responder \u00e0s suas perguntas sobre gravidez, aborto, DSTs, e outras quest\u00f5es de sa\u00fade relacionadas.  <\/p>&#13;\n","protected":false},"excerpt":{"rendered":"<p>Um teste de gravidez \u00e9 um dos primeiros passos para determinar se se est\u00e1 gr\u00e1vida. Oferecemos consultas de testes de urina com qualidade de laborat\u00f3rio. Os nossos testes s\u00e3o aprovados pelo Estado (CLIA) e eficazes at\u00e9 uma semana antes da data prevista para o seu per\u00edodo. Mesmo que j\u00e1 tenha feito um teste de gravidez em casa, fa\u00e7a o seguimento com um teste de gravidez da nossa parte.<\/p>\n","protected":false},"author":1,"featured_media":826,"parent":872,"menu_order":1,"comment_status":"closed","ping_status":"closed","template":"","meta":{"_acf_changed":false,"footnotes":""},"class_list":["post-884","page","type-page","status-publish","has-post-thumbnail","hentry"],"acf":[],"yoast_head":"<!-- This site is optimized with the Yoast SEO plugin v27.4 - https:\/\/yoast.com\/product\/yoast-seo-wordpress\/ -->\n<title>Teste de Gravidez - Marin Pregnancy Clinic<\/title>\n<meta name=\"robots\" content=\"index, follow, max-snippet:-1, max-image-preview:large, max-video-preview:-1\" \/>\n<link rel=\"canonical\" href=\"https:\/\/marinpregnancyclinic.org\/pt-br\/servicos\/teste-de-gravidez\/\" \/>\n<meta property=\"og:locale\" content=\"pt_BR\" \/>\n<meta property=\"og:type\" content=\"article\" \/>\n<meta property=\"og:title\" content=\"Teste de Gravidez - Marin Pregnancy Clinic\" \/>\n<meta property=\"og:description\" content=\"Um teste de gravidez \u00e9 um dos primeiros passos para determinar se se est\u00e1 gr\u00e1vida. Oferecemos consultas de testes de urina com qualidade de laborat\u00f3rio. Os nossos testes s\u00e3o aprovados pelo Estado (CLIA) e eficazes at\u00e9 uma semana antes da data prevista para o seu per\u00edodo. Mesmo que j\u00e1 tenha feito um teste de gravidez em casa, fa\u00e7a o seguimento com um teste de gravidez da nossa parte.\" \/>\n<meta property=\"og:url\" content=\"https:\/\/marinpregnancyclinic.org\/pt-br\/servicos\/teste-de-gravidez\/\" \/>\n<meta property=\"og:site_name\" content=\"Marin Pregnancy Clinic\" \/>\n<meta property=\"article:modified_time\" content=\"2024-09-15T21:07:45+00:00\" \/>\n<meta property=\"og:image\" content=\"https:\/\/marinpregnancyclinic.org\/wp-content\/uploads\/2022\/09\/shutterstock_2141219363-cropped-e1664394403757.jpg\" \/>\n\t<meta property=\"og:image:width\" content=\"1920\" \/>\n\t<meta property=\"og:image:height\" content=\"1180\" \/>\n\t<meta property=\"og:image:type\" content=\"image\/jpeg\" \/>\n<meta name=\"twitter:card\" content=\"summary_large_image\" \/>\n<meta name=\"twitter:label1\" content=\"Est. tempo de leitura\" \/>\n\t<meta name=\"twitter:data1\" content=\"2 minutos\" \/>\n<!-- \/ Yoast SEO plugin. -->","yoast_head_json":{"title":"Teste de Gravidez - Marin Pregnancy Clinic","robots":{"index":"index","follow":"follow","max-snippet":"max-snippet:-1","max-image-preview":"max-image-preview:large","max-video-preview":"max-video-preview:-1"},"canonical":"https:\/\/marinpregnancyclinic.org\/pt-br\/servicos\/teste-de-gravidez\/","og_locale":"pt_BR","og_type":"article","og_title":"Teste de Gravidez - Marin Pregnancy Clinic","og_description":"Um teste de gravidez \u00e9 um dos primeiros passos para determinar se se est\u00e1 gr\u00e1vida. Oferecemos consultas de testes de urina com qualidade de laborat\u00f3rio. Os nossos testes s\u00e3o aprovados pelo Estado (CLIA) e eficazes at\u00e9 uma semana antes da data prevista para o seu per\u00edodo. Mesmo que j\u00e1 tenha feito um teste de gravidez em casa, fa\u00e7a o seguimento com um teste de gravidez da nossa parte.","og_url":"https:\/\/marinpregnancyclinic.org\/pt-br\/servicos\/teste-de-gravidez\/","og_site_name":"Marin Pregnancy Clinic","article_modified_time":"2024-09-15T21:07:45+00:00","og_image":[{"width":1920,"height":1180,"url":"https:\/\/marinpregnancyclinic.org\/wp-content\/uploads\/2022\/09\/shutterstock_2141219363-cropped-e1664394403757.jpg","type":"image\/jpeg"}],"twitter_card":"summary_large_image","twitter_misc":{"Est. tempo de leitura":"2 minutos"},"schema":{"@context":"https:\/\/schema.org","@graph":[{"@type":"WebPage","@id":"https:\/\/marinpregnancyclinic.org\/pt-br\/servicos\/teste-de-gravidez\/","url":"https:\/\/marinpregnancyclinic.org\/pt-br\/servicos\/teste-de-gravidez\/","name":"Teste de Gravidez - Marin Pregnancy Clinic","isPartOf":{"@id":"https:\/\/marinpregnancyclinic.org\/pt-br\/#website"},"primaryImageOfPage":{"@id":"https:\/\/marinpregnancyclinic.org\/pt-br\/servicos\/teste-de-gravidez\/#primaryimage"},"image":{"@id":"https:\/\/marinpregnancyclinic.org\/pt-br\/servicos\/teste-de-gravidez\/#primaryimage"},"thumbnailUrl":"https:\/\/marinpregnancyclinic.org\/wp-content\/uploads\/2022\/09\/shutterstock_2141219363-cropped-e1664394403757.jpg","datePublished":"2020-06-05T14:23:27+00:00","dateModified":"2024-09-15T21:07:45+00:00","breadcrumb":{"@id":"https:\/\/marinpregnancyclinic.org\/pt-br\/servicos\/teste-de-gravidez\/#breadcrumb"},"inLanguage":"pt-BR","potentialAction":[{"@type":"ReadAction","target":["https:\/\/marinpregnancyclinic.org\/pt-br\/servicos\/teste-de-gravidez\/"]}]},{"@type":"ImageObject","inLanguage":"pt-BR","@id":"https:\/\/marinpregnancyclinic.org\/pt-br\/servicos\/teste-de-gravidez\/#primaryimage","url":"https:\/\/marinpregnancyclinic.org\/wp-content\/uploads\/2022\/09\/shutterstock_2141219363-cropped-e1664394403757.jpg","contentUrl":"https:\/\/marinpregnancyclinic.org\/wp-content\/uploads\/2022\/09\/shutterstock_2141219363-cropped-e1664394403757.jpg","width":1920,"height":1180},{"@type":"BreadcrumbList","@id":"https:\/\/marinpregnancyclinic.org\/pt-br\/servicos\/teste-de-gravidez\/#breadcrumb","itemListElement":[{"@type":"ListItem","position":1,"name":"Home","item":"https:\/\/marinpregnancyclinic.org\/pt-br\/"},{"@type":"ListItem","position":2,"name":"Servi\u00e7os","item":"https:\/\/marinpregnancyclinic.org\/pt-br\/servicos\/"},{"@type":"ListItem","position":3,"name":"Teste de Gravidez"}]},{"@type":"WebSite","@id":"https:\/\/marinpregnancyclinic.org\/pt-br\/#website","url":"https:\/\/marinpregnancyclinic.org\/pt-br\/","name":"Marin Pregnancy Clinic","description":"","potentialAction":[{"@type":"SearchAction","target":{"@type":"EntryPoint","urlTemplate":"https:\/\/marinpregnancyclinic.org\/pt-br\/?s={search_term_string}"},"query-input":{"@type":"PropertyValueSpecification","valueRequired":true,"valueName":"search_term_string"}}],"inLanguage":"pt-BR"}]}},"_links":{"self":[{"href":"https:\/\/marinpregnancyclinic.org\/pt-br\/wp-json\/wp\/v2\/pages\/884","targetHints":{"allow":["GET"]}}],"collection":[{"href":"https:\/\/marinpregnancyclinic.org\/pt-br\/wp-json\/wp\/v2\/pages"}],"about":[{"href":"https:\/\/marinpregnancyclinic.org\/pt-br\/wp-json\/wp\/v2\/types\/page"}],"author":[{"embeddable":true,"href":"https:\/\/marinpregnancyclinic.org\/pt-br\/wp-json\/wp\/v2\/users\/1"}],"replies":[{"embeddable":true,"href":"https:\/\/marinpregnancyclinic.org\/pt-br\/wp-json\/wp\/v2\/comments?post=884"}],"version-history":[{"count":0,"href":"https:\/\/marinpregnancyclinic.org\/pt-br\/wp-json\/wp\/v2\/pages\/884\/revisions"}],"up":[{"embeddable":true,"href":"https:\/\/marinpregnancyclinic.org\/pt-br\/wp-json\/wp\/v2\/pages\/872"}],"wp:featuredmedia":[{"embeddable":true,"href":"https:\/\/marinpregnancyclinic.org\/pt-br\/wp-json\/wp\/v2\/media\/826"}],"wp:attachment":[{"href":"https:\/\/marinpregnancyclinic.org\/pt-br\/wp-json\/wp\/v2\/media?parent=884"}],"curies":[{"name":"wp","href":"https:\/\/api.w.org\/{rel}","templated":true}]}}