{"id":894,"date":"2020-02-19T13:37:41","date_gmt":"2020-02-19T21:37:41","guid":{"rendered":"https:\/\/marinpregnancyclinic.org\/faq\/"},"modified":"2022-11-10T03:31:38","modified_gmt":"2022-11-10T11:31:38","slug":"pf","status":"publish","type":"page","link":"https:\/\/marinpregnancyclinic.org\/pt-br\/pf\/","title":{"rendered":"PF"},"content":{"rendered":"<h3>Como funciona um teste de gravidez?<\/h3>\n<p><span data-offset-key=\"c5q5q-0-0\">Os testes de gravidez detectam uma hormona chamada gonadotropina cori\u00f3nica humana (hCG) na sua urina. Esta hormona s\u00f3 \u00e9 encontrada na urina se uma mulher estiver gr\u00e1vida ou tiver abortado recentemente. <\/span><\/p>\n<h3>A sua cl\u00ednica tem uma licen\u00e7a m\u00e9dica?<\/h3>\n<p>A Cl\u00ednica de Gravidez Marin \u00e9 uma cl\u00ednica pr\u00e9-natal licenciada pelo Estado, localizada em Novato, Calif\u00f3rnia. Temos m\u00e9dicos e enfermeiros profissionais, licenciados pelo Estado, no nosso pessoal.<\/p>\n<h3>O que posso esperar como paciente?<\/h3>\n<p>Oferecemos os seguintes servi\u00e7os:<\/p>\n<ul>\n<li>Testes de gravidez<\/li>\n<li>Cuidados pr\u00e9-natais at\u00e9 \u00e0 28\u00aa semana de gravidez<\/li>\n<li>Ultra-sons para os nossos pacientes<\/li>\n<li>Programa de rastreio pr\u00e9-natal CA (testes gen\u00e9ticos)<\/li>\n<li>Testes e tratamento de DST\/DST para doentes<\/li>\n<li>Refer\u00eancias de adop\u00e7\u00e3o<\/li>\n<li>Cuidados p\u00f3s-aborto<\/li>\n<li><span data-slate-fragment=\"JTVCJTdCJTIydHlwZSUyMiUzQSUyMnBhcmFncmFwaCUyMiUyQyUyMmNoaWxkcmVuJTIyJTNBJTVCJTdCJTIydGV4dCUyMiUzQSUyMnNwYW5pc2glMjBzcGVha2luZyUyMG51cnNlcyUyMGFuZCUyMGRvY3RvcnMlMjIlN0QlNUQlN0QlNUQ=\">Enfermeiros e m\u00e9dicos de l\u00edngua espanhola<\/span><\/li>\n<\/ul>\n<h3>Vou precisar de seguro?<\/h3>\n<p>Embora n\u00e3o cobramos pelos nossos servi\u00e7os, os laborat\u00f3rios e instala\u00e7\u00f5es com os quais celebramos contratos n\u00e3o prestam os seus servi\u00e7os gratuitamente. Se n\u00e3o tiver seguro, podemos ainda assim ajud\u00e1-lo.<\/p>\n<h3>Porque \u00e9 que preciso de uma ecografia?<\/h3>\n<p>Um ultra-som mostra:<\/p>\n<ul>\n<li>A viabilidade da gravidez com base num batimento card\u00edaco detect\u00e1vel<\/li>\n<li>Quanto tempo leva a gravidez (a idade gestacional)<\/li>\n<li>O local exacto da gravidez. Uma gravidez ect\u00f3pica \u00e9 quando o \u00f3vulo fertilizado foi implantado fora do \u00fatero, o que pode ser perigoso para a sua sa\u00fade.<\/li>\n<\/ul>\n<h3>E se eu tiver uma DST\/DST?<\/h3>\n<p><span data-offset-key=\"4e0us-0-0\">As mulheres devem testar regularmente as DSTs e as DSTs. As mulheres gr\u00e1vidas devem dar prioridade aos testes de DST e ao potencial tratamento, quer estejam a planear continuar a sua gravidez ou fazer um aborto porque as DST podem causar infertilidade futura ou infec\u00e7\u00e3o grave.<\/span><\/p>\n","protected":false},"excerpt":{"rendered":"<p>Como funciona um teste de gravidez? Os testes de gravidez detectam uma hormona chamada gonadotropina cori\u00f3nica humana (hCG) na sua urina. Esta hormona s\u00f3 \u00e9 encontrada na urina se uma mulher estiver gr\u00e1vida ou tiver abortado recentemente. A sua cl\u00ednica tem uma licen\u00e7a m\u00e9dica? A Cl\u00ednica de Gravidez Marin \u00e9 uma cl\u00ednica pr\u00e9-natal licenciada pelo<\/p>\n","protected":false},"author":1,"featured_media":852,"parent":0,"menu_order":0,"comment_status":"closed","ping_status":"closed","template":"","meta":{"_acf_changed":false,"footnotes":""},"class_list":["post-894","page","type-page","status-publish","has-post-thumbnail","hentry"],"acf":[],"yoast_head":"<!-- This site is optimized with the Yoast SEO plugin v27.4 - https:\/\/yoast.com\/product\/yoast-seo-wordpress\/ -->\n<title>PF - Marin Pregnancy Clinic<\/title>\n<meta name=\"robots\" content=\"index, follow, max-snippet:-1, max-image-preview:large, max-video-preview:-1\" \/>\n<link rel=\"canonical\" href=\"https:\/\/marinpregnancyclinic.org\/pt-br\/pf\/\" \/>\n<meta property=\"og:locale\" content=\"pt_BR\" \/>\n<meta property=\"og:type\" content=\"article\" \/>\n<meta property=\"og:title\" content=\"PF - Marin Pregnancy Clinic\" \/>\n<meta property=\"og:description\" content=\"Como funciona um teste de gravidez? Os testes de gravidez detectam uma hormona chamada gonadotropina cori\u00f3nica humana (hCG) na sua urina. Esta hormona s\u00f3 \u00e9 encontrada na urina se uma mulher estiver gr\u00e1vida ou tiver abortado recentemente. A sua cl\u00ednica tem uma licen\u00e7a m\u00e9dica? A Cl\u00ednica de Gravidez Marin \u00e9 uma cl\u00ednica pr\u00e9-natal licenciada pelo\" \/>\n<meta property=\"og:url\" content=\"https:\/\/marinpregnancyclinic.org\/pt-br\/pf\/\" \/>\n<meta property=\"og:site_name\" content=\"Marin Pregnancy Clinic\" \/>\n<meta property=\"article:modified_time\" content=\"2022-11-10T11:31:38+00:00\" \/>\n<meta property=\"og:image\" content=\"https:\/\/marinpregnancyclinic.org\/wp-content\/uploads\/2022\/10\/pexels-chermiti-mohamed-3089884-scaled.jpg\" \/>\n\t<meta property=\"og:image:width\" content=\"2560\" \/>\n\t<meta property=\"og:image:height\" content=\"1702\" \/>\n\t<meta property=\"og:image:type\" content=\"image\/jpeg\" \/>\n<meta name=\"twitter:card\" content=\"summary_large_image\" \/>\n<meta name=\"twitter:label1\" content=\"Est. tempo de leitura\" \/>\n\t<meta name=\"twitter:data1\" content=\"2 minutos\" \/>\n<!-- \/ Yoast SEO plugin. -->","yoast_head_json":{"title":"PF - Marin Pregnancy Clinic","robots":{"index":"index","follow":"follow","max-snippet":"max-snippet:-1","max-image-preview":"max-image-preview:large","max-video-preview":"max-video-preview:-1"},"canonical":"https:\/\/marinpregnancyclinic.org\/pt-br\/pf\/","og_locale":"pt_BR","og_type":"article","og_title":"PF - Marin Pregnancy Clinic","og_description":"Como funciona um teste de gravidez? Os testes de gravidez detectam uma hormona chamada gonadotropina cori\u00f3nica humana (hCG) na sua urina. Esta hormona s\u00f3 \u00e9 encontrada na urina se uma mulher estiver gr\u00e1vida ou tiver abortado recentemente. A sua cl\u00ednica tem uma licen\u00e7a m\u00e9dica? A Cl\u00ednica de Gravidez Marin \u00e9 uma cl\u00ednica pr\u00e9-natal licenciada pelo","og_url":"https:\/\/marinpregnancyclinic.org\/pt-br\/pf\/","og_site_name":"Marin Pregnancy Clinic","article_modified_time":"2022-11-10T11:31:38+00:00","og_image":[{"width":2560,"height":1702,"url":"https:\/\/marinpregnancyclinic.org\/wp-content\/uploads\/2022\/10\/pexels-chermiti-mohamed-3089884-scaled.jpg","type":"image\/jpeg"}],"twitter_card":"summary_large_image","twitter_misc":{"Est. tempo de leitura":"2 minutos"},"schema":{"@context":"https:\/\/schema.org","@graph":[{"@type":"WebPage","@id":"https:\/\/marinpregnancyclinic.org\/pt-br\/pf\/","url":"https:\/\/marinpregnancyclinic.org\/pt-br\/pf\/","name":"PF - Marin Pregnancy Clinic","isPartOf":{"@id":"https:\/\/marinpregnancyclinic.org\/pt-br\/#website"},"primaryImageOfPage":{"@id":"https:\/\/marinpregnancyclinic.org\/pt-br\/pf\/#primaryimage"},"image":{"@id":"https:\/\/marinpregnancyclinic.org\/pt-br\/pf\/#primaryimage"},"thumbnailUrl":"https:\/\/marinpregnancyclinic.org\/wp-content\/uploads\/2022\/10\/pexels-chermiti-mohamed-3089884-scaled.jpg","datePublished":"2020-02-19T21:37:41+00:00","dateModified":"2022-11-10T11:31:38+00:00","breadcrumb":{"@id":"https:\/\/marinpregnancyclinic.org\/pt-br\/pf\/#breadcrumb"},"inLanguage":"pt-BR","potentialAction":[{"@type":"ReadAction","target":["https:\/\/marinpregnancyclinic.org\/pt-br\/pf\/"]}]},{"@type":"ImageObject","inLanguage":"pt-BR","@id":"https:\/\/marinpregnancyclinic.org\/pt-br\/pf\/#primaryimage","url":"https:\/\/marinpregnancyclinic.org\/wp-content\/uploads\/2022\/10\/pexels-chermiti-mohamed-3089884-scaled.jpg","contentUrl":"https:\/\/marinpregnancyclinic.org\/wp-content\/uploads\/2022\/10\/pexels-chermiti-mohamed-3089884-scaled.jpg","width":2560,"height":1702},{"@type":"BreadcrumbList","@id":"https:\/\/marinpregnancyclinic.org\/pt-br\/pf\/#breadcrumb","itemListElement":[{"@type":"ListItem","position":1,"name":"Home","item":"https:\/\/marinpregnancyclinic.org\/pt-br\/"},{"@type":"ListItem","position":2,"name":"PF"}]},{"@type":"WebSite","@id":"https:\/\/marinpregnancyclinic.org\/pt-br\/#website","url":"https:\/\/marinpregnancyclinic.org\/pt-br\/","name":"Marin Pregnancy Clinic","description":"","potentialAction":[{"@type":"SearchAction","target":{"@type":"EntryPoint","urlTemplate":"https:\/\/marinpregnancyclinic.org\/pt-br\/?s={search_term_string}"},"query-input":{"@type":"PropertyValueSpecification","valueRequired":true,"valueName":"search_term_string"}}],"inLanguage":"pt-BR"}]}},"_links":{"self":[{"href":"https:\/\/marinpregnancyclinic.org\/pt-br\/wp-json\/wp\/v2\/pages\/894","targetHints":{"allow":["GET"]}}],"collection":[{"href":"https:\/\/marinpregnancyclinic.org\/pt-br\/wp-json\/wp\/v2\/pages"}],"about":[{"href":"https:\/\/marinpregnancyclinic.org\/pt-br\/wp-json\/wp\/v2\/types\/page"}],"author":[{"embeddable":true,"href":"https:\/\/marinpregnancyclinic.org\/pt-br\/wp-json\/wp\/v2\/users\/1"}],"replies":[{"embeddable":true,"href":"https:\/\/marinpregnancyclinic.org\/pt-br\/wp-json\/wp\/v2\/comments?post=894"}],"version-history":[{"count":0,"href":"https:\/\/marinpregnancyclinic.org\/pt-br\/wp-json\/wp\/v2\/pages\/894\/revisions"}],"wp:featuredmedia":[{"embeddable":true,"href":"https:\/\/marinpregnancyclinic.org\/pt-br\/wp-json\/wp\/v2\/media\/852"}],"wp:attachment":[{"href":"https:\/\/marinpregnancyclinic.org\/pt-br\/wp-json\/wp\/v2\/media?parent=894"}],"curies":[{"name":"wp","href":"https:\/\/api.w.org\/{rel}","templated":true}]}}