{"id":896,"date":"2020-06-05T07:23:49","date_gmt":"2020-06-05T14:23:49","guid":{"rendered":"https:\/\/marinpregnancyclinic.org\/servicos\/ultrasonografia\/"},"modified":"2025-12-08T22:00:20","modified_gmt":"2025-12-09T06:00:20","slug":"ultrasonografia","status":"publish","type":"page","link":"https:\/\/marinpregnancyclinic.org\/pt-br\/servicos\/ultrasonografia\/","title":{"rendered":"Ultrasonografia"},"content":{"rendered":"<p>Se tiver um <a href=\"https:\/\/marinpregnancyclinic.org\/pt-br\/servicos\/teste-de-gravidez\/\" target=\"_blank\" rel=\"noopener\" data-wpel-link=\"internal\">teste de gravidez<\/a> positivo, o seu pr\u00f3ximo passo \u00e9 fazer uma ecografia. Oferecemos confirma\u00e7\u00e3o de gravidez atrav\u00e9s de ultra-som obst\u00e9trico sem custos.<\/p>\n<h2>O que \u00e9 um ultra-som?<\/h2>\n<p>O ultra-som \u00e9 um m\u00e9todo de imagem que utiliza ondas sonoras para criar imagens em tempo real a partir do seu corpo. O nosso son\u00f3grafo experiente pode discutir consigo os seus resultados de ultra-sons.<\/p>\n<h2>Porque preciso de um ultra-som?<\/h2>\n<p>Na Cl\u00ednica de Gravidez de Marin, uma ecografia pode fornecer a informa\u00e7\u00e3o necess\u00e1ria para confirmar que uma gravidez est\u00e1 a progredir como esperado. Um ultra-som mostra:<\/p>\n<ul>\n<li>A viabilidade da gravidez com base num batimento card\u00edaco detect\u00e1vel<\/li>\n<li>Quanto tempo leva a gravidez (a idade gestacional)<\/li>\n<li>Se a gravidez estiver no local correcto. Uma gravidez ect\u00f3pica \u00e9 quando o \u00f3vulo fertilizado foi implantado fora do \u00fatero, e isto pode ser perigoso para a sua sa\u00fade<\/li>\n<\/ul>\n<h2>Os abortos s\u00e3o poss\u00edveis<\/h2>\n<p>De acordo com a <a href=\"https:\/\/www.mayoclinic.org\/diseases-conditions\/pregnancy-loss-miscarriage\/symptoms-causes\/syc-20354298\" target=\"_blank\" rel=\"noopener external noreferrer\" data-wpel-link=\"external\">Cl\u00ednica Mayo<\/a>, at\u00e9 20% das gravidezes conhecidas terminam num aborto natural. A percentagem poderia ser mais elevada porque muitas mulheres abortam antes de se aperceberem de que est\u00e3o gr\u00e1vidas.<\/p>\n<p>\u00c9 poss\u00edvel obter um resultado positivo num teste de gravidez e j\u00e1 n\u00e3o estar gr\u00e1vida devido a um aborto espont\u00e2neo recente. Um teste de gravidez pode ainda detectar hormonas de gravidez no corpo de uma mulher.<\/p>\n<h2>Porque \u00e9 importante saber at\u00e9 que ponto est\u00e1 a minha gravidez?<\/h2>\n<p>Se estiver a considerar o <a href=\"https:\/\/marinpregnancyclinic.org\/pt-br\/op\u00e7\u00f5es\/aborto\/\" target=\"_blank\" rel=\"noopener\" data-wpel-link=\"internal\">aborto<\/a>, o tipo espec\u00edfico de procedimento de aborto \u00e9 recomendado com base no tempo de espera. O m\u00e9todo da p\u00edlula abortiva, tamb\u00e9m conhecido como aborto medicinal, \u00e9 permitido durante 70 dias (10 semanas) de gesta\u00e7\u00e3o.<\/p>\n<p>Ap\u00f3s 70 dias, o provedor do aborto pode recomendar um aborto cir\u00fargico.<\/p>\n<h2>Agendar uma nomea\u00e7\u00e3o sem custos<\/h2>\n<p>Na Cl\u00ednica de Gravidez Marin, receber\u00e1 a informa\u00e7\u00e3o factual de que necessita sobre gravidez, cuidados pr\u00e9-natais, sa\u00fade sexual, aborto, e outros t\u00f3picos de sa\u00fade. Agendar uma reuni\u00e3o com um membro da nossa equipa m\u00e9dica. N\u00e3o h\u00e1 qualquer encargo por esta consulta, e n\u00e3o h\u00e1 qualquer obriga\u00e7\u00e3o de continuar os seus cuidados pr\u00e9-natais na nossa cl\u00ednica. Preocupamo-nos com a sua sa\u00fade e com as suas necessidades individuais.<\/p>\n","protected":false},"excerpt":{"rendered":"<p>Um ultra-som \u00e9 valioso independentemente das suas inten\u00e7\u00f5es para a sua gravidez inesperada ou n\u00e3o planeada. Uma ecografia pode datar a sua gravidez, indicar se \u00e9 vi\u00e1vel (em progresso), e mostrar a localiza\u00e7\u00e3o da sua gravidez. Pode tamb\u00e9m inform\u00e1-lo se tiver tido um aborto espont\u00e2neo. Um ultra-som pode fornecer a informa\u00e7\u00e3o de que necessitar\u00e1 para avan\u00e7ar.<\/p>\n","protected":false},"author":1,"featured_media":846,"parent":872,"menu_order":2,"comment_status":"closed","ping_status":"closed","template":"","meta":{"_acf_changed":false,"footnotes":""},"class_list":["post-896","page","type-page","status-publish","has-post-thumbnail","hentry"],"acf":[],"yoast_head":"<!-- This site is optimized with the Yoast SEO plugin v27.4 - https:\/\/yoast.com\/product\/yoast-seo-wordpress\/ -->\n<title>Ultrasonografia - Marin Pregnancy Clinic<\/title>\n<meta name=\"robots\" content=\"index, follow, max-snippet:-1, max-image-preview:large, max-video-preview:-1\" \/>\n<link rel=\"canonical\" href=\"https:\/\/marinpregnancyclinic.org\/pt-br\/servicos\/ultrasonografia\/\" \/>\n<meta property=\"og:locale\" content=\"pt_BR\" \/>\n<meta property=\"og:type\" content=\"article\" \/>\n<meta property=\"og:title\" content=\"Ultrasonografia - Marin Pregnancy Clinic\" \/>\n<meta property=\"og:description\" content=\"Um ultra-som \u00e9 valioso independentemente das suas inten\u00e7\u00f5es para a sua gravidez inesperada ou n\u00e3o planeada. Uma ecografia pode datar a sua gravidez, indicar se \u00e9 vi\u00e1vel (em progresso), e mostrar a localiza\u00e7\u00e3o da sua gravidez. Pode tamb\u00e9m inform\u00e1-lo se tiver tido um aborto espont\u00e2neo. Um ultra-som pode fornecer a informa\u00e7\u00e3o de que necessitar\u00e1 para avan\u00e7ar.\" \/>\n<meta property=\"og:url\" content=\"https:\/\/marinpregnancyclinic.org\/pt-br\/servicos\/ultrasonografia\/\" \/>\n<meta property=\"og:site_name\" content=\"Marin Pregnancy Clinic\" \/>\n<meta property=\"article:modified_time\" content=\"2025-12-09T06:00:20+00:00\" \/>\n<meta property=\"og:image\" content=\"https:\/\/marinpregnancyclinic.org\/wp-content\/uploads\/2022\/10\/shutterstock_1415428904.jpg\" \/>\n\t<meta property=\"og:image:width\" content=\"1920\" \/>\n\t<meta property=\"og:image:height\" content=\"726\" \/>\n\t<meta property=\"og:image:type\" content=\"image\/jpeg\" \/>\n<meta name=\"twitter:card\" content=\"summary_large_image\" \/>\n<meta name=\"twitter:label1\" content=\"Est. tempo de leitura\" \/>\n\t<meta name=\"twitter:data1\" content=\"2 minutos\" \/>\n<!-- \/ Yoast SEO plugin. -->","yoast_head_json":{"title":"Ultrasonografia - Marin Pregnancy Clinic","robots":{"index":"index","follow":"follow","max-snippet":"max-snippet:-1","max-image-preview":"max-image-preview:large","max-video-preview":"max-video-preview:-1"},"canonical":"https:\/\/marinpregnancyclinic.org\/pt-br\/servicos\/ultrasonografia\/","og_locale":"pt_BR","og_type":"article","og_title":"Ultrasonografia - Marin Pregnancy Clinic","og_description":"Um ultra-som \u00e9 valioso independentemente das suas inten\u00e7\u00f5es para a sua gravidez inesperada ou n\u00e3o planeada. Uma ecografia pode datar a sua gravidez, indicar se \u00e9 vi\u00e1vel (em progresso), e mostrar a localiza\u00e7\u00e3o da sua gravidez. Pode tamb\u00e9m inform\u00e1-lo se tiver tido um aborto espont\u00e2neo. Um ultra-som pode fornecer a informa\u00e7\u00e3o de que necessitar\u00e1 para avan\u00e7ar.","og_url":"https:\/\/marinpregnancyclinic.org\/pt-br\/servicos\/ultrasonografia\/","og_site_name":"Marin Pregnancy Clinic","article_modified_time":"2025-12-09T06:00:20+00:00","og_image":[{"width":1920,"height":726,"url":"https:\/\/marinpregnancyclinic.org\/wp-content\/uploads\/2022\/10\/shutterstock_1415428904.jpg","type":"image\/jpeg"}],"twitter_card":"summary_large_image","twitter_misc":{"Est. tempo de leitura":"2 minutos"},"schema":{"@context":"https:\/\/schema.org","@graph":[{"@type":"WebPage","@id":"https:\/\/marinpregnancyclinic.org\/pt-br\/servicos\/ultrasonografia\/","url":"https:\/\/marinpregnancyclinic.org\/pt-br\/servicos\/ultrasonografia\/","name":"Ultrasonografia - Marin Pregnancy Clinic","isPartOf":{"@id":"https:\/\/marinpregnancyclinic.org\/pt-br\/#website"},"primaryImageOfPage":{"@id":"https:\/\/marinpregnancyclinic.org\/pt-br\/servicos\/ultrasonografia\/#primaryimage"},"image":{"@id":"https:\/\/marinpregnancyclinic.org\/pt-br\/servicos\/ultrasonografia\/#primaryimage"},"thumbnailUrl":"https:\/\/marinpregnancyclinic.org\/wp-content\/uploads\/2022\/10\/shutterstock_1415428904.jpg","datePublished":"2020-06-05T14:23:49+00:00","dateModified":"2025-12-09T06:00:20+00:00","breadcrumb":{"@id":"https:\/\/marinpregnancyclinic.org\/pt-br\/servicos\/ultrasonografia\/#breadcrumb"},"inLanguage":"pt-BR","potentialAction":[{"@type":"ReadAction","target":["https:\/\/marinpregnancyclinic.org\/pt-br\/servicos\/ultrasonografia\/"]}]},{"@type":"ImageObject","inLanguage":"pt-BR","@id":"https:\/\/marinpregnancyclinic.org\/pt-br\/servicos\/ultrasonografia\/#primaryimage","url":"https:\/\/marinpregnancyclinic.org\/wp-content\/uploads\/2022\/10\/shutterstock_1415428904.jpg","contentUrl":"https:\/\/marinpregnancyclinic.org\/wp-content\/uploads\/2022\/10\/shutterstock_1415428904.jpg","width":1920,"height":726},{"@type":"BreadcrumbList","@id":"https:\/\/marinpregnancyclinic.org\/pt-br\/servicos\/ultrasonografia\/#breadcrumb","itemListElement":[{"@type":"ListItem","position":1,"name":"Home","item":"https:\/\/marinpregnancyclinic.org\/pt-br\/"},{"@type":"ListItem","position":2,"name":"Servi\u00e7os","item":"https:\/\/marinpregnancyclinic.org\/pt-br\/servicos\/"},{"@type":"ListItem","position":3,"name":"Ultrasonografia"}]},{"@type":"WebSite","@id":"https:\/\/marinpregnancyclinic.org\/pt-br\/#website","url":"https:\/\/marinpregnancyclinic.org\/pt-br\/","name":"Marin Pregnancy Clinic","description":"","potentialAction":[{"@type":"SearchAction","target":{"@type":"EntryPoint","urlTemplate":"https:\/\/marinpregnancyclinic.org\/pt-br\/?s={search_term_string}"},"query-input":{"@type":"PropertyValueSpecification","valueRequired":true,"valueName":"search_term_string"}}],"inLanguage":"pt-BR"}]}},"_links":{"self":[{"href":"https:\/\/marinpregnancyclinic.org\/pt-br\/wp-json\/wp\/v2\/pages\/896","targetHints":{"allow":["GET"]}}],"collection":[{"href":"https:\/\/marinpregnancyclinic.org\/pt-br\/wp-json\/wp\/v2\/pages"}],"about":[{"href":"https:\/\/marinpregnancyclinic.org\/pt-br\/wp-json\/wp\/v2\/types\/page"}],"author":[{"embeddable":true,"href":"https:\/\/marinpregnancyclinic.org\/pt-br\/wp-json\/wp\/v2\/users\/1"}],"replies":[{"embeddable":true,"href":"https:\/\/marinpregnancyclinic.org\/pt-br\/wp-json\/wp\/v2\/comments?post=896"}],"version-history":[{"count":1,"href":"https:\/\/marinpregnancyclinic.org\/pt-br\/wp-json\/wp\/v2\/pages\/896\/revisions"}],"predecessor-version":[{"id":1166,"href":"https:\/\/marinpregnancyclinic.org\/pt-br\/wp-json\/wp\/v2\/pages\/896\/revisions\/1166"}],"up":[{"embeddable":true,"href":"https:\/\/marinpregnancyclinic.org\/pt-br\/wp-json\/wp\/v2\/pages\/872"}],"wp:featuredmedia":[{"embeddable":true,"href":"https:\/\/marinpregnancyclinic.org\/pt-br\/wp-json\/wp\/v2\/media\/846"}],"wp:attachment":[{"href":"https:\/\/marinpregnancyclinic.org\/pt-br\/wp-json\/wp\/v2\/media?parent=896"}],"curies":[{"name":"wp","href":"https:\/\/api.w.org\/{rel}","templated":true}]}}