{"id":897,"date":"2020-06-05T07:25:10","date_gmt":"2020-06-05T14:25:10","guid":{"rendered":"https:\/\/marinpregnancyclinic.org\/servicos\/apoio-pos-abortacao\/"},"modified":"2022-11-10T02:05:53","modified_gmt":"2022-11-10T10:05:53","slug":"apoio-pos-abortacao","status":"publish","type":"page","link":"https:\/\/marinpregnancyclinic.org\/pt-br\/servicos\/apoio-pos-abortacao\/","title":{"rendered":"Apoio P\u00f3s-Aborta\u00e7\u00e3o"},"content":{"rendered":"<p>A maioria das mulheres diz que a sua primeira resposta ap\u00f3s um aborto \u00e9 al\u00edvio. Mas muitas mulheres descobrem em dias, meses, ou mesmo anos, que a sua experi\u00eancia de aborto causa s\u00e9rios efeitos secund\u00e1rios emocionais. Se estiver a experimentar problemas emocionais ou psicol\u00f3gicos devido a um aborto anterior, queremos que saiba que existe ajuda e potencial cura. Contacte-nos hoje.<\/p>\n<h2>O que \u00e9 o Trauma P\u00f3s-Aborto?<\/h2>\n<p>O stress p\u00f3s-aborto \u00e9 a incapacidade de processar o stress e as emo\u00e7\u00f5es associadas \u00e0 pr\u00f3pria decis\u00e3o e experi\u00eancia de aborto. Estas emo\u00e7\u00f5es podem surgir em qualquer momento da vida de uma pessoa, por vezes desencadeadas por outras circunst\u00e2ncias dolorosas, confusas, ou avassaladoras.<\/p>\n<p>Esta resposta psicol\u00f3gica \u00e9 conhecida como Stress P\u00f3s-Abortogn\u00f3stico (PAS). V\u00e1rios factores que podem aumentar o risco de stress p\u00f3saborto incluem a idade da mulher, as circunst\u00e2ncias do aborto, a fase da gravidez em que o aborto ocorre, e as cren\u00e7as religiosas da mulher.<\/p>\n<h3>Sintomas de Trauma P\u00f3s-Aborto<\/h3>\n<p>Pode experimentar um ou mais dos seguintes sintomas:<\/p>\n<ul>\n<li>Culpa\/respeito<\/li>\n<li>Depress\u00e3o<\/li>\n<li>Experimentando ansiedade ou tens\u00e3o<\/li>\n<li>Pesadelos<\/li>\n<li>Medo de que outros descubram sobre o seu aborto<\/li>\n<li>Incapacidade de se perdoar<\/li>\n<li>Perda de interesse em coisas que ama<\/li>\n<li>Evitar as rela\u00e7\u00f5es \u00edntimas<\/li>\n<li>Choros de choro<\/li>\n<li>Abuso de drogas e \u00e1lcool<\/li>\n<li>Raiva\/raiva<\/li>\n<li>Envolver-se em rela\u00e7\u00f5es insalubres<\/li>\n<li>Entorpecimento emocional<\/li>\n<li>Pensamentos suicidas<\/li>\n<\/ul>\n<h2>Esperan\u00e7a e Cura<\/h2>\n<p>Se tiver algum dos sintomas acima, poder\u00e1 considerar juntar-se a um grupo de apoio, encontrar-se com um terapeuta licenciado, ou contactar-nos hoje. Estamos aqui para prestar apoio e cuidados ap\u00f3s a sua experi\u00eancia de aborto.<\/p>\n<p>H\u00e1 reuni\u00f5es individuais ou em grupo, dependendo do seu n\u00edvel de conforto. Tudo \u00e9 confidencial, e como sempre, a nossa assist\u00eancia \u00e9 prestada gratuitamente. A sua felicidade, sa\u00fade, e bem-estar s\u00e3o importantes para n\u00f3s.<\/p>\n<p>Dar voz \u00e0 sua experi\u00eancia de aborto pode mudar a forma como v\u00ea a sua decis\u00e3o e dar-lhe a coragem de prosperar. As suas emo\u00e7\u00f5es fazem parte da sua sa\u00fade e bem-estar globais, e estamos aqui para o apoiar na forma que melhor lhe convier. Chame-nos para uma consulta.<\/p>\n","protected":false},"excerpt":{"rendered":"<p>O trauma p\u00f3saborto pode ser real. Os sintomas de algumas mulheres aparecem imediatamente, enquanto outras n\u00e3o experimentam o trauma durante anos. Se estiver a debater-se com o rescaldo emocional e psicol\u00f3gico de uma experi\u00eancia de aborto, queremos que saiba que h\u00e1 esperan\u00e7a e cura. Contacte-nos para discutir os tratamentos dispon\u00edveis.<\/p>\n","protected":false},"author":1,"featured_media":814,"parent":872,"menu_order":4,"comment_status":"closed","ping_status":"closed","template":"","meta":{"_acf_changed":false,"footnotes":""},"class_list":["post-897","page","type-page","status-publish","has-post-thumbnail","hentry"],"acf":[],"yoast_head":"<!-- This site is optimized with the Yoast SEO plugin v27.4 - https:\/\/yoast.com\/product\/yoast-seo-wordpress\/ -->\n<title>Apoio P\u00f3s-Aborta\u00e7\u00e3o - Marin Pregnancy Clinic<\/title>\n<meta name=\"robots\" content=\"index, follow, max-snippet:-1, max-image-preview:large, max-video-preview:-1\" \/>\n<link rel=\"canonical\" href=\"https:\/\/marinpregnancyclinic.org\/pt-br\/servicos\/apoio-pos-abortacao\/\" \/>\n<meta property=\"og:locale\" content=\"pt_BR\" \/>\n<meta property=\"og:type\" content=\"article\" \/>\n<meta property=\"og:title\" content=\"Apoio P\u00f3s-Aborta\u00e7\u00e3o - Marin Pregnancy Clinic\" \/>\n<meta property=\"og:description\" content=\"O trauma p\u00f3saborto pode ser real. Os sintomas de algumas mulheres aparecem imediatamente, enquanto outras n\u00e3o experimentam o trauma durante anos. Se estiver a debater-se com o rescaldo emocional e psicol\u00f3gico de uma experi\u00eancia de aborto, queremos que saiba que h\u00e1 esperan\u00e7a e cura. Contacte-nos para discutir os tratamentos dispon\u00edveis.\" \/>\n<meta property=\"og:url\" content=\"https:\/\/marinpregnancyclinic.org\/pt-br\/servicos\/apoio-pos-abortacao\/\" \/>\n<meta property=\"og:site_name\" content=\"Marin Pregnancy Clinic\" \/>\n<meta property=\"article:modified_time\" content=\"2022-11-10T10:05:53+00:00\" \/>\n<meta property=\"og:image\" content=\"https:\/\/marinpregnancyclinic.org\/wp-content\/uploads\/2022\/09\/pexels-andrea-piacquadio-3872246.jpg\" \/>\n\t<meta property=\"og:image:width\" content=\"1920\" \/>\n\t<meta property=\"og:image:height\" content=\"1280\" \/>\n\t<meta property=\"og:image:type\" content=\"image\/jpeg\" \/>\n<meta name=\"twitter:card\" content=\"summary_large_image\" \/>\n<meta name=\"twitter:label1\" content=\"Est. tempo de leitura\" \/>\n\t<meta name=\"twitter:data1\" content=\"2 minutos\" \/>\n<!-- \/ Yoast SEO plugin. -->","yoast_head_json":{"title":"Apoio P\u00f3s-Aborta\u00e7\u00e3o - Marin Pregnancy Clinic","robots":{"index":"index","follow":"follow","max-snippet":"max-snippet:-1","max-image-preview":"max-image-preview:large","max-video-preview":"max-video-preview:-1"},"canonical":"https:\/\/marinpregnancyclinic.org\/pt-br\/servicos\/apoio-pos-abortacao\/","og_locale":"pt_BR","og_type":"article","og_title":"Apoio P\u00f3s-Aborta\u00e7\u00e3o - Marin Pregnancy Clinic","og_description":"O trauma p\u00f3saborto pode ser real. Os sintomas de algumas mulheres aparecem imediatamente, enquanto outras n\u00e3o experimentam o trauma durante anos. Se estiver a debater-se com o rescaldo emocional e psicol\u00f3gico de uma experi\u00eancia de aborto, queremos que saiba que h\u00e1 esperan\u00e7a e cura. Contacte-nos para discutir os tratamentos dispon\u00edveis.","og_url":"https:\/\/marinpregnancyclinic.org\/pt-br\/servicos\/apoio-pos-abortacao\/","og_site_name":"Marin Pregnancy Clinic","article_modified_time":"2022-11-10T10:05:53+00:00","og_image":[{"width":1920,"height":1280,"url":"https:\/\/marinpregnancyclinic.org\/wp-content\/uploads\/2022\/09\/pexels-andrea-piacquadio-3872246.jpg","type":"image\/jpeg"}],"twitter_card":"summary_large_image","twitter_misc":{"Est. tempo de leitura":"2 minutos"},"schema":{"@context":"https:\/\/schema.org","@graph":[{"@type":"WebPage","@id":"https:\/\/marinpregnancyclinic.org\/pt-br\/servicos\/apoio-pos-abortacao\/","url":"https:\/\/marinpregnancyclinic.org\/pt-br\/servicos\/apoio-pos-abortacao\/","name":"Apoio P\u00f3s-Aborta\u00e7\u00e3o - Marin Pregnancy Clinic","isPartOf":{"@id":"https:\/\/marinpregnancyclinic.org\/pt-br\/#website"},"primaryImageOfPage":{"@id":"https:\/\/marinpregnancyclinic.org\/pt-br\/servicos\/apoio-pos-abortacao\/#primaryimage"},"image":{"@id":"https:\/\/marinpregnancyclinic.org\/pt-br\/servicos\/apoio-pos-abortacao\/#primaryimage"},"thumbnailUrl":"https:\/\/marinpregnancyclinic.org\/wp-content\/uploads\/2022\/09\/pexels-andrea-piacquadio-3872246.jpg","datePublished":"2020-06-05T14:25:10+00:00","dateModified":"2022-11-10T10:05:53+00:00","breadcrumb":{"@id":"https:\/\/marinpregnancyclinic.org\/pt-br\/servicos\/apoio-pos-abortacao\/#breadcrumb"},"inLanguage":"pt-BR","potentialAction":[{"@type":"ReadAction","target":["https:\/\/marinpregnancyclinic.org\/pt-br\/servicos\/apoio-pos-abortacao\/"]}]},{"@type":"ImageObject","inLanguage":"pt-BR","@id":"https:\/\/marinpregnancyclinic.org\/pt-br\/servicos\/apoio-pos-abortacao\/#primaryimage","url":"https:\/\/marinpregnancyclinic.org\/wp-content\/uploads\/2022\/09\/pexels-andrea-piacquadio-3872246.jpg","contentUrl":"https:\/\/marinpregnancyclinic.org\/wp-content\/uploads\/2022\/09\/pexels-andrea-piacquadio-3872246.jpg","width":1920,"height":1280},{"@type":"BreadcrumbList","@id":"https:\/\/marinpregnancyclinic.org\/pt-br\/servicos\/apoio-pos-abortacao\/#breadcrumb","itemListElement":[{"@type":"ListItem","position":1,"name":"Home","item":"https:\/\/marinpregnancyclinic.org\/pt-br\/"},{"@type":"ListItem","position":2,"name":"Servi\u00e7os","item":"https:\/\/marinpregnancyclinic.org\/pt-br\/servicos\/"},{"@type":"ListItem","position":3,"name":"Apoio P\u00f3s-Aborta\u00e7\u00e3o"}]},{"@type":"WebSite","@id":"https:\/\/marinpregnancyclinic.org\/pt-br\/#website","url":"https:\/\/marinpregnancyclinic.org\/pt-br\/","name":"Marin Pregnancy Clinic","description":"","potentialAction":[{"@type":"SearchAction","target":{"@type":"EntryPoint","urlTemplate":"https:\/\/marinpregnancyclinic.org\/pt-br\/?s={search_term_string}"},"query-input":{"@type":"PropertyValueSpecification","valueRequired":true,"valueName":"search_term_string"}}],"inLanguage":"pt-BR"}]}},"_links":{"self":[{"href":"https:\/\/marinpregnancyclinic.org\/pt-br\/wp-json\/wp\/v2\/pages\/897","targetHints":{"allow":["GET"]}}],"collection":[{"href":"https:\/\/marinpregnancyclinic.org\/pt-br\/wp-json\/wp\/v2\/pages"}],"about":[{"href":"https:\/\/marinpregnancyclinic.org\/pt-br\/wp-json\/wp\/v2\/types\/page"}],"author":[{"embeddable":true,"href":"https:\/\/marinpregnancyclinic.org\/pt-br\/wp-json\/wp\/v2\/users\/1"}],"replies":[{"embeddable":true,"href":"https:\/\/marinpregnancyclinic.org\/pt-br\/wp-json\/wp\/v2\/comments?post=897"}],"version-history":[{"count":0,"href":"https:\/\/marinpregnancyclinic.org\/pt-br\/wp-json\/wp\/v2\/pages\/897\/revisions"}],"up":[{"embeddable":true,"href":"https:\/\/marinpregnancyclinic.org\/pt-br\/wp-json\/wp\/v2\/pages\/872"}],"wp:featuredmedia":[{"embeddable":true,"href":"https:\/\/marinpregnancyclinic.org\/pt-br\/wp-json\/wp\/v2\/media\/814"}],"wp:attachment":[{"href":"https:\/\/marinpregnancyclinic.org\/pt-br\/wp-json\/wp\/v2\/media?parent=897"}],"curies":[{"name":"wp","href":"https:\/\/api.w.org\/{rel}","templated":true}]}}