{"id":900,"date":"2020-06-05T07:24:34","date_gmt":"2020-06-05T14:24:34","guid":{"rendered":"https:\/\/marinpregnancyclinic.org\/servicos\/cuidados-pre-natais\/"},"modified":"2022-11-10T02:05:54","modified_gmt":"2022-11-10T10:05:54","slug":"cuidados-pre-natais","status":"publish","type":"page","link":"https:\/\/marinpregnancyclinic.org\/pt-br\/servicos\/cuidados-pre-natais\/","title":{"rendered":"Cuidados pr\u00e9-natais"},"content":{"rendered":"<p>A nossa cl\u00ednica oferece consultas m\u00e9dicas e ecografias sem custos. Embora n\u00e3o cobramos pelos nossos servi\u00e7os, os laborat\u00f3rios e instala\u00e7\u00f5es com os quais celebramos contratos n\u00e3o prestam os seus servi\u00e7os gratuitamente. Se n\u00e3o tiver seguro, podemos ainda assim ajud\u00e1-lo. Se for financeiramente eleg\u00edvel para o Medi-Cal, podemos inscrev\u00ea-lo para o programa Medi-Cal de Elegibilidade Presuntiva na sua primeira consulta de enfermeira.<\/p>\n<h2>O que \u00e9 o cuidado pr\u00e9-natal?<\/h2>\n<p>De acordo com os Institutos Nacionais de Sa\u00fade<a href=\"https:\/\/www.nichd.nih.gov\/health\/topics\/pregnancy\/conditioninfo\/prenatal-care\" target=\"_blank\" rel=\"noopener external noreferrer\" data-wpel-link=\"external\">(NIH<\/a>), obter cuidados pr\u00e9-natais precoces e regulares melhora as suas hip\u00f3teses de uma gravidez saud\u00e1vel. Na Cl\u00ednica de Gravidez Marin, queremos assegurar que o senhor e o feto em desenvolvimento s\u00e3o saud\u00e1veis e fortes, por isso fornecemos visitas m\u00e9dicas mensais sem custos. Vemos pacientes durante as 28 semanas de gravidez e depois encaminhamos para um m\u00e9dico local, parteira, centro de parto, ou cl\u00ednica que ir\u00e1 cuidar de si durante o \u00faltimo trimestre.<\/p>\n<p>Durante as visitas mensais de gravidez, pode aprender a gerir as dores e dores da gravidez, fazer os testes necess\u00e1rios, aprender os sinais de aviso, e fazer quaisquer perguntas que possa ter. Cada marca\u00e7\u00e3o pode demorar cerca de 30-45 minutos, para que se possa obter a aten\u00e7\u00e3o individualizada de que necessita.<\/p>\n<h2>A sua primeira visita pr\u00e9-natal<\/h2>\n<p>A primeira visita \u00e9 normalmente a mais longa porque o nosso exame f\u00edsico \u00e9 minucioso. O nosso m\u00e9dico far\u00e1 perguntas sobre a sua hist\u00f3ria m\u00e9dica, a hist\u00f3ria do seu parceiro, e a da sua fam\u00edlia. A enfermeira ir\u00e1 medir a sua altura, peso, press\u00e3o arterial, respira\u00e7\u00e3o e pulso. Pode tamb\u00e9m discutir a necessidade de uma vacina contra a gripe.<\/p>\n<h3>O seu Exame Ginecol\u00f3gico Inclui:<\/h3>\n<ul>\n<li>Um exame de mama<\/li>\n<li>Exame p\u00e9lvico<\/li>\n<li>Testes para DSTs\/TIs<\/li>\n<\/ul>\n<h3>Outros Ensaios que Pode Receber:<\/h3>\n<ul>\n<li>Rastreio de anemia<\/li>\n<li>Tipo sangu\u00edneo<\/li>\n<li>Testes para certas doen\u00e7as heredit\u00e1rias<\/li>\n<li>Rastreio de drogas<\/li>\n<li>Testes para hepatite, VIH, tuberculose, diabetes, tir\u00f3ide e outras doen\u00e7as ou infec\u00e7\u00f5es<\/li>\n<li>Programa de rastreio pr\u00e9-natal CA (testes gen\u00e9ticos)<\/li>\n<\/ul>\n<p>O m\u00e9dico pode aproveitar esta oportunidade para discutir o seu estilo de vida e h\u00e1bitos e sugerir mudan\u00e7as que possam apoiar uma sa\u00fade \u00f3ptima durante a gravidez. Uma das coisas mais importantes que uma mulher pode fazer \u00e9 tomar uma vitamina pr\u00e9-natal di\u00e1ria com \u00e1cido f\u00f3lico para prevenir potenciais defeitos cong\u00e9nitos graves.<\/p>\n<h2>Compreender o Desenvolvimento Fetal<\/h2>\n<p><strong>Dia 1:<\/strong> Quando a concep\u00e7\u00e3o (fertiliza\u00e7\u00e3o) ocorre, as caracter\u00edsticas do embri\u00e3o, incluindo sexo, cabelo, e cor dos olhos, j\u00e1 foram determinadas. \u00c9 um embri\u00e3o at\u00e9 9 semanas, depois \u00e9 chamado feto.<\/p>\n<p><strong>9 Semanas:<\/strong> Nesta fase, o cora\u00e7\u00e3o do feto tem estado a bater, come\u00e7ando 18 dias ap\u00f3s a concep\u00e7\u00e3o, e os dedos dos p\u00e9s e dos p\u00e9s t\u00eam-se desenvolvido.<\/p>\n<p><strong>10 Semanas:<\/strong> O feto solu\u00e7a e reage a ru\u00eddos fortes. Os seus bra\u00e7os e pernas est\u00e3o em movimento. H\u00e1 20 pequenos rebentos de dentes presentes nas gengivas. As p\u00e1lpebras est\u00e3o a desenvolver-se e come\u00e7am a fechar-se.<\/p>\n<p><strong>12 semanas:<\/strong> Os \u00f3rg\u00e3os dos nascituros desenvolveram-se completamente. Ap\u00f3s este ponto, o feto cresce e ganha peso na prepara\u00e7\u00e3o para o nascimento.<\/p>\n<p><strong>18-20 Semanas:<\/strong> O sexo pode ser detectado por ultra-sons.<\/p>\n<p><strong>22 Semanas:<\/strong> Nesta fase, as pestanas do beb\u00e9 s\u00e3o vis\u00edveis, e os pulm\u00f5es est\u00e3o a desenvolver-se.<\/p>\n<p><strong>28 Semanas:<\/strong> T\u00eam cerca de 11 polegadas de comprimento e pesam cerca de 2,5 libras. Com o apoio dos cuidados intensivos, um beb\u00e9 nascido nesta fase \u00e9 capaz de respirar ar, e o desenvolvimento cerebral pode coordenar a respira\u00e7\u00e3o r\u00edtmica.<\/p>\n","protected":false},"excerpt":{"rendered":"<p>\u00c9 melhor come\u00e7ar os cuidados de gravidez assim que se souber que se est\u00e1 gr\u00e1vida. Obtenha de n\u00f3s testes de gravidez de qualidade laboratorial para confirmar a sua gravidez mais cedo e obter os melhores cuidados pr\u00e9-natais poss\u00edveis. Preocupamo-nos com a sua sa\u00fade e com a sa\u00fade da sua gravidez. Os nossos cuidados pr\u00e9-natais est\u00e3o \u00e0 sua disposi\u00e7\u00e3o at\u00e9 \u00e0 28\u00aa semana, e iremos encaminh\u00e1-lo e ajud\u00e1-lo na transi\u00e7\u00e3o para um obstetra\/ginecologista que ir\u00e1 cuidar de si at\u00e9 ao fim da sua gravidez.  <\/p>\n","protected":false},"author":1,"featured_media":854,"parent":872,"menu_order":3,"comment_status":"closed","ping_status":"closed","template":"","meta":{"_acf_changed":false,"footnotes":""},"class_list":["post-900","page","type-page","status-publish","has-post-thumbnail","hentry"],"acf":[],"yoast_head":"<!-- This site is optimized with the Yoast SEO plugin v27.4 - https:\/\/yoast.com\/product\/yoast-seo-wordpress\/ -->\n<title>Cuidados pr\u00e9-natais - Marin Pregnancy Clinic<\/title>\n<meta name=\"robots\" content=\"index, follow, max-snippet:-1, max-image-preview:large, max-video-preview:-1\" \/>\n<link rel=\"canonical\" href=\"https:\/\/marinpregnancyclinic.org\/pt-br\/servicos\/cuidados-pre-natais\/\" \/>\n<meta property=\"og:locale\" content=\"pt_BR\" \/>\n<meta property=\"og:type\" content=\"article\" \/>\n<meta property=\"og:title\" content=\"Cuidados pr\u00e9-natais - Marin Pregnancy Clinic\" \/>\n<meta property=\"og:description\" content=\"\u00c9 melhor come\u00e7ar os cuidados de gravidez assim que se souber que se est\u00e1 gr\u00e1vida. Obtenha de n\u00f3s testes de gravidez de qualidade laboratorial para confirmar a sua gravidez mais cedo e obter os melhores cuidados pr\u00e9-natais poss\u00edveis. Preocupamo-nos com a sua sa\u00fade e com a sa\u00fade da sua gravidez. Os nossos cuidados pr\u00e9-natais est\u00e3o \u00e0 sua disposi\u00e7\u00e3o at\u00e9 \u00e0 28\u00aa semana, e iremos encaminh\u00e1-lo e ajud\u00e1-lo na transi\u00e7\u00e3o para um obstetra\/ginecologista que ir\u00e1 cuidar de si at\u00e9 ao fim da sua gravidez.\" \/>\n<meta property=\"og:url\" content=\"https:\/\/marinpregnancyclinic.org\/pt-br\/servicos\/cuidados-pre-natais\/\" \/>\n<meta property=\"og:site_name\" content=\"Marin Pregnancy Clinic\" \/>\n<meta property=\"article:modified_time\" content=\"2022-11-10T10:05:54+00:00\" \/>\n<meta property=\"og:image\" content=\"https:\/\/marinpregnancyclinic.org\/wp-content\/uploads\/2022\/10\/pexels-andrea-piacquadio-3785419-scaled.jpg\" \/>\n\t<meta property=\"og:image:width\" content=\"2560\" \/>\n\t<meta property=\"og:image:height\" content=\"1707\" \/>\n\t<meta property=\"og:image:type\" content=\"image\/jpeg\" \/>\n<meta name=\"twitter:card\" content=\"summary_large_image\" \/>\n<meta name=\"twitter:label1\" content=\"Est. tempo de leitura\" \/>\n\t<meta name=\"twitter:data1\" content=\"3 minutos\" \/>\n<!-- \/ Yoast SEO plugin. -->","yoast_head_json":{"title":"Cuidados pr\u00e9-natais - Marin Pregnancy Clinic","robots":{"index":"index","follow":"follow","max-snippet":"max-snippet:-1","max-image-preview":"max-image-preview:large","max-video-preview":"max-video-preview:-1"},"canonical":"https:\/\/marinpregnancyclinic.org\/pt-br\/servicos\/cuidados-pre-natais\/","og_locale":"pt_BR","og_type":"article","og_title":"Cuidados pr\u00e9-natais - Marin Pregnancy Clinic","og_description":"\u00c9 melhor come\u00e7ar os cuidados de gravidez assim que se souber que se est\u00e1 gr\u00e1vida. Obtenha de n\u00f3s testes de gravidez de qualidade laboratorial para confirmar a sua gravidez mais cedo e obter os melhores cuidados pr\u00e9-natais poss\u00edveis. Preocupamo-nos com a sua sa\u00fade e com a sa\u00fade da sua gravidez. Os nossos cuidados pr\u00e9-natais est\u00e3o \u00e0 sua disposi\u00e7\u00e3o at\u00e9 \u00e0 28\u00aa semana, e iremos encaminh\u00e1-lo e ajud\u00e1-lo na transi\u00e7\u00e3o para um obstetra\/ginecologista que ir\u00e1 cuidar de si at\u00e9 ao fim da sua gravidez.","og_url":"https:\/\/marinpregnancyclinic.org\/pt-br\/servicos\/cuidados-pre-natais\/","og_site_name":"Marin Pregnancy Clinic","article_modified_time":"2022-11-10T10:05:54+00:00","og_image":[{"width":2560,"height":1707,"url":"https:\/\/marinpregnancyclinic.org\/wp-content\/uploads\/2022\/10\/pexels-andrea-piacquadio-3785419-scaled.jpg","type":"image\/jpeg"}],"twitter_card":"summary_large_image","twitter_misc":{"Est. tempo de leitura":"3 minutos"},"schema":{"@context":"https:\/\/schema.org","@graph":[{"@type":"WebPage","@id":"https:\/\/marinpregnancyclinic.org\/pt-br\/servicos\/cuidados-pre-natais\/","url":"https:\/\/marinpregnancyclinic.org\/pt-br\/servicos\/cuidados-pre-natais\/","name":"Cuidados pr\u00e9-natais - Marin Pregnancy Clinic","isPartOf":{"@id":"https:\/\/marinpregnancyclinic.org\/pt-br\/#website"},"primaryImageOfPage":{"@id":"https:\/\/marinpregnancyclinic.org\/pt-br\/servicos\/cuidados-pre-natais\/#primaryimage"},"image":{"@id":"https:\/\/marinpregnancyclinic.org\/pt-br\/servicos\/cuidados-pre-natais\/#primaryimage"},"thumbnailUrl":"https:\/\/marinpregnancyclinic.org\/wp-content\/uploads\/2022\/10\/pexels-andrea-piacquadio-3785419-scaled.jpg","datePublished":"2020-06-05T14:24:34+00:00","dateModified":"2022-11-10T10:05:54+00:00","breadcrumb":{"@id":"https:\/\/marinpregnancyclinic.org\/pt-br\/servicos\/cuidados-pre-natais\/#breadcrumb"},"inLanguage":"pt-BR","potentialAction":[{"@type":"ReadAction","target":["https:\/\/marinpregnancyclinic.org\/pt-br\/servicos\/cuidados-pre-natais\/"]}]},{"@type":"ImageObject","inLanguage":"pt-BR","@id":"https:\/\/marinpregnancyclinic.org\/pt-br\/servicos\/cuidados-pre-natais\/#primaryimage","url":"https:\/\/marinpregnancyclinic.org\/wp-content\/uploads\/2022\/10\/pexels-andrea-piacquadio-3785419-scaled.jpg","contentUrl":"https:\/\/marinpregnancyclinic.org\/wp-content\/uploads\/2022\/10\/pexels-andrea-piacquadio-3785419-scaled.jpg","width":2560,"height":1707},{"@type":"BreadcrumbList","@id":"https:\/\/marinpregnancyclinic.org\/pt-br\/servicos\/cuidados-pre-natais\/#breadcrumb","itemListElement":[{"@type":"ListItem","position":1,"name":"Home","item":"https:\/\/marinpregnancyclinic.org\/pt-br\/"},{"@type":"ListItem","position":2,"name":"Servi\u00e7os","item":"https:\/\/marinpregnancyclinic.org\/pt-br\/servicos\/"},{"@type":"ListItem","position":3,"name":"Cuidados pr\u00e9-natais"}]},{"@type":"WebSite","@id":"https:\/\/marinpregnancyclinic.org\/pt-br\/#website","url":"https:\/\/marinpregnancyclinic.org\/pt-br\/","name":"Marin Pregnancy Clinic","description":"","potentialAction":[{"@type":"SearchAction","target":{"@type":"EntryPoint","urlTemplate":"https:\/\/marinpregnancyclinic.org\/pt-br\/?s={search_term_string}"},"query-input":{"@type":"PropertyValueSpecification","valueRequired":true,"valueName":"search_term_string"}}],"inLanguage":"pt-BR"}]}},"_links":{"self":[{"href":"https:\/\/marinpregnancyclinic.org\/pt-br\/wp-json\/wp\/v2\/pages\/900","targetHints":{"allow":["GET"]}}],"collection":[{"href":"https:\/\/marinpregnancyclinic.org\/pt-br\/wp-json\/wp\/v2\/pages"}],"about":[{"href":"https:\/\/marinpregnancyclinic.org\/pt-br\/wp-json\/wp\/v2\/types\/page"}],"author":[{"embeddable":true,"href":"https:\/\/marinpregnancyclinic.org\/pt-br\/wp-json\/wp\/v2\/users\/1"}],"replies":[{"embeddable":true,"href":"https:\/\/marinpregnancyclinic.org\/pt-br\/wp-json\/wp\/v2\/comments?post=900"}],"version-history":[{"count":0,"href":"https:\/\/marinpregnancyclinic.org\/pt-br\/wp-json\/wp\/v2\/pages\/900\/revisions"}],"up":[{"embeddable":true,"href":"https:\/\/marinpregnancyclinic.org\/pt-br\/wp-json\/wp\/v2\/pages\/872"}],"wp:featuredmedia":[{"embeddable":true,"href":"https:\/\/marinpregnancyclinic.org\/pt-br\/wp-json\/wp\/v2\/media\/854"}],"wp:attachment":[{"href":"https:\/\/marinpregnancyclinic.org\/pt-br\/wp-json\/wp\/v2\/media?parent=900"}],"curies":[{"name":"wp","href":"https:\/\/api.w.org\/{rel}","templated":true}]}}