{"id":902,"date":"2022-10-06T21:17:30","date_gmt":"2022-10-07T04:17:30","guid":{"rendered":"https:\/\/marinpregnancyclinic.org\/testemunhos\/"},"modified":"2022-11-10T02:05:55","modified_gmt":"2022-11-10T10:05:55","slug":"testemunhos","status":"publish","type":"page","link":"https:\/\/marinpregnancyclinic.org\/pt-br\/testemunhos\/","title":{"rendered":"Testemunhos"},"content":{"rendered":"<p><strong>&#8220;Tudo o que a cl\u00ednica forneceu foi perfeito, pessoal muito amig\u00e1vel e compreensivo tamb\u00e9m. Recomendo vivamente a cl\u00ednica. Obrigado&#8221;, RT<\/strong><\/p>\n<p><strong>&#8220;Voc\u00eas s\u00e3o incr\u00edveis! Obrigado por tudo&#8221; RN<\/strong><\/p>\n<p><strong>&#8220;Todo esfa muy bien encuanto al proceso y ayuda a mi bebe&#8221; GR<\/strong><\/p>\n<p><strong>&#8220;Adoro tudo sobre a cl\u00ednica. Estive aqui tanto para as minhas gravidezes como para tudo foi \u00f3ptimo. Obrigado! YD<\/strong><\/p>\n<p>&#8220;<strong>Muito obrigado pelo maravilhoso apoio e cuidado que nos prestaram enquanto estivemos em Novato. S\u00e3o volunt\u00e1rios espantosos, e senti-me t\u00e3o \u00e0 vontade com todo o pessoal. Sinto-me muito aben\u00e7oado por vos ter encontrado, e gostaria que houvesse mais cl\u00ednicas como esta em todo o pa\u00eds. Apreciamos tanto tudo o que fazem pela comunidade&#8221;. RA<\/strong><\/p>\n<p><strong>&#8220;S\u00f3 tenho elogios a fazer! O pessoal \u00e9 IMPORTANTE! A cl\u00ednica fez-me sentir confort\u00e1vel e confiante. Estou triste por ter de dizer adeus&#8221;. LL<\/strong><\/p>\n<p><strong>&#8220;Quero partilhar o qu\u00e3o tocado estou pelos servi\u00e7os que est\u00e3o a oferecer \u00e0s Mamas e \u00e0 comunidade. Voc\u00eas s\u00e3o uma b\u00ean\u00e7\u00e3o na Terra! Obrigado&#8221;. Nome mantido privado<\/strong><\/p>\n<p><strong>\u201c Muito obrigado por me terem visitado. Lamento nunca ter voltado \u00e0 sua cl\u00ednica; a situa\u00e7\u00e3o de vida em que me encontrava era realmente insalubre, por isso mudei-me de volta para casa no Oregon com a minha fam\u00edlia. Tive um rapaz h\u00e1 duas semanas, ap\u00f3s uma cesariana de emerg\u00eancia. Ele \u00e9 um campe\u00e3o da amamenta\u00e7\u00e3o&#8221;! KC<\/strong><\/p>\n<p><strong>&#8220;A melhor experi\u00eancia de sempre!&#8221; AM<\/strong><\/p>\n<p><strong>&#8220;Esta foi a minha segunda vez aqui para cuidados obst\u00e9tricos; adoramos!&#8221; PE<\/strong><\/p>\n<p><strong>&#8220;Tudo foi espantoso. Apreciei especialmente os lembretes de marca\u00e7\u00e3o de texto&#8221;. JP<\/strong><\/p>\n<p><strong>&#8220;Vou ter saudades de todos. Voc\u00eas s\u00e3o fant\u00e1sticos&#8221;! Nome mantido privado<\/strong><\/p>\n<p><strong>&#8220;Continue a estar aqui para os outros! Nome mantido privado<\/strong><\/p>\n<p><strong>&#8220;Me gusta mucho el servicio son personas muy atentas y dedicada y me siento que soy muy importante para ellas con todas sus atenciones. Gracias&#8221;. (tradu\u00e7\u00e3o: Gosto muito do servi\u00e7o, o pessoal \u00e9 muito atencioso e dedicado, e sinto que sou muito importante para eles com todas as suas aten\u00e7\u00f5es. Obrigado). Nome mantido em privado<\/strong><\/p>\n<p><strong>&#8220;A Cl\u00ednica de Gravidez de Marin tem sido uma b\u00ean\u00e7\u00e3o t\u00e3o grande durante toda a minha gravidez. Senti-me confortado no momento em que entrei pelas suas portas de acomoda\u00e7\u00e3o. Nos meus momentos de medo, excita\u00e7\u00e3o, nervosismo, ansiedade e felicidade, os meus compromissos nesta cl\u00ednica foram sempre algo que eu esperava ansiosamente. Os membros do pessoal s\u00e3o realmente queridos e \u00e9 \u00f3bvio que n\u00e3o s\u00f3 sabem o que est\u00e3o a fazer, mas tamb\u00e9m adoram o seu trabalho. Eles s\u00e3o muito organizados e tornam tudo t\u00e3o f\u00e1cil para si. D\u00e3o-lhe o m\u00e1ximo de tempo e recursos que puderem, tal como s\u00e3o impulsionados por donativos e volunt\u00e1rios. Mal posso esperar para voltar e visit\u00e1-los com o meu filhote&#8221;. MA<\/strong><\/p>\n<p><strong>&#8220;Tem sido uma experi\u00eancia maravilhosa vir aqui e sempre me senti bem-vindo&#8221;. CA<\/strong><\/p>\n<p><strong>&#8220;Todos t\u00eam sido respeitosos e am\u00e1veis. Tive vergonha de pedir ajuda e descobri que ningu\u00e9m me maltratou e me fez sentir desconfort\u00e1vel. Muito obrigado&#8221;. Nome mantido privado<\/strong><\/p>\n<p><strong>&#8220;Para mi todo esta perfecto, tienenen el muy amable y estuve muy contenta y satisfecha con el servicio que me dieron&#8221;. JM<\/strong><\/p>\n<p><strong>&#8220;A MARIN PREGNANCY CLINIC foi espantosa. Obrigado a todos os que voluntariaram o seu tempo para torn\u00e1-lo poss\u00edvel. Obrigado&#8221;. Nome mantido privado<\/strong><\/p>\n<p><strong>&#8220;Os cuidados foram muito bons e todos t\u00e3o \u00fateis&#8221;. E.M.<\/strong><\/p>\n<p><strong>&#8220;Eu adoro esta cl\u00ednica e \u00e9 todo o pessoal&#8221;! M.P.<\/strong><\/p>\n<p><strong>&#8220;A MARIN PREGNANCY CLINIC foi uma experi\u00eancia maravilhosa&#8221;. J.P.<\/strong><\/p>\n<p><strong>&#8220;A MARIN PREGNANCY CLINIC tem sido t\u00e3o \u00fatil, com cortesia e respeito. Estou t\u00e3o feliz por estar a fazer o meu pr\u00e9-natal na cl\u00ednica&#8221;. Nome mantido privado<\/strong><\/p>\n<p><strong>&#8220;Voc\u00eas s\u00e3o todos espantosos!! Tornaram esta experi\u00eancia muito mais f\u00e1cil para mim! \u00c9 perfeita!&#8221;! C.M.<\/strong><\/p>\n<p><strong>&#8220;Foi uma experi\u00eancia t\u00e3o grande ser tratada na cl\u00ednica. Apreciar tanto esta cl\u00ednica. \u201c S.Y.<\/strong><\/p>\n<p><strong>&#8220;Tudo na cl\u00ednica foi excelente. Que Deus vos aben\u00e7oe sempre. Obrigado por tudo&#8221;. A.D.<\/strong><\/p>\n<p><strong>&#8220;Segundo a minha experi\u00eancia com a cl\u00ednica, eles cuidaram muito bem de mim&#8221;. R.M.<\/strong><\/p>\n<p><strong>&#8220;MARIN PREGNANCY CLINIC tem sido uma tremenda ajuda para mim e sinto verdadeiramente que eles d\u00e3o excelentes cuidados&#8221;.<br \/>\nNome mantido privado<\/strong><\/p>\n<p><strong>&#8220;Todos fizeram um trabalho espantoso! Muito am\u00e1vel e profissional. Obrigado&#8221;. S.G.<\/strong><\/p>\n<p><strong>&#8220;Todos aqui na cl\u00ednica foram fabulosos. Fizeram-me sentir extremamente confort\u00e1vel e bem cuidada&#8221;. J.G.<\/strong><\/p>\n","protected":false},"excerpt":{"rendered":"<p>&#8220;Tudo o que a cl\u00ednica forneceu foi perfeito, pessoal muito amig\u00e1vel e compreensivo tamb\u00e9m. Recomendo vivamente a cl\u00ednica. Obrigado&#8221;, RT &#8220;Voc\u00eas s\u00e3o incr\u00edveis! Obrigado por tudo&#8221; RN &#8220;Todo esfa muy bien encuanto al proceso y ayuda a mi bebe&#8221; GR &#8220;Adoro tudo sobre a cl\u00ednica. Estive aqui tanto para as minhas gravidezes como para tudo<\/p>\n","protected":false},"author":1,"featured_media":0,"parent":0,"menu_order":0,"comment_status":"closed","ping_status":"closed","template":"","meta":{"_acf_changed":false,"footnotes":""},"class_list":["post-902","page","type-page","status-publish","hentry"],"acf":[],"yoast_head":"<!-- This site is optimized with the Yoast SEO plugin v27.5 - https:\/\/yoast.com\/product\/yoast-seo-wordpress\/ -->\n<title>Testemunhos - Marin Pregnancy Clinic<\/title>\n<meta name=\"robots\" content=\"index, follow, max-snippet:-1, max-image-preview:large, max-video-preview:-1\" \/>\n<link rel=\"canonical\" href=\"https:\/\/marinpregnancyclinic.org\/pt-br\/testemunhos\/\" \/>\n<meta property=\"og:locale\" content=\"pt_BR\" \/>\n<meta property=\"og:type\" content=\"article\" \/>\n<meta property=\"og:title\" content=\"Testemunhos - Marin Pregnancy Clinic\" \/>\n<meta property=\"og:description\" content=\"&#8220;Tudo o que a cl\u00ednica forneceu foi perfeito, pessoal muito amig\u00e1vel e compreensivo tamb\u00e9m. Recomendo vivamente a cl\u00ednica. Obrigado&#8221;, RT &#8220;Voc\u00eas s\u00e3o incr\u00edveis! Obrigado por tudo&#8221; RN &#8220;Todo esfa muy bien encuanto al proceso y ayuda a mi bebe&#8221; GR &#8220;Adoro tudo sobre a cl\u00ednica. Estive aqui tanto para as minhas gravidezes como para tudo\" \/>\n<meta property=\"og:url\" content=\"https:\/\/marinpregnancyclinic.org\/pt-br\/testemunhos\/\" \/>\n<meta property=\"og:site_name\" content=\"Marin Pregnancy Clinic\" \/>\n<meta property=\"article:modified_time\" content=\"2022-11-10T10:05:55+00:00\" \/>\n<meta name=\"twitter:card\" content=\"summary_large_image\" \/>\n<meta name=\"twitter:label1\" content=\"Est. tempo de leitura\" \/>\n\t<meta name=\"twitter:data1\" content=\"4 minutos\" \/>\n<!-- \/ Yoast SEO plugin. -->","yoast_head_json":{"title":"Testemunhos - Marin Pregnancy Clinic","robots":{"index":"index","follow":"follow","max-snippet":"max-snippet:-1","max-image-preview":"max-image-preview:large","max-video-preview":"max-video-preview:-1"},"canonical":"https:\/\/marinpregnancyclinic.org\/pt-br\/testemunhos\/","og_locale":"pt_BR","og_type":"article","og_title":"Testemunhos - Marin Pregnancy Clinic","og_description":"&#8220;Tudo o que a cl\u00ednica forneceu foi perfeito, pessoal muito amig\u00e1vel e compreensivo tamb\u00e9m. Recomendo vivamente a cl\u00ednica. Obrigado&#8221;, RT &#8220;Voc\u00eas s\u00e3o incr\u00edveis! Obrigado por tudo&#8221; RN &#8220;Todo esfa muy bien encuanto al proceso y ayuda a mi bebe&#8221; GR &#8220;Adoro tudo sobre a cl\u00ednica. Estive aqui tanto para as minhas gravidezes como para tudo","og_url":"https:\/\/marinpregnancyclinic.org\/pt-br\/testemunhos\/","og_site_name":"Marin Pregnancy Clinic","article_modified_time":"2022-11-10T10:05:55+00:00","twitter_card":"summary_large_image","twitter_misc":{"Est. tempo de leitura":"4 minutos"},"schema":{"@context":"https:\/\/schema.org","@graph":[{"@type":"WebPage","@id":"https:\/\/marinpregnancyclinic.org\/pt-br\/testemunhos\/","url":"https:\/\/marinpregnancyclinic.org\/pt-br\/testemunhos\/","name":"Testemunhos - Marin Pregnancy Clinic","isPartOf":{"@id":"https:\/\/marinpregnancyclinic.org\/pt-br\/#website"},"datePublished":"2022-10-07T04:17:30+00:00","dateModified":"2022-11-10T10:05:55+00:00","breadcrumb":{"@id":"https:\/\/marinpregnancyclinic.org\/pt-br\/testemunhos\/#breadcrumb"},"inLanguage":"pt-BR","potentialAction":[{"@type":"ReadAction","target":["https:\/\/marinpregnancyclinic.org\/pt-br\/testemunhos\/"]}]},{"@type":"BreadcrumbList","@id":"https:\/\/marinpregnancyclinic.org\/pt-br\/testemunhos\/#breadcrumb","itemListElement":[{"@type":"ListItem","position":1,"name":"Home","item":"https:\/\/marinpregnancyclinic.org\/pt-br\/"},{"@type":"ListItem","position":2,"name":"Testemunhos"}]},{"@type":"WebSite","@id":"https:\/\/marinpregnancyclinic.org\/pt-br\/#website","url":"https:\/\/marinpregnancyclinic.org\/pt-br\/","name":"Marin Pregnancy Clinic","description":"","potentialAction":[{"@type":"SearchAction","target":{"@type":"EntryPoint","urlTemplate":"https:\/\/marinpregnancyclinic.org\/pt-br\/?s={search_term_string}"},"query-input":{"@type":"PropertyValueSpecification","valueRequired":true,"valueName":"search_term_string"}}],"inLanguage":"pt-BR"}]}},"_links":{"self":[{"href":"https:\/\/marinpregnancyclinic.org\/pt-br\/wp-json\/wp\/v2\/pages\/902","targetHints":{"allow":["GET"]}}],"collection":[{"href":"https:\/\/marinpregnancyclinic.org\/pt-br\/wp-json\/wp\/v2\/pages"}],"about":[{"href":"https:\/\/marinpregnancyclinic.org\/pt-br\/wp-json\/wp\/v2\/types\/page"}],"author":[{"embeddable":true,"href":"https:\/\/marinpregnancyclinic.org\/pt-br\/wp-json\/wp\/v2\/users\/1"}],"replies":[{"embeddable":true,"href":"https:\/\/marinpregnancyclinic.org\/pt-br\/wp-json\/wp\/v2\/comments?post=902"}],"version-history":[{"count":0,"href":"https:\/\/marinpregnancyclinic.org\/pt-br\/wp-json\/wp\/v2\/pages\/902\/revisions"}],"wp:attachment":[{"href":"https:\/\/marinpregnancyclinic.org\/pt-br\/wp-json\/wp\/v2\/media?parent=902"}],"curies":[{"name":"wp","href":"https:\/\/api.w.org\/{rel}","templated":true}]}}