{"id":903,"date":"2020-02-19T13:37:59","date_gmt":"2020-02-19T21:37:59","guid":{"rendered":"https:\/\/marinpregnancyclinic.org\/para-homens\/"},"modified":"2025-11-25T13:29:17","modified_gmt":"2025-11-25T21:29:17","slug":"para-homens","status":"publish","type":"page","link":"https:\/\/marinpregnancyclinic.org\/pt-br\/para-homens\/","title":{"rendered":"Para Homens"},"content":{"rendered":"<h2>&#8220;Acho que estou gr\u00e1vida&#8221;.<\/h2>\n<p>O seu parceiro acabou de anunciar que pensa que est\u00e1 gr\u00e1vida? Essas quatro palavras podem virar o seu mundo de pernas para o ar num instante. Estamos aqui para si se sentir press\u00e3o relativamente \u00e0 gravidez n\u00e3o planeada do seu parceiro. Afinal de contas, os homens tamb\u00e9m precisam de apoio.<\/p>\n<p>Primeiro, encorajem-na a marcar uma consulta para ambos na Cl\u00ednica de Gravidez de Marin. Come\u00e7ar com <a href=\"https:\/\/marinpregnancyclinic.org\/pt-br\/servicos\/teste-de-gravidez\/\" target=\"_blank\" rel=\"noopener\" data-wpel-link=\"internal\">testes de gravidez<\/a>, enfermagem, e uma <a href=\"https:\/\/marinpregnancyclinic.org\/pt-br\/servicos\/ultrasonografia\/\" target=\"_blank\" rel=\"noopener\" data-wpel-link=\"internal\">ultra-sonografia <\/a>. Estes s\u00e3o fornecidos sem qualquer custo. Podemos confirmar se ela est\u00e1 gr\u00e1vida ou n\u00e3o.<\/p>\n<h3>Os Do&#8217;s<\/h3>\n<ol>\n<li>Ou\u00e7am. A situa\u00e7\u00e3o envolve mais do que apenas voc\u00ea.<\/li>\n<li>Manter a calma. O seu parceiro precisa agora, mais do que nunca, do seu apoio.<\/li>\n<li>Fale sobre isso. Conversem uns com os outros e preparem-se para conversar com os pais e outras pessoas pr\u00f3ximas a voc\u00eas. Esconder as not\u00edcias de pessoas que podem genuinamente ajud\u00e1-lo s\u00f3 aumenta o stress.<\/li>\n<li>Re\u00fana os factos. Obter informa\u00e7\u00e3o e procurar conselho s\u00e1bio para tomar a melhor decis\u00e3o.<\/li>\n<li>Exprima-se honestamente. \u00c9 normal que voc\u00ea tenha sentimentos contradit\u00f3rios. Certifique-se de que a sua parceira sabe que n\u00e3o est\u00e1 sozinha.<\/li>\n<\/ol>\n<h3>Os Dont&#8217;s<\/h3>\n<ol>\n<li>N\u00e3o pague a fian\u00e7a. Quanto mais se foge disto, tanto mais dif\u00edcil se torna pensar e agir claramente.<\/li>\n<li>N\u00e3o a pressione. Aplicar press\u00e3o s\u00f3 a afastar\u00e1, possivelmente numa situa\u00e7\u00e3o lament\u00e1vel. Ambos precisam de trabalhar como uma equipa.<\/li>\n<li>N\u00e3o se esque\u00e7a. Tem um papel muito activo nesta situa\u00e7\u00e3o. Ou\u00e7a os seus coment\u00e1rios, bem como expresse os seus pensamentos.<\/li>\n<\/ol>\n<p>Voc\u00eas os dois podem ultrapassar isto. O seu parceiro precisa de si agora mais do que nunca. Pode dar-lhe o apoio de que ela necessita &#8211; emocional e fisicamente. Podemos oferecer-lhe tamb\u00e9m o apoio de que necessita.<\/p>\n<p>Fale hoje com os nossos enfermeiros num ambiente seguro e sem julgamentos. O nosso apoio \u00e9-lhe oferecido gratuitamente e \u00e9 totalmente confidencial.<\/p>\n<h2>O seu parceiro escolheu o aborto?<\/h2>\n<p>O stress p\u00f3s-aborto \u00e9 a incapacidade de processar o stress e as emo\u00e7\u00f5es associadas \u00e0 decis\u00e3o de aborto do seu parceiro. A tristeza e o stress podem ser reac\u00e7\u00f5es imediatas ou retardadas que podem surgir a qualquer momento da vida de uma pessoa. Quando ressurge, pode ser confuso, doloroso, e avassalador.<\/p>\n<p>Alguns homens experimentam fortes emo\u00e7\u00f5es negativas ap\u00f3s o aborto. Esta resposta psicol\u00f3gica \u00e9 conhecida como Stress P\u00f3s-Abortogn\u00f3stico (PAS). Os homens lutam contra o facto de lhes ser muitas vezes negado o direito de se envolverem em decis\u00f5es de aborto.<\/p>\n<p>Esta impot\u00eancia tem o seu pre\u00e7o n\u00e3o s\u00f3 na auto-imagem masculina, mas pode trazer conflito de pap\u00e9is, culpa excessiva, depress\u00e3o e, por vezes, o fim da rela\u00e7\u00e3o com o seu parceiro.<\/p>\n<p>A ajuda est\u00e1 dispon\u00edvel se estiver a sofrer um trauma p\u00f3s-aborto. Pode falar com um terapeuta, contactar um Grupo de Apoio P\u00f3s-Aborto, ou contactar a Cl\u00ednica de Gravidez Marin.<\/p>\n","protected":false},"excerpt":{"rendered":"<p>&#8220;Acho que estou gr\u00e1vida&#8221;. O seu parceiro acabou de anunciar que pensa que est\u00e1 gr\u00e1vida? Essas quatro palavras podem virar o seu mundo de pernas para o ar num instante. Estamos aqui para si se sentir press\u00e3o relativamente \u00e0 gravidez n\u00e3o planeada do seu parceiro. Afinal de contas, os homens tamb\u00e9m precisam de apoio. Primeiro,<\/p>\n","protected":false},"author":1,"featured_media":799,"parent":0,"menu_order":0,"comment_status":"closed","ping_status":"closed","template":"","meta":{"_acf_changed":false,"footnotes":""},"class_list":["post-903","page","type-page","status-publish","has-post-thumbnail","hentry"],"acf":[],"yoast_head":"<!-- This site is optimized with the Yoast SEO plugin v27.3 - https:\/\/yoast.com\/product\/yoast-seo-wordpress\/ -->\n<title>Para Homens - Marin Pregnancy Clinic<\/title>\n<meta name=\"robots\" content=\"index, follow, max-snippet:-1, max-image-preview:large, max-video-preview:-1\" \/>\n<link rel=\"canonical\" href=\"https:\/\/marinpregnancyclinic.org\/pt-br\/para-homens\/\" \/>\n<meta property=\"og:locale\" content=\"pt_BR\" \/>\n<meta property=\"og:type\" content=\"article\" \/>\n<meta property=\"og:title\" content=\"Para Homens - Marin Pregnancy Clinic\" \/>\n<meta property=\"og:description\" content=\"&#8220;Acho que estou gr\u00e1vida&#8221;. O seu parceiro acabou de anunciar que pensa que est\u00e1 gr\u00e1vida? Essas quatro palavras podem virar o seu mundo de pernas para o ar num instante. Estamos aqui para si se sentir press\u00e3o relativamente \u00e0 gravidez n\u00e3o planeada do seu parceiro. Afinal de contas, os homens tamb\u00e9m precisam de apoio. Primeiro,\" \/>\n<meta property=\"og:url\" content=\"https:\/\/marinpregnancyclinic.org\/pt-br\/para-homens\/\" \/>\n<meta property=\"og:site_name\" content=\"Marin Pregnancy Clinic\" \/>\n<meta property=\"article:modified_time\" content=\"2025-11-25T21:29:17+00:00\" \/>\n<meta property=\"og:image\" content=\"https:\/\/marinpregnancyclinic.org\/wp-content\/uploads\/2020\/02\/s-a-r-a-h-s-h-a-r-p-973486-unsplash-scaled-1-e1764106248341.jpg\" \/>\n\t<meta property=\"og:image:width\" content=\"602\" \/>\n\t<meta property=\"og:image:height\" content=\"400\" \/>\n\t<meta property=\"og:image:type\" content=\"image\/jpeg\" \/>\n<meta name=\"twitter:card\" content=\"summary_large_image\" \/>\n<meta name=\"twitter:label1\" content=\"Est. tempo de leitura\" \/>\n\t<meta name=\"twitter:data1\" content=\"3 minutos\" \/>\n<!-- \/ Yoast SEO plugin. -->","yoast_head_json":{"title":"Para Homens - Marin Pregnancy Clinic","robots":{"index":"index","follow":"follow","max-snippet":"max-snippet:-1","max-image-preview":"max-image-preview:large","max-video-preview":"max-video-preview:-1"},"canonical":"https:\/\/marinpregnancyclinic.org\/pt-br\/para-homens\/","og_locale":"pt_BR","og_type":"article","og_title":"Para Homens - Marin Pregnancy Clinic","og_description":"&#8220;Acho que estou gr\u00e1vida&#8221;. O seu parceiro acabou de anunciar que pensa que est\u00e1 gr\u00e1vida? Essas quatro palavras podem virar o seu mundo de pernas para o ar num instante. Estamos aqui para si se sentir press\u00e3o relativamente \u00e0 gravidez n\u00e3o planeada do seu parceiro. Afinal de contas, os homens tamb\u00e9m precisam de apoio. Primeiro,","og_url":"https:\/\/marinpregnancyclinic.org\/pt-br\/para-homens\/","og_site_name":"Marin Pregnancy Clinic","article_modified_time":"2025-11-25T21:29:17+00:00","og_image":[{"width":602,"height":400,"url":"https:\/\/marinpregnancyclinic.org\/wp-content\/uploads\/2020\/02\/s-a-r-a-h-s-h-a-r-p-973486-unsplash-scaled-1-e1764106248341.jpg","type":"image\/jpeg"}],"twitter_card":"summary_large_image","twitter_misc":{"Est. tempo de leitura":"3 minutos"},"schema":{"@context":"https:\/\/schema.org","@graph":[{"@type":"WebPage","@id":"https:\/\/marinpregnancyclinic.org\/pt-br\/para-homens\/","url":"https:\/\/marinpregnancyclinic.org\/pt-br\/para-homens\/","name":"Para Homens - Marin Pregnancy Clinic","isPartOf":{"@id":"https:\/\/marinpregnancyclinic.org\/pt-br\/#website"},"primaryImageOfPage":{"@id":"https:\/\/marinpregnancyclinic.org\/pt-br\/para-homens\/#primaryimage"},"image":{"@id":"https:\/\/marinpregnancyclinic.org\/pt-br\/para-homens\/#primaryimage"},"thumbnailUrl":"https:\/\/marinpregnancyclinic.org\/wp-content\/uploads\/2020\/02\/s-a-r-a-h-s-h-a-r-p-973486-unsplash-scaled-1-e1764106248341.jpg","datePublished":"2020-02-19T21:37:59+00:00","dateModified":"2025-11-25T21:29:17+00:00","breadcrumb":{"@id":"https:\/\/marinpregnancyclinic.org\/pt-br\/para-homens\/#breadcrumb"},"inLanguage":"pt-BR","potentialAction":[{"@type":"ReadAction","target":["https:\/\/marinpregnancyclinic.org\/pt-br\/para-homens\/"]}]},{"@type":"ImageObject","inLanguage":"pt-BR","@id":"https:\/\/marinpregnancyclinic.org\/pt-br\/para-homens\/#primaryimage","url":"https:\/\/marinpregnancyclinic.org\/wp-content\/uploads\/2020\/02\/s-a-r-a-h-s-h-a-r-p-973486-unsplash-scaled-1-e1764106248341.jpg","contentUrl":"https:\/\/marinpregnancyclinic.org\/wp-content\/uploads\/2020\/02\/s-a-r-a-h-s-h-a-r-p-973486-unsplash-scaled-1-e1764106248341.jpg","width":602,"height":400},{"@type":"BreadcrumbList","@id":"https:\/\/marinpregnancyclinic.org\/pt-br\/para-homens\/#breadcrumb","itemListElement":[{"@type":"ListItem","position":1,"name":"Home","item":"https:\/\/marinpregnancyclinic.org\/pt-br\/"},{"@type":"ListItem","position":2,"name":"Para Homens"}]},{"@type":"WebSite","@id":"https:\/\/marinpregnancyclinic.org\/pt-br\/#website","url":"https:\/\/marinpregnancyclinic.org\/pt-br\/","name":"Marin Pregnancy Clinic","description":"","potentialAction":[{"@type":"SearchAction","target":{"@type":"EntryPoint","urlTemplate":"https:\/\/marinpregnancyclinic.org\/pt-br\/?s={search_term_string}"},"query-input":{"@type":"PropertyValueSpecification","valueRequired":true,"valueName":"search_term_string"}}],"inLanguage":"pt-BR"}]}},"_links":{"self":[{"href":"https:\/\/marinpregnancyclinic.org\/pt-br\/wp-json\/wp\/v2\/pages\/903","targetHints":{"allow":["GET"]}}],"collection":[{"href":"https:\/\/marinpregnancyclinic.org\/pt-br\/wp-json\/wp\/v2\/pages"}],"about":[{"href":"https:\/\/marinpregnancyclinic.org\/pt-br\/wp-json\/wp\/v2\/types\/page"}],"author":[{"embeddable":true,"href":"https:\/\/marinpregnancyclinic.org\/pt-br\/wp-json\/wp\/v2\/users\/1"}],"replies":[{"embeddable":true,"href":"https:\/\/marinpregnancyclinic.org\/pt-br\/wp-json\/wp\/v2\/comments?post=903"}],"version-history":[{"count":2,"href":"https:\/\/marinpregnancyclinic.org\/pt-br\/wp-json\/wp\/v2\/pages\/903\/revisions"}],"predecessor-version":[{"id":1148,"href":"https:\/\/marinpregnancyclinic.org\/pt-br\/wp-json\/wp\/v2\/pages\/903\/revisions\/1148"}],"wp:featuredmedia":[{"embeddable":true,"href":"https:\/\/marinpregnancyclinic.org\/pt-br\/wp-json\/wp\/v2\/media\/799"}],"wp:attachment":[{"href":"https:\/\/marinpregnancyclinic.org\/pt-br\/wp-json\/wp\/v2\/media?parent=903"}],"curies":[{"name":"wp","href":"https:\/\/api.w.org\/{rel}","templated":true}]}}